{"id":738,"date":"2023-09-11T11:54:43","date_gmt":"2023-09-11T11:54:43","guid":{"rendered":"https:\/\/bqeye.com\/?post_type=product&#038;p=738"},"modified":"2024-04-18T02:22:56","modified_gmt":"2024-04-18T02:22:56","slug":"bqeye-polar-lights-blue-colored-contact-lenses","status":"publish","type":"product","link":"https:\/\/bqeye.com\/fr\/bqeye-polar-lights-blue-colored-contact-lenses\/","title":{"rendered":"Lentilles de contact color\u00e9es bleues BQeye Polar Lights"},"content":{"rendered":"<p>Retrouvez la magie glac\u00e9e des mers arctiques avec les lentilles de contact color\u00e9es Polar Lights Blue de BQeye.<\/p>\n<p>S'inspirant des teintes vives et tranquilles des fjords glac\u00e9s sous les aurores bor\u00e9ales, cette teinte bleue envo\u00fbtante imite la beaut\u00e9 \u00e9th\u00e9r\u00e9e qui se refl\u00e8te dans les eaux de l'Arctique. Qu'il s'agisse de souligner les nuances naturelles ou d'opter pour une transformation saisissante, Polar Lights Blue conf\u00e8re aux yeux une mystique aussi profonde que l'oc\u00e9an nordique.<\/p>\n<p>Fabriqu\u00e9es \u00e0 partir du mat\u00e9riau innovant Hydrolane, ces lentilles offrent un confort tout au long de la journ\u00e9e, associ\u00e9 \u00e0 une illusion de couleur aussi apaisante qu'envo\u00fbtante. La formule avanc\u00e9e prot\u00e8ge \u00e9galement les yeux des agressions ext\u00e9rieures, afin que les porteurs puissent s'abandonner \u00e0 leur propre sens de l'\u00e9merveillement.<\/p>\n<p>Lors des tests du produit, les commentaires ont afflu\u00e9 sur l'allure \"glac\u00e9e mais vibrante\" que les yeux avaient d\u00e9sormais. Les porteurs ont d\u00e9clar\u00e9 se sentir myst\u00e9rieusement apais\u00e9s - aussi calmes et lumineux que l'Arctique lui-m\u00eame.<\/p>\n<p>Laissez les lentilles de contact color\u00e9es BQeye Polar Lights Blue vous transporter chaque jour dans un monde de majest\u00e9 glac\u00e9e. Ajoutez une touche de beaut\u00e9 spectrale \u00e0 chaque look avec des lentilles aussi fascinantes et durables que les aurores bor\u00e9ales au-dessus de la mer.<\/p>","protected":false},"excerpt":{"rendered":"<p>Channel the frozen magic of the Arctic seas with BQeye&#8217;s Polar Lights Blue colored contact lenses. Drawing from the vivid yet tranquil hues of icy fjords under the aurora borealis, this mesmerizing blue shade mimics the ethereal beauty reflected across Arctic waters. Whether choosing to highlight natural undertones or opt for a striking transformation, Polar [&#8230;]\n","protected":false},"featured_media":741,"comment_status":"open","ping_status":"closed","template":"","meta":[],"product_brand":[],"product_cat":[106,91,75,96,98],"product_tag":[],"class_list":{"0":"post-738","1":"product","2":"type-product","3":"status-publish","4":"has-post-thumbnail","6":"product_cat-polar-lights","7":"product_cat-14-2-mm","8":"product_cat-blue-contact-lenses","9":"product_cat-non-prescription","10":"product_cat-yearly-disposable","12":"first","13":"instock","14":"sale","15":"shipping-taxable","16":"purchasable","17":"product-type-variable","18":"has-default-attributes"},"_links":{"self":[{"href":"https:\/\/bqeye.com\/fr\/wp-json\/wp\/v2\/product\/738","targetHints":{"allow":["GET"]}}],"collection":[{"href":"https:\/\/bqeye.com\/fr\/wp-json\/wp\/v2\/product"}],"about":[{"href":"https:\/\/bqeye.com\/fr\/wp-json\/wp\/v2\/types\/product"}],"replies":[{"embeddable":true,"href":"https:\/\/bqeye.com\/fr\/wp-json\/wp\/v2\/comments?post=738"}],"wp:featuredmedia":[{"embeddable":true,"href":"https:\/\/bqeye.com\/fr\/wp-json\/wp\/v2\/media\/741"}],"wp:attachment":[{"href":"https:\/\/bqeye.com\/fr\/wp-json\/wp\/v2\/media?parent=738"}],"wp:term":[{"taxonomy":"product_brand","embeddable":true,"href":"https:\/\/bqeye.com\/fr\/wp-json\/wp\/v2\/product_brand?post=738"},{"taxonomy":"product_cat","embeddable":true,"href":"https:\/\/bqeye.com\/fr\/wp-json\/wp\/v2\/product_cat?post=738"},{"taxonomy":"product_tag","embeddable":true,"href":"https:\/\/bqeye.com\/fr\/wp-json\/wp\/v2\/product_tag?post=738"}],"curies":[{"name":"wp","href":"https:\/\/api.w.org\/{rel}","templated":true}]}}