{"id":746,"date":"2023-09-11T12:08:50","date_gmt":"2023-09-11T12:08:50","guid":{"rendered":"https:\/\/bqeye.com\/?post_type=product&#038;p=746"},"modified":"2024-04-18T02:22:53","modified_gmt":"2024-04-18T02:22:53","slug":"bqeye-polar-lights-blue-grey-colored-contact-lenses","status":"publish","type":"product","link":"https:\/\/bqeye.com\/fr\/bqeye-polar-lights-blue-grey-colored-contact-lenses\/","title":{"rendered":"Lentilles de contact color\u00e9es BQeye Polar Lights Blue Grey"},"content":{"rendered":"<p>Retrouvez l'immensit\u00e9 apaisante des cieux arctiques avec les lentilles de contact color\u00e9es Polar Lights Blue Grey de BQeye.<\/p>\n<p>S'inspirant des majestueux nuages d'hiver illumin\u00e9s par les aurores bor\u00e9ales, cette teinte bleu-gris apaisante imite la beaut\u00e9 \u00e9th\u00e9r\u00e9e qui se refl\u00e8te dans les horizons nordiques. Qu'il s'agisse de rehausser les tons froids ou d'opter pour une transformation accrocheuse, les lentilles de contact color\u00e9es Polar Lights Blue Grey enveloppent les yeux de myst\u00e8res aussi infinis que le firmament arctique.<\/p>\n<p>Fabriqu\u00e9es \u00e0 partir du mat\u00e9riau respirant Hydrosphere, ces lentilles offrent un confort tout au long de la journ\u00e9e, associ\u00e9 \u00e0 une illusion de couleur aussi sereine que les cieux ouverts. La formule sp\u00e9cialis\u00e9e prot\u00e8ge \u00e9galement la vision pendant les longues nuits d'hiver, afin que les porteurs puissent s'immerger dans les merveilles inou\u00efes du ciel.<\/p>\n<p>Lors des tests du produit, les compliments ont soulign\u00e9 l'allure \"apaisante et captivante\" des yeux. Les personnes qui l'ont port\u00e9 ont d\u00e9clar\u00e9 se sentir myst\u00e9rieusement apais\u00e9es - aussi vastes et lumineuses que le paysage arctique.<\/p>\n<p>Laissez les lentilles de contact color\u00e9es BQeye Polar Lights Blue Grey vous transporter chaque jour dans un monde d'immensit\u00e9 hivernale. Ajoutez une touche de beaut\u00e9 spectrale \u00e0 chaque look avec des lentilles aussi hypnotiques et r\u00e9confortantes que la magie de la nature dans les cieux arctiques.<\/p>","protected":false},"excerpt":{"rendered":"<p>Channel the calming vastness of Arctic skies with BQeye&#8217;s Polar Lights Blue Grey colored contact lenses. Drawing inspiration from majestic winter clouds illuminated by the aurora borealis, this soothing blue-grey shade mimics the ethereal beauty reflected across northern horizons. Whether choosing to enhance cool undertones or opt for an eye-catching transformation, Polar Lights Blue Grey [&#8230;]\n","protected":false},"featured_media":754,"comment_status":"open","ping_status":"closed","template":"","meta":[],"product_brand":[],"product_cat":[106,91,75,81,96,98],"product_tag":[],"class_list":{"0":"post-746","1":"product","2":"type-product","3":"status-publish","4":"has-post-thumbnail","6":"product_cat-polar-lights","7":"product_cat-14-2-mm","8":"product_cat-blue-contact-lenses","9":"product_cat-grey-contact-lenses","10":"product_cat-non-prescription","11":"product_cat-yearly-disposable","13":"first","14":"instock","15":"sale","16":"shipping-taxable","17":"purchasable","18":"product-type-variable","19":"has-default-attributes"},"_links":{"self":[{"href":"https:\/\/bqeye.com\/fr\/wp-json\/wp\/v2\/product\/746","targetHints":{"allow":["GET"]}}],"collection":[{"href":"https:\/\/bqeye.com\/fr\/wp-json\/wp\/v2\/product"}],"about":[{"href":"https:\/\/bqeye.com\/fr\/wp-json\/wp\/v2\/types\/product"}],"replies":[{"embeddable":true,"href":"https:\/\/bqeye.com\/fr\/wp-json\/wp\/v2\/comments?post=746"}],"wp:featuredmedia":[{"embeddable":true,"href":"https:\/\/bqeye.com\/fr\/wp-json\/wp\/v2\/media\/754"}],"wp:attachment":[{"href":"https:\/\/bqeye.com\/fr\/wp-json\/wp\/v2\/media?parent=746"}],"wp:term":[{"taxonomy":"product_brand","embeddable":true,"href":"https:\/\/bqeye.com\/fr\/wp-json\/wp\/v2\/product_brand?post=746"},{"taxonomy":"product_cat","embeddable":true,"href":"https:\/\/bqeye.com\/fr\/wp-json\/wp\/v2\/product_cat?post=746"},{"taxonomy":"product_tag","embeddable":true,"href":"https:\/\/bqeye.com\/fr\/wp-json\/wp\/v2\/product_tag?post=746"}],"curies":[{"name":"wp","href":"https:\/\/api.w.org\/{rel}","templated":true}]}}