{"id":768,"date":"2023-09-11T13:51:20","date_gmt":"2023-09-11T13:51:20","guid":{"rendered":"https:\/\/bqeye.com\/?post_type=product&#038;p=768"},"modified":"2024-04-18T02:22:49","modified_gmt":"2024-04-18T02:22:49","slug":"bqeye-cocktail-greyhound-colored-contact-lenses","status":"publish","type":"product","link":"https:\/\/bqeye.com\/fr\/bqeye-cocktail-greyhound-colored-contact-lenses\/","title":{"rendered":"Lentilles de contact color\u00e9es BQeye Cocktail Greyhound"},"content":{"rendered":"<p>Ajoutez une touche de sophistication \u00e0 votre look avec les lentilles de contact color\u00e9es Cocktail Greyhound de BQeye, inspir\u00e9es du cocktail embl\u00e9matique du m\u00eame nom.<\/p>\n<p>Avec des nuances subtiles mais vives qui imitent la teinte gris p\u00e2le du jus de pamplemousse frais combin\u00e9 \u00e0 la vodka, ces lentilles font ressortir les yeux avec un look qui est chic sans effort. Qu'il s'agisse de rehausser des tons naturels ou d'opter pour un changement plus audacieux, les lentilles Cocktail Greyhound conf\u00e8rent aux yeux une touche rafra\u00eechissante de charme \u00e0 l'heure de l'ap\u00e9ritif.<\/p>\n<p>Fabriqu\u00e9es \u00e0 partir d'un mat\u00e9riau hydrogel respirant, ces lentilles privil\u00e9gient le confort tout au long de la journ\u00e9e ainsi qu'un changement de couleur polyvalent. Leur formule de pointe prot\u00e8ge \u00e9galement les yeux des agressions ext\u00e9rieures, garantissant une vision aussi claire que le simple cocktail lui-m\u00eame.<\/p>\n<p>Lors des tests de march\u00e9, les porteurs ont d\u00e9clar\u00e9 se sentir naturellement \u00e9l\u00e9gants, gr\u00e2ce \u00e0 une simple touche de gris ajout\u00e9e \u00e0 leur regard. Comme la boisson intemporelle elle-m\u00eame, les lentilles de contact color\u00e9es Cocktail Greyhound Grey sont destin\u00e9es \u00e0 devenir une r\u00e9f\u00e9rence pour am\u00e9liorer les looks de tous les jours avec un flair sans effort.<\/p>\n<p>Ajoutez du piquant \u00e0 votre style avec une touche d'inspiration cocktail de BQeye. Commandez d\u00e8s maintenant vos lentilles Cocktail Greyhound pour ajouter une allure rafra\u00eechissante \u00e0 votre look, aussi embl\u00e9matique que la boisson qui porte son nom.<\/p>","protected":false},"excerpt":{"rendered":"<p>Add a touch of sophistication to your look with BQeye&#8217;s Cocktail Greyhound colored contact lenses, inspired by the iconic cocktail of the same name. With subtle yet lively undertones that mimic the pale grey hue of fresh grapefruit juice combined with crisp vodka, these lenses bring out the eyes with a look that is effortlessly [&#8230;]\n","protected":false},"featured_media":775,"comment_status":"open","ping_status":"closed","template":"","meta":[],"product_brand":[],"product_cat":[137,91,81,96,98],"product_tag":[],"class_list":{"0":"post-768","1":"product","2":"type-product","3":"status-publish","4":"has-post-thumbnail","6":"product_cat-cocktail","7":"product_cat-14-2-mm","8":"product_cat-grey-contact-lenses","9":"product_cat-non-prescription","10":"product_cat-yearly-disposable","12":"first","13":"instock","14":"sale","15":"shipping-taxable","16":"purchasable","17":"product-type-variable","18":"has-default-attributes"},"_links":{"self":[{"href":"https:\/\/bqeye.com\/fr\/wp-json\/wp\/v2\/product\/768","targetHints":{"allow":["GET"]}}],"collection":[{"href":"https:\/\/bqeye.com\/fr\/wp-json\/wp\/v2\/product"}],"about":[{"href":"https:\/\/bqeye.com\/fr\/wp-json\/wp\/v2\/types\/product"}],"replies":[{"embeddable":true,"href":"https:\/\/bqeye.com\/fr\/wp-json\/wp\/v2\/comments?post=768"}],"wp:featuredmedia":[{"embeddable":true,"href":"https:\/\/bqeye.com\/fr\/wp-json\/wp\/v2\/media\/775"}],"wp:attachment":[{"href":"https:\/\/bqeye.com\/fr\/wp-json\/wp\/v2\/media?parent=768"}],"wp:term":[{"taxonomy":"product_brand","embeddable":true,"href":"https:\/\/bqeye.com\/fr\/wp-json\/wp\/v2\/product_brand?post=768"},{"taxonomy":"product_cat","embeddable":true,"href":"https:\/\/bqeye.com\/fr\/wp-json\/wp\/v2\/product_cat?post=768"},{"taxonomy":"product_tag","embeddable":true,"href":"https:\/\/bqeye.com\/fr\/wp-json\/wp\/v2\/product_tag?post=768"}],"curies":[{"name":"wp","href":"https:\/\/api.w.org\/{rel}","templated":true}]}}