{"id":777,"date":"2023-09-11T14:05:27","date_gmt":"2023-09-11T14:05:27","guid":{"rendered":"https:\/\/bqeye.com\/?post_type=product&#038;p=777"},"modified":"2024-04-18T02:22:45","modified_gmt":"2024-04-18T02:22:45","slug":"bqeye-cocktail-blue-margarita-colored-contact-lenses","status":"publish","type":"product","link":"https:\/\/bqeye.com\/fr\/bqeye-cocktail-blue-margarita-colored-contact-lenses\/","title":{"rendered":"Lentilles de contact color\u00e9es BQeye Cocktail Blue Margarita"},"content":{"rendered":"<div>Faites p\u00e9tiller votre style avec une touche de couleur Cocktail Blue Margarita de BQeye.<\/div>\n<div><\/div>\n<div>Inspir\u00e9es par les bleus glac\u00e9s du cocktail de tequila classique, ces lentilles de contact color\u00e9es donnent aux yeux une teinte vive et rafra\u00eechissante. Qu'il s'agisse de compl\u00e9ter des tons naturels ou d'opter pour une transformation \u00e9blouissante, Cocktail Blue Margarita enveloppe les yeux d'un regard qui crie \"\u00a1Viva la fiesta !\".<\/div>\n<div><\/div>\n<div>Fabriqu\u00e9es \u00e0 partir d'un mat\u00e9riau HEMA l\u00e9ger, les lentilles maintiennent l'illusion de couleurs vives tout en privil\u00e9giant la respirabilit\u00e9 et le confort tout au long de la journ\u00e9e. Leur formule avanc\u00e9e prot\u00e8ge \u00e9galement les yeux d\u00e9licats des irritants environnementaux, afin que les porteurs puissent faire la f\u00eate avec abandon toute la nuit.<\/div>\n<div><\/div>\n<div>Lors des tests du produit, les compliments ont soulign\u00e9 l'allure \u00e0 la fois piquante et rafra\u00eechissante des yeux. Les personnes qui les ont port\u00e9es ont d\u00e9clar\u00e9 qu'elles se sentaient merveilleusement enjou\u00e9es - aussi vivantes et app\u00e9tissantes que la boisson embl\u00e9matique elle-m\u00eame.<\/div>\n<div><\/div>\n<div>Laissez les lentilles de contact color\u00e9es BQeye Cocktail Blue Margarita vous transporter chaque jour dans un lieu de plaisir estival. Ajoutez une inspiration cocktail \u00e9tonnante \u00e0 chaque look avec des lentilles aussi vibrantes et effervescentes que la liqueur et les citrons verts. \u00a1Salud !<\/div>","protected":false},"excerpt":{"rendered":"<p>Spark your style with a splash of Cocktail Blue Margarita color from BQeye. Inspired by the icy blues of the classic tequila cocktail, these colored contact lenses infuse eyes with a crisp and refreshing hue. Whether complementing natural tones or opting for a dazzling transformation, Cocktail Blue Margarita wraps the eyes in a look that [&#8230;]\n","protected":false},"featured_media":782,"comment_status":"open","ping_status":"closed","template":"","meta":[],"product_brand":[],"product_cat":[137,91,75,96,98],"product_tag":[],"class_list":{"0":"post-777","1":"product","2":"type-product","3":"status-publish","4":"has-post-thumbnail","6":"product_cat-cocktail","7":"product_cat-14-2-mm","8":"product_cat-blue-contact-lenses","9":"product_cat-non-prescription","10":"product_cat-yearly-disposable","12":"first","13":"instock","14":"sale","15":"shipping-taxable","16":"purchasable","17":"product-type-variable","18":"has-default-attributes"},"_links":{"self":[{"href":"https:\/\/bqeye.com\/fr\/wp-json\/wp\/v2\/product\/777","targetHints":{"allow":["GET"]}}],"collection":[{"href":"https:\/\/bqeye.com\/fr\/wp-json\/wp\/v2\/product"}],"about":[{"href":"https:\/\/bqeye.com\/fr\/wp-json\/wp\/v2\/types\/product"}],"replies":[{"embeddable":true,"href":"https:\/\/bqeye.com\/fr\/wp-json\/wp\/v2\/comments?post=777"}],"wp:featuredmedia":[{"embeddable":true,"href":"https:\/\/bqeye.com\/fr\/wp-json\/wp\/v2\/media\/782"}],"wp:attachment":[{"href":"https:\/\/bqeye.com\/fr\/wp-json\/wp\/v2\/media?parent=777"}],"wp:term":[{"taxonomy":"product_brand","embeddable":true,"href":"https:\/\/bqeye.com\/fr\/wp-json\/wp\/v2\/product_brand?post=777"},{"taxonomy":"product_cat","embeddable":true,"href":"https:\/\/bqeye.com\/fr\/wp-json\/wp\/v2\/product_cat?post=777"},{"taxonomy":"product_tag","embeddable":true,"href":"https:\/\/bqeye.com\/fr\/wp-json\/wp\/v2\/product_tag?post=777"}],"curies":[{"name":"wp","href":"https:\/\/api.w.org\/{rel}","templated":true}]}}