{"id":785,"date":"2023-09-11T14:22:37","date_gmt":"2023-09-11T14:22:37","guid":{"rendered":"https:\/\/bqeye.com\/?post_type=product&#038;p=785"},"modified":"2024-04-18T02:22:42","modified_gmt":"2024-04-18T02:22:42","slug":"bqeye-cocktail-chocolate-martini-colored-contact-lenses","status":"publish","type":"product","link":"https:\/\/bqeye.com\/fr\/bqeye-cocktail-chocolate-martini-colored-contact-lenses\/","title":{"rendered":"Lentilles de contact color\u00e9es BQeye Cocktail Chocolate Martini"},"content":{"rendered":"<p>Offrez \u00e0 vos yeux la richesse du chocolat avec les lentilles de contact color\u00e9es Cocktail Chocolate Martini de BQeye.<\/p>\n<p>S'inspirant des tons doux et sombres du cocktail pr\u00e9f\u00e9r\u00e9 de tous, ces lentilles enveloppent les yeux d'un look aussi d\u00e9cadent qu'audacieux. Qu'il s'agisse d'accentuer les teintes brunes naturelles ou d'opter pour une transformation compl\u00e8te, les lentilles Cocktail Chocolate Martini conf\u00e8rent aux yeux un regard intens\u00e9ment luxueux.<\/p>\n<p>Fabriqu\u00e9es \u00e0 partir d'un hydrogel qui bloque l'humidit\u00e9, ces lentilles procurent hydratation et confort, ainsi qu'un changement de couleur hypnotique. Leur formule avanc\u00e9e prot\u00e8ge \u00e9galement les yeux des agressions ext\u00e9rieures, afin que les porteurs puissent s'immerger dans un plaisir riche tout au long de la journ\u00e9e.<\/p>\n<p>Lors des essais aupr\u00e8s des consommateurs, les compliments ont fus\u00e9 quant \u00e0 l'allure \"somptueuse et sinueuse\" qui se d\u00e9gage d\u00e9sormais des yeux. Les porteurs ont d\u00e9clar\u00e9 se sentir somptueusement captivants - aussi d\u00e9cadents et irr\u00e9sistibles que le cocktail classique lui-m\u00eame.<\/p>\n<p>Faites plaisir \u00e0 votre gourmandise et \u00e0 votre style avec les lentilles de contact color\u00e9es BQeye Cocktail Chocolate Martini. Ajoutez une touche exotique \u00e0 votre look gr\u00e2ce \u00e0 des lentilles de contact aux couleurs aussi riches et all\u00e9chantes que le d\u00e9lice chocolat\u00e9 qui porte son nom. Delizioso !<\/p>","protected":false},"excerpt":{"rendered":"<p>Indulge your eyes in the richness of chocolate with BQeye&#8217;s Cocktail Chocolate Martini colored contact lenses. Taking inspiration from the smooth, dark tones of everyone&#8217;s favorite cocktail confection, these lenses wrap eyes in a look that is as decadent as it is daring. Whether accentuating natural brown hues or opting for a full transformation, Cocktail [&#8230;]\n","protected":false},"featured_media":793,"comment_status":"open","ping_status":"closed","template":"","meta":[],"product_brand":[],"product_cat":[137,91,80,96,98],"product_tag":[],"class_list":{"0":"post-785","1":"product","2":"type-product","3":"status-publish","4":"has-post-thumbnail","6":"product_cat-cocktail","7":"product_cat-14-2-mm","8":"product_cat-brown-contact-lenses","9":"product_cat-non-prescription","10":"product_cat-yearly-disposable","12":"first","13":"instock","14":"sale","15":"shipping-taxable","16":"purchasable","17":"product-type-variable","18":"has-default-attributes"},"_links":{"self":[{"href":"https:\/\/bqeye.com\/fr\/wp-json\/wp\/v2\/product\/785","targetHints":{"allow":["GET"]}}],"collection":[{"href":"https:\/\/bqeye.com\/fr\/wp-json\/wp\/v2\/product"}],"about":[{"href":"https:\/\/bqeye.com\/fr\/wp-json\/wp\/v2\/types\/product"}],"replies":[{"embeddable":true,"href":"https:\/\/bqeye.com\/fr\/wp-json\/wp\/v2\/comments?post=785"}],"wp:featuredmedia":[{"embeddable":true,"href":"https:\/\/bqeye.com\/fr\/wp-json\/wp\/v2\/media\/793"}],"wp:attachment":[{"href":"https:\/\/bqeye.com\/fr\/wp-json\/wp\/v2\/media?parent=785"}],"wp:term":[{"taxonomy":"product_brand","embeddable":true,"href":"https:\/\/bqeye.com\/fr\/wp-json\/wp\/v2\/product_brand?post=785"},{"taxonomy":"product_cat","embeddable":true,"href":"https:\/\/bqeye.com\/fr\/wp-json\/wp\/v2\/product_cat?post=785"},{"taxonomy":"product_tag","embeddable":true,"href":"https:\/\/bqeye.com\/fr\/wp-json\/wp\/v2\/product_tag?post=785"}],"curies":[{"name":"wp","href":"https:\/\/api.w.org\/{rel}","templated":true}]}}