{"id":794,"date":"2023-09-11T14:36:57","date_gmt":"2023-09-11T14:36:57","guid":{"rendered":"https:\/\/bqeye.com\/?post_type=product&#038;p=794"},"modified":"2024-04-18T02:22:39","modified_gmt":"2024-04-18T02:22:39","slug":"bqeye-cocktail-green-hornet-colored-contact-lenses","status":"publish","type":"product","link":"https:\/\/bqeye.com\/fr\/bqeye-cocktail-green-hornet-colored-contact-lenses\/","title":{"rendered":"Lentilles de contact color\u00e9es BQeye Cocktail Green Hornet"},"content":{"rendered":"<p>Entrez dans l'heure du cocktail avec une touche de couleur vibrante gr\u00e2ce aux lentilles de contact color\u00e9es Cocktail Green Hornet de BQeye.<\/p>\n<p>S'inspirant de la teinte verte vive de la boisson \u00e9ponyme, ces lentilles conf\u00e8rent aux yeux une teinte \u00e9meraude \u00e9nergique. Qu'il s'agisse de jouer avec les tons naturels ou d'opter pour une transformation \u00e9lectrisante, Green Hornet enveloppe les yeux d'un look audacieux, rafra\u00eechissant et plein d'un charme fou.<\/p>\n<p>Fabriqu\u00e9es \u00e0 partir d'un mat\u00e9riau HEMA, les lentilles conservent une couleur \u00e9blouissante tout en garantissant un confort comparable \u00e0 celui de la peau pendant toute la dur\u00e9e des festivit\u00e9s. Leur formule avanc\u00e9e prot\u00e8ge \u00e9galement les yeux d\u00e9licats des agressions ext\u00e9rieures, afin que les f\u00eatards puissent danser jusqu'au bout de la nuit.<\/p>\n<p>Lors des tests de produits, les porteurs ont d\u00e9clar\u00e9 qu'ils se sentaient audacieux et pleins d'entrain avec leurs nouveaux yeux verts. \u00c0 l'instar de la boisson alcoolis\u00e9e elle-m\u00eame, les lentilles Green Hornet ajoutent une touche d'aventure sophistiqu\u00e9e \u00e0 toutes les occasions.<\/p>\n<p>Soyez \u00e0 la f\u00eate avec les lentilles de contact color\u00e9es BQeye Cocktail Green Hornet. Commandez-les d\u00e8s aujourd'hui pour apporter une touche de couleur \u00e9meraude \u00e0 chaque r\u00e9union, avec autant d'entrain et d'\u00e9clat que le cocktail embl\u00e9matique.<\/p>","protected":false},"excerpt":{"rendered":"<p>Buzz into the cocktail hour with a vibrant pop of color from BQeye&#8217;s Cocktail Green Hornet colored contact lenses. Taking cues from the crisp green hue of the eponymous tipple, these contacts infuse eyes with an energetic emerald shade. Whether playing up natural tones or opting for an electrifying transformation, Green Hornet wraps eyes in [&#8230;]\n","protected":false},"featured_media":801,"comment_status":"open","ping_status":"closed","template":"","meta":[],"product_brand":[],"product_cat":[137,91,77,96,98],"product_tag":[],"class_list":{"0":"post-794","1":"product","2":"type-product","3":"status-publish","4":"has-post-thumbnail","6":"product_cat-cocktail","7":"product_cat-14-2-mm","8":"product_cat-green-contact-lenses","9":"product_cat-non-prescription","10":"product_cat-yearly-disposable","12":"first","13":"instock","14":"sale","15":"shipping-taxable","16":"purchasable","17":"product-type-variable","18":"has-default-attributes"},"_links":{"self":[{"href":"https:\/\/bqeye.com\/fr\/wp-json\/wp\/v2\/product\/794","targetHints":{"allow":["GET"]}}],"collection":[{"href":"https:\/\/bqeye.com\/fr\/wp-json\/wp\/v2\/product"}],"about":[{"href":"https:\/\/bqeye.com\/fr\/wp-json\/wp\/v2\/types\/product"}],"replies":[{"embeddable":true,"href":"https:\/\/bqeye.com\/fr\/wp-json\/wp\/v2\/comments?post=794"}],"wp:featuredmedia":[{"embeddable":true,"href":"https:\/\/bqeye.com\/fr\/wp-json\/wp\/v2\/media\/801"}],"wp:attachment":[{"href":"https:\/\/bqeye.com\/fr\/wp-json\/wp\/v2\/media?parent=794"}],"wp:term":[{"taxonomy":"product_brand","embeddable":true,"href":"https:\/\/bqeye.com\/fr\/wp-json\/wp\/v2\/product_brand?post=794"},{"taxonomy":"product_cat","embeddable":true,"href":"https:\/\/bqeye.com\/fr\/wp-json\/wp\/v2\/product_cat?post=794"},{"taxonomy":"product_tag","embeddable":true,"href":"https:\/\/bqeye.com\/fr\/wp-json\/wp\/v2\/product_tag?post=794"}],"curies":[{"name":"wp","href":"https:\/\/api.w.org\/{rel}","templated":true}]}}