{"id":803,"date":"2023-09-11T14:57:59","date_gmt":"2023-09-11T14:57:59","guid":{"rendered":"https:\/\/bqeye.com\/?post_type=product&#038;p=803"},"modified":"2024-04-18T02:22:36","modified_gmt":"2024-04-18T02:22:36","slug":"bqeye-dna-taylor-purple-colored-contact-lenses","status":"publish","type":"product","link":"https:\/\/bqeye.com\/fr\/bqeye-dna-taylor-purple-colored-contact-lenses\/","title":{"rendered":"Lentilles de contact color\u00e9es BQeye DNA Taylor Purple"},"content":{"rendered":"<div>Chantez les tons royaux avec les lentilles de contact color\u00e9es DNA Taylor Purple de BQeye.<\/div>\n<div><\/div>\n<div>Inspir\u00e9 par la palette d'ombres \u00e0 paupi\u00e8res lavande hypnotique de la maquilleuse Pat McGrath, ce regard violet saisissant s\u00e9duit par sa saveur aristocratique. Qu'il s'agisse de jouer sur les tons naturels ou d'opter pour une royaut\u00e9 accrocheuse, l'ADN Taylor Purple couronne les yeux d'un look digne des prestigieux tapis rouges.<\/div>\n<div><\/div>\n<div>Fabriqu\u00e9es \u00e0 partir de HEMA infus\u00e9 d'humidit\u00e9, les lentilles de contact color\u00e9es maintiennent une couleur personnalis\u00e9e 24 heures sur 24 dans le confort. Sa formule r\u00e9volutionnaire prot\u00e8ge \u00e9galement les yeux des agressions ext\u00e9rieures, pour que le mystique r\u00e8gne en ma\u00eetre.<\/div>\n<div><\/div>\n<div>Lors des tests de march\u00e9, les admirateurs ont qualifi\u00e9 le nouveau regard \"violet majestueux\" d'\"\u0153uvre d'art\". Les porteurs ont d\u00e9clar\u00e9 se sentir somptueusement puissants, aussi extravagants et captivants que le regard l\u00e9gendaire de l'artiste embl\u00e9matique.<\/div>\n<div><\/div>\n<div>R\u00e9gnez sur les podiums et les tapis rouges avec les lentilles de contact color\u00e9es BQeye DNA Taylor Purple. Placez les cercles les plus exclusifs d'Hollywood sous votre charme violet hypnotique gr\u00e2ce \u00e0 des couleurs aussi lumineuses que luxueuses. Passez votre commande d\u00e8s maintenant pour faire une entr\u00e9e remarqu\u00e9e \u00e0 n'importe quel \u00e9v\u00e9nement, digne des r\u00e8gnes violets les plus prestigieux du monde.<\/div>","protected":false},"excerpt":{"rendered":"<p>Channel royal tones with BQeye&#8217;s DNA Taylor Purple colored contact lenses. Inspired by makeup artist Pat McGrath&#8217;s hypnotic lavender eyeshadow palette, this arresting violet gaze seduces with aristocratic flavor. Whether playing up natural tones or opting for eye-catching royalty, DNA Taylor Purple crowns eyes with a look fit for prestigious red carpets. Crafted from moisture-infused [&#8230;]\n","protected":false},"featured_media":813,"comment_status":"open","ping_status":"closed","template":"","meta":[],"product_brand":[],"product_cat":[178,91,96,82,98],"product_tag":[],"class_list":{"0":"post-803","1":"product","2":"type-product","3":"status-publish","4":"has-post-thumbnail","6":"product_cat-dna-taylor","7":"product_cat-14-2-mm","8":"product_cat-non-prescription","9":"product_cat-purple-contact-lenses","10":"product_cat-yearly-disposable","12":"first","13":"instock","14":"sale","15":"shipping-taxable","16":"purchasable","17":"product-type-variable","18":"has-default-attributes"},"_links":{"self":[{"href":"https:\/\/bqeye.com\/fr\/wp-json\/wp\/v2\/product\/803","targetHints":{"allow":["GET"]}}],"collection":[{"href":"https:\/\/bqeye.com\/fr\/wp-json\/wp\/v2\/product"}],"about":[{"href":"https:\/\/bqeye.com\/fr\/wp-json\/wp\/v2\/types\/product"}],"replies":[{"embeddable":true,"href":"https:\/\/bqeye.com\/fr\/wp-json\/wp\/v2\/comments?post=803"}],"wp:featuredmedia":[{"embeddable":true,"href":"https:\/\/bqeye.com\/fr\/wp-json\/wp\/v2\/media\/813"}],"wp:attachment":[{"href":"https:\/\/bqeye.com\/fr\/wp-json\/wp\/v2\/media?parent=803"}],"wp:term":[{"taxonomy":"product_brand","embeddable":true,"href":"https:\/\/bqeye.com\/fr\/wp-json\/wp\/v2\/product_brand?post=803"},{"taxonomy":"product_cat","embeddable":true,"href":"https:\/\/bqeye.com\/fr\/wp-json\/wp\/v2\/product_cat?post=803"},{"taxonomy":"product_tag","embeddable":true,"href":"https:\/\/bqeye.com\/fr\/wp-json\/wp\/v2\/product_tag?post=803"}],"curies":[{"name":"wp","href":"https:\/\/api.w.org\/{rel}","templated":true}]}}