{"id":814,"date":"2023-09-11T15:19:13","date_gmt":"2023-09-11T15:19:13","guid":{"rendered":"https:\/\/bqeye.com\/?post_type=product&#038;p=814"},"modified":"2024-04-18T02:22:32","modified_gmt":"2024-04-18T02:22:32","slug":"bqeye-dna-taylor-green-colored-contact-lenses","status":"publish","type":"product","link":"https:\/\/bqeye.com\/fr\/bqeye-dna-taylor-green-colored-contact-lenses\/","title":{"rendered":"Lentilles de contact color\u00e9es BQeye DNA Taylor Green"},"content":{"rendered":"<p>Canalisez la reine de conte de f\u00e9es qui sommeille en vous avec les lentilles de contact color\u00e9es DNA Taylor Green de BQeye.<\/p>\n<p>Inspir\u00e9 par le look mystique de l'ombre \u00e0 paupi\u00e8res \u00e9meraude de Pat McGrath, ce regard vert saisissant couronne les yeux d'un charme radieux et royal. Qu'il s'agisse d'accentuer les teintes naturelles ou d'opter pour une transformation envo\u00fbtante, DNA Taylor Green enveloppe les yeux d'un regard tout droit sorti des pages somptueuses de la l\u00e9gende.<\/p>\n<p>Fabriqu\u00e9es \u00e0 partir d'un mat\u00e9riau HEMA infus\u00e9 d'humidit\u00e9, les lentilles maintiennent des couleurs vibrantes 24 heures sur 24 avec un luxe confortable. Leur formule r\u00e9volutionnaire prot\u00e8ge \u00e9galement les yeux des effets n\u00e9fastes de l'environnement, pour que l'enchantement r\u00e8gne en toute libert\u00e9.<\/p>\n<p>Lors des essais du produit, les admiratrices ont d\u00e9clar\u00e9 que le nouveau regard \"Spellbinding green\" n'\u00e9tait rien de moins que ce dont la magie elle-m\u00eame est faite. Les personnes qui l'ont port\u00e9 se sont senties majestueusement ensorcel\u00e9es - aussi extravagantes et s\u00e9duisantes que les fantasmes de l'embl\u00e9matique maquilleuse qui prennent vie.<\/p>\n<p>Dominez votre domaine f\u00e9erique avec les lentilles de contact color\u00e9es BQeye DNA Taylor Green. Les soir\u00e9es les plus exclusives d'Hollywood sont sous votre charme verdoyant gr\u00e2ce \u00e0 des couleurs aussi magiques que les chefs-d'\u0153uvre de Pat McGrath. Passez votre commande d\u00e8s maintenant pour faire des merveilles \u00e0 n'importe quelle r\u00e9union, digne des r\u00eaveries les plus vertes de la royaut\u00e9.<\/p>","protected":false},"excerpt":{"rendered":"<p>Channel your inner fairytale queen with BQeye&#8217;s DNA Taylor Green colored contact lenses. Inspired by Pat McGrath&#8217;s mystical emerald eyeshadow look, this arresting green gaze crowns eyes with a radiant, regal spell. Whether accentuating natural hues or opting for an entrancing transformation, DNA Taylor Green wraps eyes in a look straight from legend&#8217;s lavish pages. [&#8230;]\n","protected":false},"featured_media":820,"comment_status":"open","ping_status":"closed","template":"","meta":[],"product_brand":[],"product_cat":[178,91,77,96,98],"product_tag":[],"class_list":{"0":"post-814","1":"product","2":"type-product","3":"status-publish","4":"has-post-thumbnail","6":"product_cat-dna-taylor","7":"product_cat-14-2-mm","8":"product_cat-green-contact-lenses","9":"product_cat-non-prescription","10":"product_cat-yearly-disposable","12":"first","13":"instock","14":"sale","15":"shipping-taxable","16":"purchasable","17":"product-type-variable","18":"has-default-attributes"},"_links":{"self":[{"href":"https:\/\/bqeye.com\/fr\/wp-json\/wp\/v2\/product\/814","targetHints":{"allow":["GET"]}}],"collection":[{"href":"https:\/\/bqeye.com\/fr\/wp-json\/wp\/v2\/product"}],"about":[{"href":"https:\/\/bqeye.com\/fr\/wp-json\/wp\/v2\/types\/product"}],"replies":[{"embeddable":true,"href":"https:\/\/bqeye.com\/fr\/wp-json\/wp\/v2\/comments?post=814"}],"wp:featuredmedia":[{"embeddable":true,"href":"https:\/\/bqeye.com\/fr\/wp-json\/wp\/v2\/media\/820"}],"wp:attachment":[{"href":"https:\/\/bqeye.com\/fr\/wp-json\/wp\/v2\/media?parent=814"}],"wp:term":[{"taxonomy":"product_brand","embeddable":true,"href":"https:\/\/bqeye.com\/fr\/wp-json\/wp\/v2\/product_brand?post=814"},{"taxonomy":"product_cat","embeddable":true,"href":"https:\/\/bqeye.com\/fr\/wp-json\/wp\/v2\/product_cat?post=814"},{"taxonomy":"product_tag","embeddable":true,"href":"https:\/\/bqeye.com\/fr\/wp-json\/wp\/v2\/product_tag?post=814"}],"curies":[{"name":"wp","href":"https:\/\/api.w.org\/{rel}","templated":true}]}}