{"id":830,"date":"2023-09-11T15:45:31","date_gmt":"2023-09-11T15:45:31","guid":{"rendered":"https:\/\/bqeye.com\/?post_type=product&#038;p=830"},"modified":"2024-04-18T02:22:26","modified_gmt":"2024-04-18T02:22:26","slug":"bqeye-dna-taylor-brown-colored-contact-lenses","status":"publish","type":"product","link":"https:\/\/bqeye.com\/fr\/bqeye-dna-taylor-brown-colored-contact-lenses\/","title":{"rendered":"Lentilles de contact color\u00e9es BQeye DNA Taylor Brown"},"content":{"rendered":"<p>Les lentilles de contact color\u00e9es DNA Taylor Brown de BQeye permettent d'obtenir un effet mystique sans effort.<\/p>\n<p>Inspir\u00e9 par les looks sophistiqu\u00e9s de Pat McGrath pour les yeux charbonneux, ce regard s\u00e9duisant d'un brun riche enveloppe les yeux d'une intrigue sensuelle. Qu'il s'agisse de souligner les profondeurs naturelles ou d'amplifier l'attrait hypnotique, DNA Taylor Brown enveloppe les yeux d'une allure s\u00e9duisante qui chuchote des secrets inavou\u00e9s.<\/p>\n<p>Fabriqu\u00e9es \u00e0 partir du mat\u00e9riau BioCore qui absorbe l'humidit\u00e9, ces lentilles conservent des pigments envo\u00fbtants tout en offrant un confort in\u00e9gal\u00e9. Leur formule d'avant-garde prot\u00e8ge \u00e9galement les yeux pendant les longues nuits, afin de permettre au mystique de s'imposer apr\u00e8s la tomb\u00e9e de la nuit.<\/p>\n<p>Lors des essais, les admiratrices ont d\u00e9clar\u00e9 que le nouveau regard \"enviable en terre\" n'\u00e9tait rien de moins qu'exquis. Les porteurs se sont inspir\u00e9s des l\u00e9gendes urbaines, se sentant sublimement envo\u00fbt\u00e9s - aussi magn\u00e9tiquement myst\u00e9rieux que les styles underground de l'artiste l\u00e9gendaire.<\/p>\n<p>Jetez des sorts hypnotiques avec les lentilles de contact color\u00e9es BQeye DNA Taylor Brown. Mettez en lumi\u00e8re le demimonde cach\u00e9 gr\u00e2ce \u00e0 des couleurs qui intriguent par la richesse de sophistications encore inconnues. Passez votre commande pour tisser des charmes mystiques apr\u00e8s la fin du jour.<\/p>","protected":false},"excerpt":{"rendered":"<p>Channel effortless mystique with BQeye&#8217;s DNA Taylor Brown colored contact lenses. Inspired by Pat McGrath&#8217;s sophisticated smokey eye looks, this seductive rich brown gaze cloaks eyes in sensual intrigue. Whether emphasizing natural depths or amplifying hypnotic appeal, DNA Taylor Brown wraps eyes in alluring allure that whispers unspoken secrets. Crafted from moisture-lensing BioCore material, the [&#8230;]\n","protected":false},"featured_media":836,"comment_status":"open","ping_status":"closed","template":"","meta":[],"product_brand":[],"product_cat":[178,91,80,96,98],"product_tag":[],"class_list":{"0":"post-830","1":"product","2":"type-product","3":"status-publish","4":"has-post-thumbnail","6":"product_cat-dna-taylor","7":"product_cat-14-2-mm","8":"product_cat-brown-contact-lenses","9":"product_cat-non-prescription","10":"product_cat-yearly-disposable","12":"first","13":"instock","14":"sale","15":"shipping-taxable","16":"purchasable","17":"product-type-variable","18":"has-default-attributes"},"_links":{"self":[{"href":"https:\/\/bqeye.com\/fr\/wp-json\/wp\/v2\/product\/830","targetHints":{"allow":["GET"]}}],"collection":[{"href":"https:\/\/bqeye.com\/fr\/wp-json\/wp\/v2\/product"}],"about":[{"href":"https:\/\/bqeye.com\/fr\/wp-json\/wp\/v2\/types\/product"}],"replies":[{"embeddable":true,"href":"https:\/\/bqeye.com\/fr\/wp-json\/wp\/v2\/comments?post=830"}],"wp:featuredmedia":[{"embeddable":true,"href":"https:\/\/bqeye.com\/fr\/wp-json\/wp\/v2\/media\/836"}],"wp:attachment":[{"href":"https:\/\/bqeye.com\/fr\/wp-json\/wp\/v2\/media?parent=830"}],"wp:term":[{"taxonomy":"product_brand","embeddable":true,"href":"https:\/\/bqeye.com\/fr\/wp-json\/wp\/v2\/product_brand?post=830"},{"taxonomy":"product_cat","embeddable":true,"href":"https:\/\/bqeye.com\/fr\/wp-json\/wp\/v2\/product_cat?post=830"},{"taxonomy":"product_tag","embeddable":true,"href":"https:\/\/bqeye.com\/fr\/wp-json\/wp\/v2\/product_tag?post=830"}],"curies":[{"name":"wp","href":"https:\/\/api.w.org\/{rel}","templated":true}]}}