{"id":859,"date":"2023-09-12T03:31:44","date_gmt":"2023-09-12T03:31:44","guid":{"rendered":"https:\/\/bqeye.com\/?post_type=product&#038;p=859"},"modified":"2024-04-18T02:22:19","modified_gmt":"2024-04-18T02:22:19","slug":"bqeye-trinity-green-colored-contact-lenses","status":"publish","type":"product","link":"https:\/\/bqeye.com\/fr\/bqeye-trinity-green-colored-contact-lenses\/","title":{"rendered":"Lentilles de contact color\u00e9es BQeye Trinity Green"},"content":{"rendered":"<p>Les lentilles de contact color\u00e9es Trinity Green de BQeye vous permettent de profiter de la polyvalence luxuriante de la nature.<\/p>\n<p>Inspir\u00e9 par les verts multidimensionnels des palettes d'inspiration botanique de Pat McGrath, ce sous-ton hypnotique transforme les yeux en prismes de l'immensit\u00e9 verdoyante. Qu'il s'agisse d'exploiter de subtiles notes feuillues ou de lib\u00e9rer des dynamiques vibrantes, Trinity Green enveloppe les yeux dans des tapisseries de possibilit\u00e9s.<\/p>\n<p>Fabriqu\u00e9es \u00e0 partir du gel hydro-interactif HydroFlex, les lentilles maintiennent les intensit\u00e9s changeantes de l'\u00e9meraude avec un confort adaptatif. Leur formule pionni\u00e8re prot\u00e8ge \u00e9galement les yeux lors des transformations, afin de permettre au mystique de s'\u00e9panouir librement.<\/p>\n<p>Lors des tests de march\u00e9, les admiratrices ont d\u00e9crit les yeux Trinity Green comme des \"for\u00eats en fleurs\" qui, \u00e0 chaque regard, r\u00e9v\u00e8lent une vie in\u00e9dite. Les personnes qui les portaient se transformaient en nymphes des bois, se sentant organiquement libres - aussi envo\u00fbtantes et vari\u00e9es que les looks de l'artiste embl\u00e9matique qui c\u00e9l\u00e8brent les myst\u00e8res illimit\u00e9s de la nature.<\/p>\n<p>R\u00e9v\u00e9lez de nouvelles fronti\u00e8res d'expression personnelle avec les lentilles de contact color\u00e9es BQeye Trinity Green. Mettez l'accent sur les perspectives prismatiques du monde naturel gr\u00e2ce \u00e0 des couleurs qui intriguent avec les \u00e9nergies luxuriantes de l'\u00e9veil perp\u00e9tuel. Passez votre commande pour r\u00e9fracter les visions de l'enchantement organique.<\/p>","protected":false},"excerpt":{"rendered":"<p>Channel the lush versatility of nature with BQeye&#8217;s Trinity Green colored contact lenses. Inspired by the multidimensional greens featured in Pat McGrath&#8217;s botanical-inspired palettes, this mesmerizing undertone transforms eyes into prisms of the verdant vastness. Whether tapping subtle leafy notes or unleashing vibrant dynamics, Trinity Green wraps eyes in tapestries of possibilities. Crafted from hydro-interactive [&#8230;]\n","protected":false},"featured_media":867,"comment_status":"open","ping_status":"closed","template":"","meta":[],"product_brand":[],"product_cat":[159,91,77,96,98],"product_tag":[],"class_list":{"0":"post-859","1":"product","2":"type-product","3":"status-publish","4":"has-post-thumbnail","6":"product_cat-trinity","7":"product_cat-14-2-mm","8":"product_cat-green-contact-lenses","9":"product_cat-non-prescription","10":"product_cat-yearly-disposable","12":"first","13":"instock","14":"sale","15":"shipping-taxable","16":"purchasable","17":"product-type-variable","18":"has-default-attributes"},"_links":{"self":[{"href":"https:\/\/bqeye.com\/fr\/wp-json\/wp\/v2\/product\/859","targetHints":{"allow":["GET"]}}],"collection":[{"href":"https:\/\/bqeye.com\/fr\/wp-json\/wp\/v2\/product"}],"about":[{"href":"https:\/\/bqeye.com\/fr\/wp-json\/wp\/v2\/types\/product"}],"replies":[{"embeddable":true,"href":"https:\/\/bqeye.com\/fr\/wp-json\/wp\/v2\/comments?post=859"}],"wp:featuredmedia":[{"embeddable":true,"href":"https:\/\/bqeye.com\/fr\/wp-json\/wp\/v2\/media\/867"}],"wp:attachment":[{"href":"https:\/\/bqeye.com\/fr\/wp-json\/wp\/v2\/media?parent=859"}],"wp:term":[{"taxonomy":"product_brand","embeddable":true,"href":"https:\/\/bqeye.com\/fr\/wp-json\/wp\/v2\/product_brand?post=859"},{"taxonomy":"product_cat","embeddable":true,"href":"https:\/\/bqeye.com\/fr\/wp-json\/wp\/v2\/product_cat?post=859"},{"taxonomy":"product_tag","embeddable":true,"href":"https:\/\/bqeye.com\/fr\/wp-json\/wp\/v2\/product_tag?post=859"}],"curies":[{"name":"wp","href":"https:\/\/api.w.org\/{rel}","templated":true}]}}