{"id":868,"date":"2023-09-12T03:56:48","date_gmt":"2023-09-12T03:56:48","guid":{"rendered":"https:\/\/bqeye.com\/?post_type=product&#038;p=868"},"modified":"2024-04-18T02:22:15","modified_gmt":"2024-04-18T02:22:15","slug":"bqeye-trinity-brown-colored-contact-lenses","status":"publish","type":"product","link":"https:\/\/bqeye.com\/fr\/bqeye-trinity-brown-colored-contact-lenses\/","title":{"rendered":"Lentilles de contact color\u00e9es BQeye Trinity Brown"},"content":{"rendered":"<p>Retrouvez la profondeur et la richesse de la terre avec les lentilles de contact color\u00e9es Trinity Brown de BQeye.<\/p>\n<p>Inspir\u00e9 par les bruns multidimensionnels des palettes captivantes de Pat McGrath, ce sous-ton envo\u00fbtant transforme les yeux en prismes d'intrigue tactile. Qu'il s'agisse d'exploiter des nuances subtiles ou de lib\u00e9rer un dynamisme luxueux, Trinity Brown enveloppe les yeux dans de somptueuses textures de d\u00e9couverte.<\/p>\n<p>Fabriqu\u00e9es \u00e0 partir du gel adaptatif HydroFlexXT, les lentilles maintiennent les intensit\u00e9s changeantes du chocolat avec un confort ind\u00e9tectable. Leur formule innovante prot\u00e8ge \u00e9galement les yeux lors des transformations, afin de laisser le mystique s'\u00e9panouir librement \u00e0 l'int\u00e9rieur.<\/p>\n<p>Lors des tests de march\u00e9, les admiratrices ont d\u00e9crit les yeux Trinity Brown comme des \"paysages riches \u00e0 explorer\" qui d\u00e9voilent des couches jusque-l\u00e0 invisibles \u00e0 chaque coup d'\u0153il. Les personnes qui les ont port\u00e9es se sont inspir\u00e9es de cartes topographiques, se sentant organiquement libres - aussi envo\u00fbtantes et vari\u00e9es que les looks de l'artiste embl\u00e9matique qui c\u00e9l\u00e8brent les profondeurs sensuelles de la peau.<\/p>\n<p>R\u00e9v\u00e9lez de nouvelles dimensions de myst\u00e8re int\u00e9rieur et de force avec les lentilles de contact color\u00e9es BQeye Trinity Brown. Mettez l'accent sur les perspectives prismatiques de la profondeur organique gr\u00e2ce \u00e0 des couleurs qui intriguent avec les \u00e9nergies multidimensionnelles luxuriantes qui attendent \u00e0 l'int\u00e9rieur. Passez votre commande pour r\u00e9fracter les visions des somptueux royaumes int\u00e9rieurs \u00e9veill\u00e9s.<\/p>","protected":false},"excerpt":{"rendered":"<p>Channel the depth and richness of earth with BQeye&#8217;s Trinity Brown colored contact lenses. Inspired by the multidimensional browns featured in Pat McGrath&#8217;s captivating skin-focused palettes, this mesmerizing undertone transforms eyes into prisms of tactile intrigue. Whether tapping subtle undertones or unleashing luxe dynamism, Trinity Brown wraps eyes in sumptuous textures of discovery. Crafted from [&#8230;]\n","protected":false},"featured_media":876,"comment_status":"open","ping_status":"closed","template":"","meta":[],"product_brand":[],"product_cat":[159,91,80,96,98],"product_tag":[],"class_list":{"0":"post-868","1":"product","2":"type-product","3":"status-publish","4":"has-post-thumbnail","6":"product_cat-trinity","7":"product_cat-14-2-mm","8":"product_cat-brown-contact-lenses","9":"product_cat-non-prescription","10":"product_cat-yearly-disposable","12":"first","13":"instock","14":"sale","15":"shipping-taxable","16":"purchasable","17":"product-type-variable","18":"has-default-attributes"},"_links":{"self":[{"href":"https:\/\/bqeye.com\/fr\/wp-json\/wp\/v2\/product\/868","targetHints":{"allow":["GET"]}}],"collection":[{"href":"https:\/\/bqeye.com\/fr\/wp-json\/wp\/v2\/product"}],"about":[{"href":"https:\/\/bqeye.com\/fr\/wp-json\/wp\/v2\/types\/product"}],"replies":[{"embeddable":true,"href":"https:\/\/bqeye.com\/fr\/wp-json\/wp\/v2\/comments?post=868"}],"wp:featuredmedia":[{"embeddable":true,"href":"https:\/\/bqeye.com\/fr\/wp-json\/wp\/v2\/media\/876"}],"wp:attachment":[{"href":"https:\/\/bqeye.com\/fr\/wp-json\/wp\/v2\/media?parent=868"}],"wp:term":[{"taxonomy":"product_brand","embeddable":true,"href":"https:\/\/bqeye.com\/fr\/wp-json\/wp\/v2\/product_brand?post=868"},{"taxonomy":"product_cat","embeddable":true,"href":"https:\/\/bqeye.com\/fr\/wp-json\/wp\/v2\/product_cat?post=868"},{"taxonomy":"product_tag","embeddable":true,"href":"https:\/\/bqeye.com\/fr\/wp-json\/wp\/v2\/product_tag?post=868"}],"curies":[{"name":"wp","href":"https:\/\/api.w.org\/{rel}","templated":true}]}}