{"id":884,"date":"2023-09-12T06:52:53","date_gmt":"2023-09-12T06:52:53","guid":{"rendered":"https:\/\/bqeye.com\/?post_type=product&#038;p=884"},"modified":"2024-04-18T02:22:12","modified_gmt":"2024-04-18T02:22:12","slug":"bqeye-mystery-red-colored-contact-lenses","status":"publish","type":"product","link":"https:\/\/bqeye.com\/fr\/bqeye-mystery-red-colored-contact-lenses\/","title":{"rendered":"Lentilles de contact color\u00e9es BQeye Mystery Red"},"content":{"rendered":"<p>Nos derni\u00e8res lentilles de contact color\u00e9es capturent un regard cramoisi \u00e9nigmatique gr\u00e2ce \u00e0 un magnifique m\u00e9lange de teintes \u00e9carlates et bordeaux. Contrairement aux rouges primaires aust\u00e8res, Mystery Red cr\u00e9e une intrigue \u00e9l\u00e9gante qui amplifie la beaut\u00e9 naturelle lorsque l'on porte ces lentilles de contact color\u00e9es.<\/p>\n<p>En tant que leader dans le domaine des lentilles de contact color\u00e9es, BQeye se consacre \u00e0 la cr\u00e9ation de lentilles innovantes qui s'harmonisent parfaitement avec la couleur de vos yeux. Mystery Red accentue subtilement votre iris pour un effet \u00e0 la fois saisissant et doux. Notre formule ultramoderne d'\u00e9vacuation de l'humidit\u00e9 pr\u00e9vient l'inconfort, de sorte que vous pouvez profiter de votre nouveau look captivant toute la journ\u00e9e avec ces lentilles de contact color\u00e9es.<\/p>\n<p>Que vous souhaitiez lib\u00e9rer votre confiance ou simplement exp\u00e9rimenter de nouveaux styles, les lentilles de contact color\u00e9es BQeye vous permettent de vous exprimer. Mystery Red est un choix de premier ordre pour ceux qui recherchent une nouvelle teinte s\u00e9duisante qui suscite l'intrigue. Comme pour toutes nos lentilles de contact color\u00e9es, le confort est essentiel pour que vous ne remarquiez que les compliments !<\/p>\n<p>D\u00e9couvrez la magie des lentilles Mystery Red de BQeye. Nous avons aid\u00e9 d'innombrables clients \u00e0 trouver les lentilles de contact color\u00e9es parfaites pour faire ressortir leur \u00e9clat naturel. Achetez d\u00e8s aujourd'hui notre vaste assortiment de lentilles de contact color\u00e9es de haute performance !<\/p>","protected":false},"excerpt":{"rendered":"<p>Our latest colored contact lenses capture an enigmatic crimson gaze through a beautiful blend of scarlet and burgundy hues. Unlike stark primary reds, Mystery Red creates an elegant intrigue that amplifies natural beauty when wearing these colored contacts. As a leader in colored contacts, BQeye is devoted to crafting innovative lenses that seamlessly blend with [&#8230;]\n","protected":false},"featured_media":893,"comment_status":"open","ping_status":"closed","template":"","meta":[],"product_brand":[],"product_cat":[216,92,96,78,98],"product_tag":[],"class_list":{"0":"post-884","1":"product","2":"type-product","3":"status-publish","4":"has-post-thumbnail","6":"product_cat-mystery","7":"product_cat-14-5-mm","8":"product_cat-non-prescription","9":"product_cat-red-contact-lenses","10":"product_cat-yearly-disposable","12":"first","13":"instock","14":"sale","15":"shipping-taxable","16":"purchasable","17":"product-type-variable","18":"has-default-attributes"},"_links":{"self":[{"href":"https:\/\/bqeye.com\/fr\/wp-json\/wp\/v2\/product\/884","targetHints":{"allow":["GET"]}}],"collection":[{"href":"https:\/\/bqeye.com\/fr\/wp-json\/wp\/v2\/product"}],"about":[{"href":"https:\/\/bqeye.com\/fr\/wp-json\/wp\/v2\/types\/product"}],"replies":[{"embeddable":true,"href":"https:\/\/bqeye.com\/fr\/wp-json\/wp\/v2\/comments?post=884"}],"wp:featuredmedia":[{"embeddable":true,"href":"https:\/\/bqeye.com\/fr\/wp-json\/wp\/v2\/media\/893"}],"wp:attachment":[{"href":"https:\/\/bqeye.com\/fr\/wp-json\/wp\/v2\/media?parent=884"}],"wp:term":[{"taxonomy":"product_brand","embeddable":true,"href":"https:\/\/bqeye.com\/fr\/wp-json\/wp\/v2\/product_brand?post=884"},{"taxonomy":"product_cat","embeddable":true,"href":"https:\/\/bqeye.com\/fr\/wp-json\/wp\/v2\/product_cat?post=884"},{"taxonomy":"product_tag","embeddable":true,"href":"https:\/\/bqeye.com\/fr\/wp-json\/wp\/v2\/product_tag?post=884"}],"curies":[{"name":"wp","href":"https:\/\/api.w.org\/{rel}","templated":true}]}}