{"id":894,"date":"2023-09-12T07:17:14","date_gmt":"2023-09-12T07:17:14","guid":{"rendered":"https:\/\/bqeye.com\/?post_type=product&#038;p=894"},"modified":"2024-04-18T02:22:09","modified_gmt":"2024-04-18T02:22:09","slug":"bqeye-mystery-brown-colored-contact-lenses","status":"publish","type":"product","link":"https:\/\/bqeye.com\/fr\/bqeye-mystery-brown-colored-contact-lenses\/","title":{"rendered":"Lentilles de contact color\u00e9es BQeye Mystery Brown"},"content":{"rendered":"<div>R\u00e9v\u00e9ler un nouveau regard envo\u00fbtant avec Mystery Brown de BQeye. En tant qu'experts en lentilles de contact color\u00e9es, nous avons cr\u00e9\u00e9 cette teinte richement nuanc\u00e9e pour ajouter de l'intrigue \u00e0 toutes les couleurs d'yeux.<\/div>\n<div><\/div>\n<div>Diff\u00e9rent des lentilles brunes habituelles, Mystery Brown fait tourbillonner des accents de caramel, de moka et d'espresso pour un effet mystifiant. Il r\u00e9chauffe subtilement votre iris avec des nuances radieuses qui laissent les spectateurs se demander ce que vous pensez. Contrairement aux masques, ces lentilles color\u00e9es mettent en valeur votre beaut\u00e9 naturelle.<\/div>\n<div><\/div>\n<div>Que vous affichiez des styles audacieux ou que vous brilliez plus subtilement, Mystery Brown de BQeye est la nuance parfaite. Explorez une nouvelle facette de vous-m\u00eame gr\u00e2ce \u00e0 nos lentilles de contact color\u00e9es innovantes. Vous vous sentirez plus forte et plus s\u00e9duisante, sans sacrifier la commodit\u00e9 ou la clart\u00e9 de la vision.<\/div>\n<div><\/div>\n<div>D\u00e9couvrez pourquoi BQeye continue de mener l'industrie dans le domaine des lentilles de contact color\u00e9es confortables et de haute qualit\u00e9. Mystery Brown pourrait \u00eatre votre nouvelle fa\u00e7on pr\u00e9f\u00e9r\u00e9e d'intriguer avec juste un changement subtil de tonalit\u00e9 de l'iris. Parcourez notre s\u00e9lection compl\u00e8te de lentilles de contact brunes et color\u00e9es d\u00e8s aujourd'hui !<\/div>","protected":false},"excerpt":{"rendered":"<p>Reveal a mesmerizing new gaze with Mystery Brown from BQeye. As experts in colored contact lenses, we&#8217;ve crafted this richly nuanced shade to add intrigue to any eye color. Different from typical brown lenses, Mystery Brown swirls caramel, mocha and espresso accents for a mystifying effect. It subtly warms your iris with radiant undertones that [&#8230;]\n","protected":false},"featured_media":902,"comment_status":"open","ping_status":"closed","template":"","meta":[],"product_brand":[],"product_cat":[216,92,80,96,98],"product_tag":[],"class_list":{"0":"post-894","1":"product","2":"type-product","3":"status-publish","4":"has-post-thumbnail","6":"product_cat-mystery","7":"product_cat-14-5-mm","8":"product_cat-brown-contact-lenses","9":"product_cat-non-prescription","10":"product_cat-yearly-disposable","12":"first","13":"instock","14":"sale","15":"shipping-taxable","16":"purchasable","17":"product-type-variable","18":"has-default-attributes"},"_links":{"self":[{"href":"https:\/\/bqeye.com\/fr\/wp-json\/wp\/v2\/product\/894","targetHints":{"allow":["GET"]}}],"collection":[{"href":"https:\/\/bqeye.com\/fr\/wp-json\/wp\/v2\/product"}],"about":[{"href":"https:\/\/bqeye.com\/fr\/wp-json\/wp\/v2\/types\/product"}],"replies":[{"embeddable":true,"href":"https:\/\/bqeye.com\/fr\/wp-json\/wp\/v2\/comments?post=894"}],"wp:featuredmedia":[{"embeddable":true,"href":"https:\/\/bqeye.com\/fr\/wp-json\/wp\/v2\/media\/902"}],"wp:attachment":[{"href":"https:\/\/bqeye.com\/fr\/wp-json\/wp\/v2\/media?parent=894"}],"wp:term":[{"taxonomy":"product_brand","embeddable":true,"href":"https:\/\/bqeye.com\/fr\/wp-json\/wp\/v2\/product_brand?post=894"},{"taxonomy":"product_cat","embeddable":true,"href":"https:\/\/bqeye.com\/fr\/wp-json\/wp\/v2\/product_cat?post=894"},{"taxonomy":"product_tag","embeddable":true,"href":"https:\/\/bqeye.com\/fr\/wp-json\/wp\/v2\/product_tag?post=894"}],"curies":[{"name":"wp","href":"https:\/\/api.w.org\/{rel}","templated":true}]}}