{"id":912,"date":"2023-09-12T07:52:29","date_gmt":"2023-09-12T07:52:29","guid":{"rendered":"https:\/\/bqeye.com\/?post_type=product&#038;p=912"},"modified":"2024-04-18T02:22:02","modified_gmt":"2024-04-18T02:22:02","slug":"bqeye-mystery-green-colored-contact-lenses","status":"publish","type":"product","link":"https:\/\/bqeye.com\/fr\/bqeye-mystery-green-colored-contact-lenses\/","title":{"rendered":"Lentilles de contact color\u00e9es BQeye Mystery Green"},"content":{"rendered":"<p>D\u00e9couvrez l'envo\u00fbtant Mystery Green - notre derni\u00e8re nouveaut\u00e9 dans la famille des lentilles de contact color\u00e9es BQeye. Infus\u00e9es d'un m\u00e9lange irr\u00e9sistible d'\u00e9meraude, de p\u00e9ridot et de tons forestiers, ces lentilles vertes d\u00e9voilent des yeux qui captivent et intriguent.<\/p>\n<p>Contrairement aux verts ordinaires, Mystery illumine votre regard d'un charme insaisissable et mystique. De subtils tourbillons d'accents moussus et jade conf\u00e8rent une allure \u00e9th\u00e9r\u00e9e \u00e0 toutes les couleurs d'yeux. Vos yeux vous captivent \u00e0 un niveau plus profond - mais les myst\u00e8res qui se cachent derri\u00e8re leur voile restent \u00e0 d\u00e9couvrir.<\/p>\n<p>Con\u00e7ue pour un confort ind\u00e9tectable, notre formule de pointe bouge imperceptiblement \u00e0 chaque regard. Les courbes et les canaux en polym\u00e8re gardent les yeux aussi frais que la ros\u00e9e du matin tout au long de la journ\u00e9e. Exprimez votre confiance par le maquillage ou laissez la nature suivre son cours - Mystery Green rehausse l'\u00e9clat inn\u00e9 de l'int\u00e9rieur.<\/p>\n<p>D\u00e9couvrez une facette inconnue de vous-m\u00eame gr\u00e2ce aux lentilles de contact color\u00e9es BQeye Mystery Green. Lib\u00e9rez un charisme authentique gr\u00e2ce \u00e0 ces lentilles de contact color\u00e9es qui suscitent l'intrigue \u00e0 chaque regard. Nos experts en produits assurent un ajustement parfait pour un look s\u00e9duisant mais discret.<\/p>\n<p>Parcourez notre vaste s\u00e9lection de lentilles de contact vertes et color\u00e9es. BQeye a les nuances pour faire ressortir votre mystique int\u00e9rieur !<\/p>","protected":false},"excerpt":{"rendered":"<p>Reveal the enchanting Mystery Green &#8211; our latest addition to the BQeye colored contact lenses family. Infused with an irresistible blend of emerald, peridot and forest tones, these green contacts unveil eyes that captivate and intrigue. Unlike ordinary greens, Mystery enlightens your gaze with an elusive, mystical charm. Subtle swirls of mossy and jade accents [&#8230;]\n","protected":false},"featured_media":920,"comment_status":"open","ping_status":"closed","template":"","meta":[],"product_brand":[],"product_cat":[216,92,77,96,98],"product_tag":[],"class_list":{"0":"post-912","1":"product","2":"type-product","3":"status-publish","4":"has-post-thumbnail","6":"product_cat-mystery","7":"product_cat-14-5-mm","8":"product_cat-green-contact-lenses","9":"product_cat-non-prescription","10":"product_cat-yearly-disposable","12":"first","13":"instock","14":"sale","15":"shipping-taxable","16":"purchasable","17":"product-type-variable","18":"has-default-attributes"},"_links":{"self":[{"href":"https:\/\/bqeye.com\/fr\/wp-json\/wp\/v2\/product\/912","targetHints":{"allow":["GET"]}}],"collection":[{"href":"https:\/\/bqeye.com\/fr\/wp-json\/wp\/v2\/product"}],"about":[{"href":"https:\/\/bqeye.com\/fr\/wp-json\/wp\/v2\/types\/product"}],"replies":[{"embeddable":true,"href":"https:\/\/bqeye.com\/fr\/wp-json\/wp\/v2\/comments?post=912"}],"wp:featuredmedia":[{"embeddable":true,"href":"https:\/\/bqeye.com\/fr\/wp-json\/wp\/v2\/media\/920"}],"wp:attachment":[{"href":"https:\/\/bqeye.com\/fr\/wp-json\/wp\/v2\/media?parent=912"}],"wp:term":[{"taxonomy":"product_brand","embeddable":true,"href":"https:\/\/bqeye.com\/fr\/wp-json\/wp\/v2\/product_brand?post=912"},{"taxonomy":"product_cat","embeddable":true,"href":"https:\/\/bqeye.com\/fr\/wp-json\/wp\/v2\/product_cat?post=912"},{"taxonomy":"product_tag","embeddable":true,"href":"https:\/\/bqeye.com\/fr\/wp-json\/wp\/v2\/product_tag?post=912"}],"curies":[{"name":"wp","href":"https:\/\/api.w.org\/{rel}","templated":true}]}}