{"id":921,"date":"2023-09-12T08:07:09","date_gmt":"2023-09-12T08:07:09","guid":{"rendered":"https:\/\/bqeye.com\/?post_type=product&#038;p=921"},"modified":"2024-04-18T02:21:59","modified_gmt":"2024-04-18T02:21:59","slug":"bqeye-mystery-purple-colored-contact-lenses","status":"publish","type":"product","link":"https:\/\/bqeye.com\/fr\/bqeye-mystery-purple-colored-contact-lenses\/","title":{"rendered":"Lentilles de contact color\u00e9es BQeye Mystery Purple"},"content":{"rendered":"<p>R\u00e9v\u00e9lez un nouveau regard captivant avec les lentilles de contact color\u00e9es BQeye Mystery Purple. Con\u00e7ue par des sp\u00e9cialistes des lentilles de contact color\u00e9es, cette teinte enchanteresse m\u00e9lange des nuances de prune, de raisin et d'am\u00e9thyste dans un iris irr\u00e9sistiblement \u00e9l\u00e9gant.<\/p>\n<p>Plus qu'un simple violet, Mystery \u00e9veille les yeux avec une mystique s\u00e9duisante. Une profondeur et une luminosit\u00e9 subtiles accentuent la beaut\u00e9 naturelle de l'int\u00e9rieur gr\u00e2ce \u00e0 ces lentilles color\u00e9es. Une allure insondable attire les spectateurs d\u00e9sireux de d\u00e9couvrir vos secrets.<\/p>\n<p>Les lentilles de pr\u00e9cision et la formule respirante permettent \u00e0 Mystery Purple de r\u00e9sonner sans restriction. Nos mat\u00e9riaux hypoallerg\u00e9niques de pointe s'estompent imperceptiblement dans les yeux tout au long de la journ\u00e9e, lib\u00e9rant une expression personnelle sans limites. Restez concentr\u00e9 sur ce qui compte vraiment tout en b\u00e9n\u00e9ficiant d'un confort supr\u00eame.<\/p>\n<p>Laissez Mystery Purple rehausser votre confiance en vous avec un nouveau look enivrant. Les lentilles de contact color\u00e9es de BQeye vous permettent d'explorer votre personnalit\u00e9 la plus authentique. Magasinez notre collection prim\u00e9e comprenant ce violet \u00e9nigmatique et de nombreuses nuances transformatrices.<\/p>\n<p>D\u00e9couvrez votre regard le plus captivant avec les lentilles BQeye Mystery Purple. Renforcez votre magn\u00e9tisme naturel gr\u00e2ce \u00e0 cette fusion de tons violets \u00e9l\u00e9gants et d'un design sp\u00e9cialis\u00e9. D\u00e9voilez le prochain chapitre de votre destin - celui que vous entrevoyez \u00e0 travers des lentilles de contact violettes mystifiantes.<\/p>","protected":false},"excerpt":{"rendered":"<p>Reveal a captivating new gaze with BQeye Mystery Purple colored contact lenses. Crafted by colored contact lens specialists, this enchanting shade blends plum, grape and amethyst hues into an irresistibly elegant iris. More than a simple purple, Mystery awakens eyes with an alluring mystique. Subtle depth and luminosity accentuate natural beauty from within through these [&#8230;]\n","protected":false},"featured_media":929,"comment_status":"open","ping_status":"closed","template":"","meta":[],"product_brand":[],"product_cat":[216,92,96,82,98],"product_tag":[],"class_list":{"0":"post-921","1":"product","2":"type-product","3":"status-publish","4":"has-post-thumbnail","6":"product_cat-mystery","7":"product_cat-14-5-mm","8":"product_cat-non-prescription","9":"product_cat-purple-contact-lenses","10":"product_cat-yearly-disposable","12":"first","13":"instock","14":"sale","15":"shipping-taxable","16":"purchasable","17":"product-type-variable","18":"has-default-attributes"},"_links":{"self":[{"href":"https:\/\/bqeye.com\/fr\/wp-json\/wp\/v2\/product\/921","targetHints":{"allow":["GET"]}}],"collection":[{"href":"https:\/\/bqeye.com\/fr\/wp-json\/wp\/v2\/product"}],"about":[{"href":"https:\/\/bqeye.com\/fr\/wp-json\/wp\/v2\/types\/product"}],"replies":[{"embeddable":true,"href":"https:\/\/bqeye.com\/fr\/wp-json\/wp\/v2\/comments?post=921"}],"wp:featuredmedia":[{"embeddable":true,"href":"https:\/\/bqeye.com\/fr\/wp-json\/wp\/v2\/media\/929"}],"wp:attachment":[{"href":"https:\/\/bqeye.com\/fr\/wp-json\/wp\/v2\/media?parent=921"}],"wp:term":[{"taxonomy":"product_brand","embeddable":true,"href":"https:\/\/bqeye.com\/fr\/wp-json\/wp\/v2\/product_brand?post=921"},{"taxonomy":"product_cat","embeddable":true,"href":"https:\/\/bqeye.com\/fr\/wp-json\/wp\/v2\/product_cat?post=921"},{"taxonomy":"product_tag","embeddable":true,"href":"https:\/\/bqeye.com\/fr\/wp-json\/wp\/v2\/product_tag?post=921"}],"curies":[{"name":"wp","href":"https:\/\/api.w.org\/{rel}","templated":true}]}}