{"id":930,"date":"2023-09-12T08:19:35","date_gmt":"2023-09-12T08:19:35","guid":{"rendered":"https:\/\/bqeye.com\/?post_type=product&#038;p=930"},"modified":"2024-04-18T02:21:55","modified_gmt":"2024-04-18T02:21:55","slug":"bqeye-mystery-yellow-colored-contact-lenses","status":"publish","type":"product","link":"https:\/\/bqeye.com\/fr\/bqeye-mystery-yellow-colored-contact-lenses\/","title":{"rendered":"Lentilles de contact color\u00e9es BQeye Mystery Yellow"},"content":{"rendered":"<p>Illuminez vos yeux avec une intrigue ensoleill\u00e9e gr\u00e2ce aux lentilles de contact color\u00e9es BQeye Mystery Yellow. Notre alchimie innovante de teintes ambre, miel et citron d\u00e9voile des yeux radieux qui brillent d'un charme inexplicable.<\/p>\n<p>Plus qu'un jaune typique, Mystery captive par sa luminosit\u00e9 et sa profondeur enchanteresses. Des d\u00e9grad\u00e9s subtils soulignent la beaut\u00e9 naturelle de l'int\u00e9rieur gr\u00e2ce \u00e0 ces lentilles color\u00e9es sp\u00e9cialis\u00e9es. La chaleur et l'\u00e9clat enveloppent votre regard d'un voile s\u00e9duisant, laissant les spectateurs mystifi\u00e9s.<\/p>\n<p>Une ing\u00e9nierie de pr\u00e9cision et des mat\u00e9riaux hydra-gel avanc\u00e9s permettent \u00e0 Mystery Yellow de mettre l'accent sans effort tout au long de la journ\u00e9e. Nos lentilles d'\u00e9lite suivent chaque expression avec une clart\u00e9 et un confort imperceptibles. Laissez le myst\u00e8re vous guider vers de nouvelles d\u00e9couvertes de caract\u00e8re et de confiance.<\/p>\n<p>Lib\u00e9rez votre personnalit\u00e9 la plus magn\u00e9tique gr\u00e2ce \u00e0 ce m\u00e9lange de tons dor\u00e9s brillants. En tant que meilleur fabricant de lentilles de contact color\u00e9es, BQeye favorise l'expression authentique de soi. D\u00e9couvrez Mystery Yellow - ainsi que notre gamme renomm\u00e9e de teintes transformationnelles.<\/p>\n<p>Illuminez le prochain chapitre de votre destin avec des lentilles de contact color\u00e9es Jaune Myst\u00e8re gorg\u00e9es de soleil qui amplifient votre \u00e9clat myst\u00e9rieux. Laissez BQeye vous aider \u00e0 r\u00e9v\u00e9ler des yeux qui captivent et ajoutent un air de chaleur et de charme intrigant.<\/p>","protected":false},"excerpt":{"rendered":"<p>Illuminate your eyes with sun-kissed intrigue courtesy of BQeye Mystery Yellow colored contact lenses. Our innovative alchemy of amber, honey and lemon hues unveils radiant eyes that sparkle with an inexplicable charm. More than a typical yellow, Mystery captivates with an enchanting luminosity and depth. Subtle gradients highlight natural beauty from within through these specialized [&#8230;]\n","protected":false},"featured_media":937,"comment_status":"open","ping_status":"closed","template":"","meta":[],"product_brand":[],"product_cat":[216,92,96,98,79],"product_tag":[],"class_list":{"0":"post-930","1":"product","2":"type-product","3":"status-publish","4":"has-post-thumbnail","6":"product_cat-mystery","7":"product_cat-14-5-mm","8":"product_cat-non-prescription","9":"product_cat-yearly-disposable","10":"product_cat-yellow-contact-lenses","12":"first","13":"instock","14":"sale","15":"shipping-taxable","16":"purchasable","17":"product-type-variable","18":"has-default-attributes"},"_links":{"self":[{"href":"https:\/\/bqeye.com\/fr\/wp-json\/wp\/v2\/product\/930","targetHints":{"allow":["GET"]}}],"collection":[{"href":"https:\/\/bqeye.com\/fr\/wp-json\/wp\/v2\/product"}],"about":[{"href":"https:\/\/bqeye.com\/fr\/wp-json\/wp\/v2\/types\/product"}],"replies":[{"embeddable":true,"href":"https:\/\/bqeye.com\/fr\/wp-json\/wp\/v2\/comments?post=930"}],"wp:featuredmedia":[{"embeddable":true,"href":"https:\/\/bqeye.com\/fr\/wp-json\/wp\/v2\/media\/937"}],"wp:attachment":[{"href":"https:\/\/bqeye.com\/fr\/wp-json\/wp\/v2\/media?parent=930"}],"wp:term":[{"taxonomy":"product_brand","embeddable":true,"href":"https:\/\/bqeye.com\/fr\/wp-json\/wp\/v2\/product_brand?post=930"},{"taxonomy":"product_cat","embeddable":true,"href":"https:\/\/bqeye.com\/fr\/wp-json\/wp\/v2\/product_cat?post=930"},{"taxonomy":"product_tag","embeddable":true,"href":"https:\/\/bqeye.com\/fr\/wp-json\/wp\/v2\/product_tag?post=930"}],"curies":[{"name":"wp","href":"https:\/\/api.w.org\/{rel}","templated":true}]}}