{"id":943,"date":"2023-09-12T08:39:25","date_gmt":"2023-09-12T08:39:25","guid":{"rendered":"https:\/\/bqeye.com\/?post_type=product&#038;p=943"},"modified":"2024-04-18T02:21:52","modified_gmt":"2024-04-18T02:21:52","slug":"bqeye-elf-purple-colored-contact-lenses","status":"publish","type":"product","link":"https:\/\/bqeye.com\/fr\/bqeye-elf-purple-colored-contact-lenses\/","title":{"rendered":"Lentilles de contact color\u00e9es BQeye ELF Purple"},"content":{"rendered":"<p>Lancez un regard envo\u00fbtant avec les lentilles de contact color\u00e9es ELF Purple de BQeye. Notre m\u00e9lange lumineux d'am\u00e9thyste et de prune r\u00e9veille les yeux avec une allure d'un autre monde.<\/p>\n<p>Plus qu'un simple violet, ELF y ajoute des reflets p\u00eache et des nuances ros\u00e9es pour un effet multidimensionnel magique. Comme les lumi\u00e8res des f\u00e9es dansant au milieu du cr\u00e9puscule, ces lentilles de contact color\u00e9es rehaussent la beaut\u00e9 naturelle de l'int\u00e9rieur.<\/p>\n<p>Con\u00e7ues par nos ma\u00eetres des lentilles color\u00e9es, les lentilles ELF Purple se d\u00e9placent imperceptiblement sur les yeux. La technologie HydraMatrixTM les maintient ultra-hydrat\u00e9s pour que vous puissiez jeter votre sort toute la journ\u00e9e dans le confort. Les secrets de la for\u00eat sont d\u00e9sormais \u00e0 votre port\u00e9e.<\/p>\n<p>Laissez ELF rehausser votre charme avec un nouveau look envo\u00fbtant. Les montures sp\u00e9cialis\u00e9es de BQeye garantissent un ajustement parfait pour accentuer votre \u00e9clat mystique. Qu'elles soient audacieuses ou subtiles, ces lentilles permettent une v\u00e9ritable expression de soi.<\/p>\n<p>Lib\u00e9rez la f\u00e9e qui sommeille en vous avec les lentilles de contact color\u00e9es BQeye ELF Purple. D\u00e9couvrez comment notre c\u00e9l\u00e8bre collection de lentilles peut faire ressortir votre essence charismatique. Il est temps d'illuminer la prochaine incantation du destin \u00e0 travers des yeux de f\u00e9e teint\u00e9s de rose. La magie ne fait que commencer.<\/p>","protected":false},"excerpt":{"rendered":"<p>Cast a spellbinding gaze with BQeye&#8217;s enchanting ELF Purple colored contact lenses. Ourluminous amethyst and plum blend awakens eyes with an otherworldly allure. More than a simple purple, ELF imbues peachy highlights and pinky undertones for a magical multi-dimensional effect. Like catching faerie lights dancing amidst the dusk, these colorful contact lenses enhance natural beauty [&#8230;]\n","protected":false},"featured_media":951,"comment_status":"open","ping_status":"closed","template":"","meta":[],"product_brand":[],"product_cat":[217,92,96,82,98],"product_tag":[],"class_list":{"0":"post-943","1":"product","2":"type-product","3":"status-publish","4":"has-post-thumbnail","6":"product_cat-elf","7":"product_cat-14-5-mm","8":"product_cat-non-prescription","9":"product_cat-purple-contact-lenses","10":"product_cat-yearly-disposable","12":"first","13":"instock","14":"sale","15":"shipping-taxable","16":"purchasable","17":"product-type-variable","18":"has-default-attributes"},"_links":{"self":[{"href":"https:\/\/bqeye.com\/fr\/wp-json\/wp\/v2\/product\/943","targetHints":{"allow":["GET"]}}],"collection":[{"href":"https:\/\/bqeye.com\/fr\/wp-json\/wp\/v2\/product"}],"about":[{"href":"https:\/\/bqeye.com\/fr\/wp-json\/wp\/v2\/types\/product"}],"replies":[{"embeddable":true,"href":"https:\/\/bqeye.com\/fr\/wp-json\/wp\/v2\/comments?post=943"}],"wp:featuredmedia":[{"embeddable":true,"href":"https:\/\/bqeye.com\/fr\/wp-json\/wp\/v2\/media\/951"}],"wp:attachment":[{"href":"https:\/\/bqeye.com\/fr\/wp-json\/wp\/v2\/media?parent=943"}],"wp:term":[{"taxonomy":"product_brand","embeddable":true,"href":"https:\/\/bqeye.com\/fr\/wp-json\/wp\/v2\/product_brand?post=943"},{"taxonomy":"product_cat","embeddable":true,"href":"https:\/\/bqeye.com\/fr\/wp-json\/wp\/v2\/product_cat?post=943"},{"taxonomy":"product_tag","embeddable":true,"href":"https:\/\/bqeye.com\/fr\/wp-json\/wp\/v2\/product_tag?post=943"}],"curies":[{"name":"wp","href":"https:\/\/api.w.org\/{rel}","templated":true}]}}