{"id":953,"date":"2023-09-12T10:13:13","date_gmt":"2023-09-12T10:13:13","guid":{"rendered":"https:\/\/bqeye.com\/?post_type=product&#038;p=953"},"modified":"2024-04-18T02:21:48","modified_gmt":"2024-04-18T02:21:48","slug":"bqeye-elf-red-colored-contact-lenses","status":"publish","type":"product","link":"https:\/\/bqeye.com\/fr\/bqeye-elf-red-colored-contact-lenses\/","title":{"rendered":"Lentilles de contact color\u00e9es BQeye ELF Red"},"content":{"rendered":"<p>Faites une premi\u00e8re impression enflamm\u00e9e avec les lentilles de contact color\u00e9es ELF Red de BQeye, con\u00e7ues pour captiver et intriguer. Notre infusion enchanteresse de roux et d'\u00e9carlate r\u00e9veille les yeux comme s'ils dansaient dans les flammes d'un bois sauvage.<\/p>\n<p>Plus qu'un simple rouge, ELF m\u00e9lange de chauds reflets ambr\u00e9s et cramoisis, comme des scintillements aper\u00e7us au milieu de feux de ronces. Ces lentilles de contact color\u00e9es sp\u00e9cialis\u00e9es mettent en valeur votre beaut\u00e9 naturelle gr\u00e2ce \u00e0 leur voile envo\u00fbtant.<\/p>\n<p>Fabriqu\u00e9 par des magiciens des lentilles, ELF Red bouge en synchronisation avec chaque \u00e9tincelle et chaque sourire. La formule HydraMatrixTM maintient l'hydratation pendant toute la dur\u00e9e de l'envo\u00fbtement. Les secrets de la passion int\u00e9rieure sont d\u00e9sormais \u00e0 votre port\u00e9e, si vous l'osez !<\/p>\n<p>Laissez ELF \u00e9lever l'audace et le plaisir. L'expertise de BQeye garantit un ajustement parfait pour enflammer votre charme magn\u00e9tique, que ce soit avec audace ou avec des mani\u00e8res de sorci\u00e8re rus\u00e9e. D\u00e9sormais, votre regard vous offre de nouvelles histoires d'allure authentique.<\/p>\n<p>Illuminez votre destin enflamm\u00e9 avec ces lentilles sulfureuses \u00e9carlates et rousses. Il est temps de d\u00e9couvrir la collection renomm\u00e9e de BQeye et de r\u00e9v\u00e9ler votre lumi\u00e8re la plus captivante, vue \u00e0 travers des yeux qui br\u00fblent et captivent ! Le temps de l'enchantement est proche.<\/p>","protected":false},"excerpt":{"rendered":"<p>Cast a fiery first impression with BQeye&#8217;s ELF Red colored contact lenses, crafted to captivate and intrigue. Our enchanting russet and scarlet infusion awakens eyes as if dancing in wildwood flames. More than mere red, ELF blends warm amber and crimson glints, like flickers glimpsed amidst bramble bonfires. These specialized colored contact lenses enhance your [&#8230;]\n","protected":false},"featured_media":961,"comment_status":"open","ping_status":"closed","template":"","meta":[],"product_brand":[],"product_cat":[217,92,96,78,98],"product_tag":[],"class_list":{"0":"post-953","1":"product","2":"type-product","3":"status-publish","4":"has-post-thumbnail","6":"product_cat-elf","7":"product_cat-14-5-mm","8":"product_cat-non-prescription","9":"product_cat-red-contact-lenses","10":"product_cat-yearly-disposable","12":"first","13":"instock","14":"sale","15":"shipping-taxable","16":"purchasable","17":"product-type-variable","18":"has-default-attributes"},"_links":{"self":[{"href":"https:\/\/bqeye.com\/fr\/wp-json\/wp\/v2\/product\/953","targetHints":{"allow":["GET"]}}],"collection":[{"href":"https:\/\/bqeye.com\/fr\/wp-json\/wp\/v2\/product"}],"about":[{"href":"https:\/\/bqeye.com\/fr\/wp-json\/wp\/v2\/types\/product"}],"replies":[{"embeddable":true,"href":"https:\/\/bqeye.com\/fr\/wp-json\/wp\/v2\/comments?post=953"}],"wp:featuredmedia":[{"embeddable":true,"href":"https:\/\/bqeye.com\/fr\/wp-json\/wp\/v2\/media\/961"}],"wp:attachment":[{"href":"https:\/\/bqeye.com\/fr\/wp-json\/wp\/v2\/media?parent=953"}],"wp:term":[{"taxonomy":"product_brand","embeddable":true,"href":"https:\/\/bqeye.com\/fr\/wp-json\/wp\/v2\/product_brand?post=953"},{"taxonomy":"product_cat","embeddable":true,"href":"https:\/\/bqeye.com\/fr\/wp-json\/wp\/v2\/product_cat?post=953"},{"taxonomy":"product_tag","embeddable":true,"href":"https:\/\/bqeye.com\/fr\/wp-json\/wp\/v2\/product_tag?post=953"}],"curies":[{"name":"wp","href":"https:\/\/api.w.org\/{rel}","templated":true}]}}