{"id":962,"date":"2023-09-12T10:27:13","date_gmt":"2023-09-12T10:27:13","guid":{"rendered":"https:\/\/bqeye.com\/?post_type=product&#038;p=962"},"modified":"2024-04-18T02:21:45","modified_gmt":"2024-04-18T02:21:45","slug":"bqeye-elf-blue-colored-contact-lenses","status":"publish","type":"product","link":"https:\/\/bqeye.com\/fr\/bqeye-elf-blue-colored-contact-lenses\/","title":{"rendered":"Lentilles de contact color\u00e9es bleues BQeye ELF"},"content":{"rendered":"<p>Jetez un sort de calme avec les lentilles de contact color\u00e9es ELF Blue de BQeye, fabriqu\u00e9es par des magiciens des lentilles. Notre serein tourbillon d'azur et de saphir \u00e9veille les yeux comme s'il s'agissait d'apercevoir les profondeurs tranquilles de l'oc\u00e9an. Bien plus qu'un simple bleu, ELF insuffle des reflets aqua et pervenche - des aper\u00e7us d'\u00e2mes coralliennes au milieu des mar\u00e9es changeantes. Ces lentilles de contact color\u00e9es sp\u00e9cialis\u00e9es mettent en valeur la beaut\u00e9 naturelle \u00e0 l'int\u00e9rieur de leur voile apaisant.<\/p>\n<p>Fil\u00e9 par des ma\u00eetres artisans elfes, ELF Blue bouge au rythme des vagues et des sourires. HydraMatrixTM les garde frais toute la journ\u00e9e, tandis que vous explorez votre tranquillit\u00e9 int\u00e9rieure. Les secrets des profondeurs vous appellent, si vous osez y r\u00e9pondre.<\/p>\n<p>Laissez ELF rehausser votre allure par une magie m\u00e9ditative. L'art de BQeye assure un ajustement parfait pour mettre en valeur votre charme apaisant, qu'il s'agisse d'un parfum doux ou d'un courant sauvage. De nouvelles histoires de s\u00e9r\u00e9nit\u00e9 brillent d\u00e9sormais.<\/p>\n<p>R\u00e9veillez votre destin paisible avec ces lentilles calmantes inspir\u00e9es de la mer. Il est temps de d\u00e9couvrir la c\u00e9l\u00e8bre collection de BQeye et de trouver la teinte qui r\u00e9v\u00e9lera votre lumi\u00e8re la plus apaisante, \u00e0 travers des yeux qui apaisent le c\u0153ur et l'\u00e2me. Les r\u00e9ponses coulent librement comme les mar\u00e9es.<\/p>","protected":false},"excerpt":{"rendered":"<p>Cast a spell of calm with BQeye&#8217;s ELF Blue colored contact lenses, crafted by lens magicians. Our serene azure and sapphire swirl awakens eyes like glimpsing tranquil ocean depths. More than mere blue, ELF infuses aqua and periwinkle glints &#8211; glimpses of coral souls amid rolling tides. These specialized colored contact lenses enhance natural beauty [&#8230;]\n","protected":false},"featured_media":970,"comment_status":"open","ping_status":"closed","template":"","meta":[],"product_brand":[],"product_cat":[217,92,75,96,98],"product_tag":[],"class_list":{"0":"post-962","1":"product","2":"type-product","3":"status-publish","4":"has-post-thumbnail","6":"product_cat-elf","7":"product_cat-14-5-mm","8":"product_cat-blue-contact-lenses","9":"product_cat-non-prescription","10":"product_cat-yearly-disposable","12":"first","13":"instock","14":"sale","15":"shipping-taxable","16":"purchasable","17":"product-type-variable","18":"has-default-attributes"},"_links":{"self":[{"href":"https:\/\/bqeye.com\/fr\/wp-json\/wp\/v2\/product\/962","targetHints":{"allow":["GET"]}}],"collection":[{"href":"https:\/\/bqeye.com\/fr\/wp-json\/wp\/v2\/product"}],"about":[{"href":"https:\/\/bqeye.com\/fr\/wp-json\/wp\/v2\/types\/product"}],"replies":[{"embeddable":true,"href":"https:\/\/bqeye.com\/fr\/wp-json\/wp\/v2\/comments?post=962"}],"wp:featuredmedia":[{"embeddable":true,"href":"https:\/\/bqeye.com\/fr\/wp-json\/wp\/v2\/media\/970"}],"wp:attachment":[{"href":"https:\/\/bqeye.com\/fr\/wp-json\/wp\/v2\/media?parent=962"}],"wp:term":[{"taxonomy":"product_brand","embeddable":true,"href":"https:\/\/bqeye.com\/fr\/wp-json\/wp\/v2\/product_brand?post=962"},{"taxonomy":"product_cat","embeddable":true,"href":"https:\/\/bqeye.com\/fr\/wp-json\/wp\/v2\/product_cat?post=962"},{"taxonomy":"product_tag","embeddable":true,"href":"https:\/\/bqeye.com\/fr\/wp-json\/wp\/v2\/product_tag?post=962"}],"curies":[{"name":"wp","href":"https:\/\/api.w.org\/{rel}","templated":true}]}}