{"id":981,"date":"2023-09-12T11:06:10","date_gmt":"2023-09-12T11:06:10","guid":{"rendered":"https:\/\/bqeye.com\/?post_type=product&#038;p=981"},"modified":"2024-04-18T02:21:39","modified_gmt":"2024-04-18T02:21:39","slug":"bqeye-magnificent-sahara-brown-colored-contact-lenses","status":"publish","type":"product","link":"https:\/\/bqeye.com\/fr\/bqeye-magnificent-sahara-brown-colored-contact-lenses\/","title":{"rendered":"Lentilles de contact color\u00e9es BQeye Magnificent Sahara Brown"},"content":{"rendered":"<p>Plongez vos yeux dans la chaleur avec les lentilles de contact color\u00e9es BQeye's Magnificent Sahara Brown. Notre m\u00e9lange de sable, de cacao et de s\u00e9pia, g\u00e2t\u00e9 par le soleil, r\u00e9veille les yeux comme les dunes du d\u00e9sert caress\u00e9es au cr\u00e9puscule.<\/p>\n<p>Plus qu'un simple marron, Magnificent allume des nuances ardentes - des touches d'or lorsque le soleil s'enfonce dans les ombres de la terre de sienne. Ces lentilles color\u00e9es sp\u00e9cialis\u00e9es rehaussent la beaut\u00e9 naturelle \u00e0 l'int\u00e9rieur de leur voile teint\u00e9 de soleil couchant.<\/p>\n<p>Fabriqu\u00e9 par des artisans de la lentille, Magnificent bouge au fur et \u00e0 mesure que vous souriez, clignez des yeux et riez toute la journ\u00e9e. La formule HEMA maintient l'hydratation de ces sph\u00e8res du coucher de soleil, que vous montiez \u00e0 dos de chameau ou que vous observiez les \u00e9toiles sous des cieux magnifiques \u00e0 l'infini. Maintenant, les feux int\u00e9rieurs et les id\u00e9es cach\u00e9es peuvent \u00e9merger pour que vous puissiez les contempler.<\/p>\n<p>Laissez Magnificent rehausser votre \u00e9clat avec une couleur richement lumineuse. L'expertise de BQeye garantit la douceur du beurre pour mettre en valeur le magn\u00e9tisme br\u00fblant, qu'il s'agisse d'une flamme audacieuse ou d'une couleur subtilement rehauss\u00e9e par les vents chauds du d\u00e9sert. De nouvelles histoires d'allure ensoleill\u00e9e brillent d\u00e9sormais aux yeux de tous.<\/p>\n<p>Allumez votre splendide destin avec des lentilles de contact color\u00e9es aussi riches et vari\u00e9es que les dunes elles-m\u00eames. Il est temps de d\u00e9couvrir des yeux qui brillent comme des sables br\u00fblants au cr\u00e9puscule, aper\u00e7us \u00e0 travers le voile magnifiquement chaud de la plus belle cr\u00e9ation de BQeye. Vos possibilit\u00e9s infinies ne font que commencer.<\/p>","protected":false},"excerpt":{"rendered":"<p>Bask your eyes in warmth with BQeye&#8217;s Magnificent Sahara Brown colored contact lenses. Our sun-blessed blend of sand, cocoa and sepia awakens orbs aglow like desert dunes caressed at dusk. More than mere brown, Magnificent ignites fiery undertones\u2014hints of gold as the sun sinks into sienna shadows. These specialized colored contacts enhance natural beauty from [&#8230;]\n","protected":false},"featured_media":988,"comment_status":"open","ping_status":"closed","template":"","meta":[],"product_brand":[],"product_cat":[207,91,80,96,98],"product_tag":[],"class_list":{"0":"post-981","1":"product","2":"type-product","3":"status-publish","4":"has-post-thumbnail","6":"product_cat-magnificent","7":"product_cat-14-2-mm","8":"product_cat-brown-contact-lenses","9":"product_cat-non-prescription","10":"product_cat-yearly-disposable","12":"first","13":"instock","14":"sale","15":"shipping-taxable","16":"purchasable","17":"product-type-variable","18":"has-default-attributes"},"_links":{"self":[{"href":"https:\/\/bqeye.com\/fr\/wp-json\/wp\/v2\/product\/981","targetHints":{"allow":["GET"]}}],"collection":[{"href":"https:\/\/bqeye.com\/fr\/wp-json\/wp\/v2\/product"}],"about":[{"href":"https:\/\/bqeye.com\/fr\/wp-json\/wp\/v2\/types\/product"}],"replies":[{"embeddable":true,"href":"https:\/\/bqeye.com\/fr\/wp-json\/wp\/v2\/comments?post=981"}],"wp:featuredmedia":[{"embeddable":true,"href":"https:\/\/bqeye.com\/fr\/wp-json\/wp\/v2\/media\/988"}],"wp:attachment":[{"href":"https:\/\/bqeye.com\/fr\/wp-json\/wp\/v2\/media?parent=981"}],"wp:term":[{"taxonomy":"product_brand","embeddable":true,"href":"https:\/\/bqeye.com\/fr\/wp-json\/wp\/v2\/product_brand?post=981"},{"taxonomy":"product_cat","embeddable":true,"href":"https:\/\/bqeye.com\/fr\/wp-json\/wp\/v2\/product_cat?post=981"},{"taxonomy":"product_tag","embeddable":true,"href":"https:\/\/bqeye.com\/fr\/wp-json\/wp\/v2\/product_tag?post=981"}],"curies":[{"name":"wp","href":"https:\/\/api.w.org\/{rel}","templated":true}]}}