{"id":993,"date":"2023-09-12T11:36:34","date_gmt":"2023-09-12T11:36:34","guid":{"rendered":"https:\/\/bqeye.com\/?post_type=product&#038;p=993"},"modified":"2024-04-18T02:21:35","modified_gmt":"2024-04-18T02:21:35","slug":"bqeye-magnificent-amazonia-green-colored-contact-lenses","status":"publish","type":"product","link":"https:\/\/bqeye.com\/fr\/bqeye-magnificent-amazonia-green-colored-contact-lenses\/","title":{"rendered":"BQeye Lentilles de contact de couleur vert amazonien magnifique"},"content":{"rendered":"<p>Lib\u00e9rez les yeux de la for\u00eat tropicale avec les lentilles de contact color\u00e9es Magnificent Amazonia Green de BQeye. Notre m\u00e9lange verdoyant d'\u00e9meraude, de mousse et de feuilles de palmier r\u00e9veille des yeux anim\u00e9s par la vigueur indompt\u00e9e de la nature.<\/p>\n<p>Au del\u00e0 du simple vert, Magnificent allume des nuances de sarcelle et d'aqua - des \u00e9clairs d'ailes de perroquet dans le balancement de la canop\u00e9e. Ces lentilles de contact color\u00e9es sp\u00e9cialis\u00e9es mettent en valeur la beaut\u00e9 naturelle \u00e0 l'int\u00e9rieur de leur voile de jungle luxuriante.<\/p>\n<p>Fabriqu\u00e9 par des artisans impr\u00e9gn\u00e9s de la magie de la for\u00eat tropicale, Magnificent se d\u00e9place avec une vitalit\u00e9 sans entrave. HEMA pr\u00e9serve la fra\u00eecheur de ces sph\u00e8res verdoyantes, qu'il s'agisse d'explorer des grottes cach\u00e9es ou d'escalader des sommets imposants. Les secrets de la for\u00eat peuvent maintenant \u00eatre entrevus, si vous avez les yeux pour voir.<\/p>\n<p>Laissez Magnificent amplifier l'\u00e9clat vibrant avec une riche couleur verte. La pr\u00e9cision de BQeye assure un port souple pour mettre en valeur le charme inn\u00e9, qu'il s'\u00e9panouisse au milieu d'un feuillage dense ou qu'il soit observ\u00e9 avec une intention tranquille. De nouvelles histoires sur l'attrait de la for\u00eat tropicale brillent d\u00e9sormais.<\/p>\n<p>R\u00e9veillez votre \u00e2me sauvage avec des lentilles aussi florissantes et vari\u00e9es que l'Amazonie elle-m\u00eame. Il est temps de d\u00e9couvrir des yeux illumin\u00e9s par l'\u00e9lan d'une nature sans entrave, aper\u00e7us \u00e0 travers le voile \u00e9meraude enchanteur de Magnificent. Votre voyage vers les d\u00e9couvertes infinies de la vie ne fait que commencer.<\/p>","protected":false},"excerpt":{"rendered":"<p>Unleash rainforest eyes aglow with BQeye&#8217;s Magnificent Amazonia Green colored contact lenses. Our verdant blend of emerald, moss and palm fronds awakens orbs alive with nature\u2019s untamed vigor. Beyond mere green, Magnificent ignites undertones of teal and aqua \u2014 flashes of parrot wings amid the canopy&#8217;s sway. These specialized colored contact lenses enhance natural beauty [&#8230;]\n","protected":false},"featured_media":1000,"comment_status":"open","ping_status":"closed","template":"","meta":[],"product_brand":[],"product_cat":[207,91,77,96,98],"product_tag":[],"class_list":{"0":"post-993","1":"product","2":"type-product","3":"status-publish","4":"has-post-thumbnail","6":"product_cat-magnificent","7":"product_cat-14-2-mm","8":"product_cat-green-contact-lenses","9":"product_cat-non-prescription","10":"product_cat-yearly-disposable","12":"first","13":"instock","14":"sale","15":"shipping-taxable","16":"purchasable","17":"product-type-variable","18":"has-default-attributes"},"_links":{"self":[{"href":"https:\/\/bqeye.com\/fr\/wp-json\/wp\/v2\/product\/993","targetHints":{"allow":["GET"]}}],"collection":[{"href":"https:\/\/bqeye.com\/fr\/wp-json\/wp\/v2\/product"}],"about":[{"href":"https:\/\/bqeye.com\/fr\/wp-json\/wp\/v2\/types\/product"}],"replies":[{"embeddable":true,"href":"https:\/\/bqeye.com\/fr\/wp-json\/wp\/v2\/comments?post=993"}],"wp:featuredmedia":[{"embeddable":true,"href":"https:\/\/bqeye.com\/fr\/wp-json\/wp\/v2\/media\/1000"}],"wp:attachment":[{"href":"https:\/\/bqeye.com\/fr\/wp-json\/wp\/v2\/media?parent=993"}],"wp:term":[{"taxonomy":"product_brand","embeddable":true,"href":"https:\/\/bqeye.com\/fr\/wp-json\/wp\/v2\/product_brand?post=993"},{"taxonomy":"product_cat","embeddable":true,"href":"https:\/\/bqeye.com\/fr\/wp-json\/wp\/v2\/product_cat?post=993"},{"taxonomy":"product_tag","embeddable":true,"href":"https:\/\/bqeye.com\/fr\/wp-json\/wp\/v2\/product_tag?post=993"}],"curies":[{"name":"wp","href":"https:\/\/api.w.org\/{rel}","templated":true}]}}