{"id":328,"date":"2023-09-07T12:23:58","date_gmt":"2023-09-07T12:23:58","guid":{"rendered":"https:\/\/bqeye.com\/?page_id=328"},"modified":"2023-12-10T06:22:04","modified_gmt":"2023-12-10T06:22:04","slug":"about-us","status":"publish","type":"page","link":"https:\/\/bqeye.com\/it\/about-us\/","title":{"rendered":"Chi siamo"},"content":{"rendered":"<h3 class=\"md-end-block md-heading\"><span class=\"md-plain md-expand\">La nostra storia<\/span><\/h3>\n<p class=\"md-end-block md-p md-focus\"><span class=\"md-plain md-expand\">Si dice che gli occhi siano la finestra dell'anima. Ma per troppo tempo le aziende produttrici di lenti a contatto hanno limitato ci\u00f2 che possiamo vedere attraverso quelle finestre. I grandi operatori dominano il settore, applicando prezzi eccessivi per le lenti trasparenti di base e ignorando la richiesta dei consumatori di maggiori opzioni. Hanno trasformato le lenti a contatto in una merce insipida, piuttosto che in un'eccitante possibilit\u00e0 di espressione personale.<\/span><\/p>\n<p class=\"md-end-block md-p\"><span class=\"md-plain\">Abbiamo fondato la nostra azienda per infrangere queste finestre sbiadite e portare un po' di colore nel mondo delle lenti a contatto.<\/span><\/p>\n<h3 class=\"md-end-block md-heading\"><span class=\"md-plain\">Chi siamo<\/span><\/h3>\n<p class=\"md-end-block md-p\"><span class=\"md-plain\">Io sono Alex e io sono Alice. Siamo fratelli e sorelle, imprenditori e, soprattutto, ottimisti incrollabili.<\/span><\/p>\n<p class=\"md-end-block md-p\"><span class=\"md-plain\">Crescendo, abbiamo entrambi lottato con problemi di vista che hanno richiesto l'uso di occhiali o lenti a contatto fin dalla pi\u00f9 tenera et\u00e0. Da adolescenti, abbiamo risparmiato la nostra paghetta per comprare delle lenti a contatto colorate che ci permettessero di cambiare il colore degli occhi per divertimento. Ci siamo resi conto di quanto fosse trasformativo cambiare anche un piccolo dettaglio del nostro aspetto.<\/span><\/p>\n<p class=\"md-end-block md-p\"><span class=\"md-plain\">Pi\u00f9 tardi, durante l'universit\u00e0, abbiamo parlato spesso di avviare un'azienda insieme, un giorno. Una sera, a cena, \u00e8 scoccata la scintilla che ha portato alla nostra attuale impresa. Ci stavamo lamentando dell'aumento dei costi delle lenti a contatto e della mancanza di innovazione da parte dei grandi produttori. \u00c8 stato allora che ci \u00e8 venuta l'idea: lanciare un'azienda di lenti a contatto colorate e accessibili che permettesse alle persone di farsi notare, non solo di correggere la propria vista.<\/span><\/p>\n<p class=\"md-end-block md-p\"><span class=\"md-plain\">Sapevamo che non sarebbe stato facile penetrare nell'oligopolio dell'industria delle lenti a contatto. Ma eravamo determinati a portare cambiamenti, creativit\u00e0 e risparmi ai consumatori. Cos\u00ec abbiamo sviluppato un piano, abbiamo contattato i partner di produzione e abbiamo fatto il salto nell'imprenditoria.<\/span><\/p>\n<h3 class=\"md-end-block md-heading\"><span class=\"md-plain\">Perch\u00e9 le lenti colorate?<\/span><\/h3>\n<p class=\"md-end-block md-p\"><span class=\"md-plain\">Le lenti a contatto colorate vi permettono di trasformare il vostro look in un istante. Volete provare a cambiare radicalmente il colore degli occhi? Passate dal marrone al blu in un attimo. Avete voglia di sfoggiare occhi da gatto per una festa in maschera? Ora \u00e8 possibile con le lenti colorate.<\/span><\/p>\n<p class=\"md-end-block md-p\"><span class=\"md-plain\">Al di l\u00e0 del fattore divertimento, le lenti a contatto colorate piacciono anche a chi cerca un sottile miglioramento del proprio colore naturale degli occhi. Per esempio, schiarire un marrone scuro in una tonalit\u00e0 miele o aggiungere un anello limbare per far risaltare gli occhi blu.<\/span><\/p>\n<p class=\"md-end-block md-p\"><span class=\"md-plain\">I casi d'uso vanno ben oltre il fascino estetico. Le lenti a contatto colorate consentono applicazioni mediche come le protesi oculari. Se formulate con filtri protettivi, possono anche proteggere gli occhi dai raggi UV.<\/span><\/p>\n<p class=\"md-end-block md-p\"><span class=\"md-plain\">In generale, le opzioni di colore delle lenti a contatto consentono l'espressione personale, aumentano la fiducia in se stessi, rispondono a esigenze mediche e ampliano la definizione di bellezza. Le possibilit\u00e0 sono infinite se si considerano le lenti a contatto come un accessorio cosmetico, non solo come un dispositivo medico.<\/span><\/p>\n<h3 class=\"md-end-block md-heading\"><span class=\"md-plain\">Perch\u00e9 ora?<\/span><\/h3>\n<p class=\"md-end-block md-p\"><span class=\"md-plain\">I progressi nella tecnologia e nella produzione delle lenti a contatto rendono questo il momento ideale per lanciare la nostra visione colorata.<\/span><\/p>\n<p class=\"md-end-block md-p\"><span class=\"md-plain\">Quando abbiamo iniziato a scavare nel settore delle lenti a contatto, abbiamo trovato uno spazio bianco nel mercato. I prodotti disponibili erano obsoleti e poco ispirati. Le lenti per la correzione della vista dominano il mercato, mentre le lenti a contatto colorate vengono trattate come una novit\u00e0 di nicchia.<\/span><\/p>\n<p class=\"md-end-block md-p\"><span class=\"md-plain\">Ma la domanda di colore e di espressione personale \u00e8 forte. In un sondaggio che abbiamo condotto tra i 18 e i 35 anni, oltre 85% hanno dichiarato che sarebbero interessati alle lenti a contatto colorate se il costo fosse paragonabile a quello delle lenti trasparenti. Inoltre, 72% volevano opzioni di colore pi\u00f9 drammatiche che non si limitassero a migliorare il colore naturale degli occhi.<\/span><\/p>\n<p class=\"md-end-block md-p\"><span class=\"md-plain\">Questo scollamento tra la domanda dei consumatori e la mancanza di lenti colorate di qualit\u00e0 e a prezzi accessibili rappresenta un'enorme opportunit\u00e0. Grazie ai recenti progressi nella scienza dei materiali e nei metodi di fabbricazione delle lenti, oggi possiamo offrire direttamente ai consumatori lenti a colori durevoli e vivaci a prezzi dirompenti. La tecnologia ha finalmente raggiunto i desideri delle persone.<\/span><\/p>\n<h3 class=\"md-end-block md-heading\"><span class=\"md-plain\">La nostra visione<\/span><\/h3>\n<p class=\"md-end-block md-p\"><span class=\"md-plain\">Immaginiamo un futuro in cui le lenti a contatto colorate siano un modo divertente e accessibile per trasformare il proprio look, non un articolo speciale raramente utilizzato.<\/span><\/p>\n<p class=\"md-end-block md-p\"><span class=\"md-plain\">Quasi come un trucco per gli occhi, le nostre lenti a contatto colorate favoriscono l'espressione e l'esplorazione di s\u00e9. Vogliamo aiutarvi a sentirvi sicuri e a vostro agio nel provare nuovi colori, sapendo che le nostre lenti sono di alta qualit\u00e0 e a prezzi accessibili.<\/span><\/p>\n<p class=\"md-end-block md-p\"><span class=\"md-plain\">Sia che vogliate fare un cambiamento sottile o che vogliate distinguervi dalla massa, le nostre lenti permettono di fare tutto. Offriamo la pi\u00f9 ampia selezione di colori sul mercato, con opzioni esotiche che vanno ben oltre i soliti marroni, blu, verdi e grigi. Parliamo di ricchi colori metallici, pastello e persino di fantasie.<\/span><\/p>\n<p class=\"md-end-block md-p\"><span class=\"md-plain\">Oltre ad ampliare la gamma di colori, intendiamo anche ridurre drasticamente i costi. Il nostro modello commerciale diretto al consumatore consente di risparmiare fino a 75% rispetto alle marche di lenti a contatto tradizionali. Prevediamo un giorno in cui le lenti a contatto colorate costeranno pi\u00f9 o meno come le lenti trasparenti tradizionali, diventando cos\u00ec un acquisto facile e regolare anzich\u00e9 una spesa eccessiva.<\/span><\/p>\n<p class=\"md-end-block md-p\"><span class=\"md-plain\">Nel corso della nostra rapida crescita, non perderemo mai di vista il nostro impegno per la qualit\u00e0. Tutte le nostre lenti sono prodotte in impianti all'avanguardia e sottoposte a rigorosi test di sicurezza. Perch\u00e9 la salute degli occhi non dovrebbe mai essere sacrificata per inseguire lo stile.<\/span><\/p>\n<p class=\"md-end-block md-p\"><span class=\"md-plain\">In sintesi, la nostra visione \u00e8 un mondo in cui i contatti colorati sono:<\/span><\/p>\n<p class=\"md-end-block md-p\">-<span class=\"md-plain\"> Accessibile - prezzi accessibili, facilit\u00e0 di ordinazione online<\/span><\/p>\n<p class=\"md-end-block md-p\">-<span class=\"md-plain\"> Alta qualit\u00e0: rigorosamente testato per garantire sicurezza e durata.<\/span><\/p>\n<p class=\"md-end-block md-p\">-<span class=\"md-plain\"> On Trend - stili che anticipano e guidano i mercati<\/span><\/p>\n<p class=\"md-end-block md-p\">-<span class=\"md-plain\"> Empowering - un modo divertente per trasformare il vostro look alle vostre condizioni<\/span><\/p>\n<p class=\"md-end-block md-p\"><span class=\"md-plain\">I nostri progressi finora<\/span><\/p>\n<p class=\"md-end-block md-p\"><span class=\"md-plain\">Negli ultimi due anni abbiamo lavorato instancabilmente per trasformare la nostra visione in realt\u00e0:<\/span><\/p>\n<p class=\"md-end-block md-p\">-<span class=\"md-plain\"> Abbiamo collaborato con i migliori produttori mondiali di lenti a contatto per produrre il nostro portafoglio di lenti giornaliere monouso, lenti multisettimanali e lenti protesiche a effetti speciali.<\/span><\/p>\n<p class=\"md-end-block md-p\">-<span class=\"md-plain\"> Abbiamo reclutato oftalmologi e ingegneri di prodotto di fama per fornire consulenza sulle formulazioni delle nostre lenti, sui test di sicurezza e sulla produzione.<\/span><\/p>\n<p class=\"md-end-block md-p\">-<span class=\"md-plain\"> Abbiamo scelto materiali di alta qualit\u00e0, come i polimeri brevettati che cambiano colore e i pigmenti colorati personalizzati per ottenere colori vivaci e duraturi.<\/span><\/p>\n<p class=\"md-end-block md-p\">-<span class=\"md-plain\"> Abbiamo perfezionato le nostre operazioni di commercio elettronico diretto al consumatore, consentendo ai clienti di scegliere, personalizzare e ordinare facilmente le lenti online.<\/span><\/p>\n<p class=\"md-end-block md-p\">-<span class=\"md-plain\"> Abbiamo sviluppato tecniche innovative per produrre in modo rapido ed efficiente piccoli lotti di nuovi modelli di colore in risposta al feedback dei consumatori. Questa agilit\u00e0 mantiene i nostri stili freschi e stimolanti.<\/span><\/p>\n<p class=\"md-end-block md-p\">-<span class=\"md-plain\"> Abbiamo creato un centro di adempimento di livello mondiale per spedire le lenti direttamente ai clienti in tempi minimi.<\/span><\/p>\n<p class=\"md-end-block md-p\">-<span class=\"md-plain\"> Il nostro team \u00e8 cresciuto fino a contare pi\u00f9 di 50 persone appassionate di tecnologia, marketing, operazioni e coinvolgimento della comunit\u00e0.<\/span><\/p>\n<p class=\"md-end-block md-p\">-<span class=\"md-plain\"> Abbiamo chiuso con successo un round di finanziamento di Serie A da $7 milioni per alimentare i nostri piani di espansione.<\/span><\/p>\n<p class=\"md-end-block md-p\">-<span class=\"md-plain\"> Ma soprattutto, abbiamo lanciato il nostro negozio online 6 mesi fa. Da allora, oltre 20.000 clienti hanno scoperto la gioia, la fiducia e la libert\u00e0 che derivano dalle nostre lenti a contatto colorate.<\/span><\/p>\n<p class=\"md-end-block md-p\"><span class=\"md-plain\">Questo \u00e8 solo l'inizio. Nella prossima fase di crescita, ci occuperemo di:<\/span><\/p>\n<p class=\"md-end-block md-p\">-<span class=\"md-plain\"> Aumentare la nostra gamma di colori da 100 a oltre 500 opzioni.<\/span><\/p>\n<p class=\"md-end-block md-p\">-<span class=\"md-plain\"> Espansione internazionale per servire clienti in oltre 15 paesi<\/span><\/p>\n<p class=\"md-end-block md-p\">-<span class=\"md-plain\"> Far crescere la nostra comunit\u00e0 fino a oltre 500.000 clienti di lenti a contatto colorate<\/span><\/p>\n<p class=\"md-end-block md-p\">-<span class=\"md-plain\"> Ridurre i costi di ulteriori 20%, trasferendo i risparmi ai clienti<\/span><\/p>\n<p class=\"md-end-block md-p\">-<span class=\"md-plain\"> Affinare le nostre capacit\u00e0 di analisi e dati per comprendere il comportamento e le preferenze degli acquirenti.<\/span><\/p>\n<p class=\"md-end-block md-p\">-<span class=\"md-plain\"> Investire in nuove tecnologie, come la realt\u00e0 aumentata, per migliorare l'esperienza di acquisto online.<\/span><\/p>\n<p class=\"md-end-block md-p\">-<span class=\"md-plain\"> Mantenere il nostro impegno per la sostenibilit\u00e0 attraverso un packaging e una produzione eco-compatibili.<\/span><\/p>\n<p class=\"md-end-block md-p\"><span class=\"md-plain\">Con il vostro sostegno, sappiamo che riusciremo a trasformare lo stantio settore delle lenti a contatto e a mettere a fuoco la vivacit\u00e0 e l'espressione di s\u00e9. Unitevi a noi in questo viaggio!<\/span><\/p>\n<h3 class=\"md-end-block md-heading\"><span class=\"md-plain\">Il nostro team<\/span><\/h3>\n<p class=\"md-end-block md-p\"><span class=\"md-plain\">Mentre Alex e io abbiamo fondato l'azienda, ora abbiamo un incredibile team di 50 dipendenti che abbracciano la nostra visione e apportano energia e competenze inestimabili.<\/span><\/p>\n<p class=\"md-end-block md-p\"><span class=\"md-plain\">Il nostro staff comprende:<\/span><\/p>\n<ul class=\"ul-list\" data-mark=\"-\">\n<li class=\"md-list-item\">\n<p class=\"md-end-block md-p\">-<span class=\"md-plain\"> Oftalmologi e optometristi: Garantire che le nostre lenti corrispondano o superino gli standard di sicurezza dell'industria<\/span><\/p>\n<\/li>\n<li class=\"md-list-item\">\n<p class=\"md-end-block md-p\">-<span class=\"md-plain\"> Chimici delle lenti a contatto: Sviluppo di materiali e rivestimenti di nuova generazione per comfort e durata<\/span><\/p>\n<\/li>\n<li class=\"md-list-item\">\n<p class=\"md-end-block md-p\">-<span class=\"md-plain\"> Ingegneri di produzione: Supervisione dei processi di produzione e del controllo qualit\u00e0<\/span><\/p>\n<\/li>\n<li class=\"md-list-item\">\n<p class=\"md-end-block md-p\">-<span class=\"md-plain\"> Guru dell'e-commerce: Gestire il nostro negozio online e l'esperienza del cliente end-to-end<\/span><\/p>\n<\/li>\n<li class=\"md-list-item\">\n<p class=\"md-end-block md-p\">-<span class=\"md-plain\"> Designer grafici: Concettualizzare modelli ed effetti cromatici di tendenza<\/span><\/p>\n<\/li>\n<li class=\"md-list-item\">\n<p class=\"md-end-block md-p\">-<span class=\"md-plain\"> Maghi del marketing: Costruire la nostra comunit\u00e0 e promuovere la nostra missione<\/span><\/p>\n<\/li>\n<li class=\"md-list-item\">\n<p class=\"md-end-block md-p\">-<span class=\"md-plain\"> Ninja dell'evasione: Fornire una logistica rapida per la consegna degli ordini<\/span><\/p>\n<\/li>\n<li class=\"md-list-item\">\n<p class=\"md-end-block md-p\">-<span class=\"md-plain\"> Sostenitori dell'assistenza clienti: Fornire un'assistenza eccezionale prima e dopo l'acquisto<\/span><\/p>\n<\/li>\n<li class=\"md-list-item\">\n<p class=\"md-end-block md-p\">-<span class=\"md-plain\"> Professionisti delle operazioni aziendali: Dirigere le funzioni finanziarie, HR, legali e altre funzioni operative.<\/span><\/p>\n<\/li>\n<\/ul>\n<p class=\"md-end-block md-p\"><span class=\"md-plain\">Abbiamo anche collaborato con influencer e oculisti a livello globale per promuovere i nostri prodotti e contribuire a educare all'uso sicuro delle lenti a contatto colorate.<\/span><\/p>\n<p class=\"md-end-block md-p\"><span class=\"md-plain\">Questo team di talento ci permette di continuare a innovare e di scalare in modo responsabile. Siamo molto grati per la loro passione e il loro talento.<\/span><\/p>\n<h3 class=\"md-end-block md-heading\"><span class=\"md-plain\">I nostri partner di produzione<\/span><\/h3>\n<p class=\"md-end-block md-p\"><span class=\"md-plain\">Per produrre le nostre lenti a contatto colorate di nuova generazione, abbiamo collaborato con tre partner produttivi leader del settore negli Stati Uniti, in Europa e in Asia.<\/span><\/p>\n<p class=\"md-end-block md-p\"><span class=\"md-plain\">Questi partner ci danno accesso a strutture all'avanguardia, laboratori di test di sicurezza e competenze tecniche. La loro presenza a livello globale ci permette di consegnare in modo efficiente le lenti ai clienti di tutto il mondo.<\/span><\/p>\n<p class=\"md-end-block md-p\"><span class=\"md-plain\">Manteniamo una stretta sorveglianza dell'intero processo di produzione attraverso ispezioni di qualit\u00e0 in loco, audit di sicurezza e assegnando personale a ogni stabilimento. Questo approccio diretto garantisce che tutte le lenti soddisfino i nostri rigorosi standard.<\/span><\/p>\n<p class=\"md-end-block md-p\"><span class=\"md-plain\">I nostri rapporti di produzione ci permettono inoltre di sviluppare agilmente nuovi colori e di gestire le impennate della domanda. Possiamo aumentare rapidamente la produzione in diverse aree geografiche. Questa flessibilit\u00e0 ci aiuta a rimanere all'avanguardia nelle tendenze delle lenti a contatto colorate.<\/span><\/p>\n<p class=\"md-end-block md-p\"><span class=\"md-plain\">Mentre alcuni concorrenti cercano di nascondere i loro partner di produzione, noi condividiamo con orgoglio queste collaborazioni. I nostri clienti meritano di sapere chi produce le loro lenti e dove. Ci atteniamo, insieme ai nostri partner, ai pi\u00f9 alti standard di etica, qualit\u00e0 e trasparenza.<\/span><\/p>\n<h3 class=\"md-end-block md-heading\"><span class=\"md-plain\">La strada da percorrere<\/span><\/h3>\n<p class=\"md-end-block md-p\"><span class=\"md-plain\">Dalla nostra fondazione, due anni fa, abbiamo fatto enormi progressi. Ma abbiamo solo scalfito la superficie di ci\u00f2 che \u00e8 possibile.<\/span><\/p>\n<p class=\"md-end-block md-p\"><span class=\"md-plain md-expand\">Guardare al futuro,<\/span><\/p>","protected":false},"excerpt":{"rendered":"<p>Our Story They say eyes are the window to the soul. But for too long, contact lens companies have limited what we can see through those windows. The big players dominate the industry, overcharging for basic clear lenses while ignoring consumer demand for more options. They\u2019ve turned contact lenses into a bland commodity, rather than [&#8230;]\n","protected":false},"author":1,"featured_media":0,"parent":0,"menu_order":0,"comment_status":"closed","ping_status":"closed","template":"","meta":{"footnotes":""},"class_list":["post-328","page","type-page","status-publish","hentry"],"_links":{"self":[{"href":"https:\/\/bqeye.com\/it\/wp-json\/wp\/v2\/pages\/328","targetHints":{"allow":["GET"]}}],"collection":[{"href":"https:\/\/bqeye.com\/it\/wp-json\/wp\/v2\/pages"}],"about":[{"href":"https:\/\/bqeye.com\/it\/wp-json\/wp\/v2\/types\/page"}],"author":[{"embeddable":true,"href":"https:\/\/bqeye.com\/it\/wp-json\/wp\/v2\/users\/1"}],"replies":[{"embeddable":true,"href":"https:\/\/bqeye.com\/it\/wp-json\/wp\/v2\/comments?post=328"}],"version-history":[{"count":0,"href":"https:\/\/bqeye.com\/it\/wp-json\/wp\/v2\/pages\/328\/revisions"}],"wp:attachment":[{"href":"https:\/\/bqeye.com\/it\/wp-json\/wp\/v2\/media?parent=328"}],"curies":[{"name":"wp","href":"https:\/\/api.w.org\/{rel}","templated":true}]}}