{"id":1217,"date":"2023-12-09T13:09:56","date_gmt":"2023-12-09T13:09:56","guid":{"rendered":"https:\/\/bqeye.com\/?post_type=product&#038;p=1217"},"modified":"2024-04-18T02:20:57","modified_gmt":"2024-04-18T02:20:57","slug":"oolong-tea-brown-colored-contacts","status":"publish","type":"product","link":"https:\/\/bqeye.com\/it\/oolong-tea-brown-colored-contacts\/","title":{"rendered":"Contatti colorati Oolong Tea Brown"},"content":{"rendered":"<p>Scoprire l'artista che \u00e8 in voi - Un nuovo modo di vedere la bellezza con i contatti colorati BQEYE<\/p>\n<p>Tutti noi abbiamo un artista dentro di noi che desidera esprimersi. Per molti, il colore degli occhi \u00e8 un modo semplice ma d'impatto per mostrare il nostro spirito creativo. Vi presentiamo l'ultima innovazione di BQEYE per alimentare la vostra musa interiore: i contatti colorati Oolong Tea Brown.<\/p>\n<p>Queste lenti, che prendono il nome dalla delicata tonalit\u00e0 del t\u00e8 oolong appena preparato, risvegliano il calore e la profondit\u00e0 del vostro sguardo. Realizzate con la massima cura utilizzando solo materiali ipoallergenici di prima qualit\u00e0, uniscono il comfort all'espressione personale.<\/p>\n<p>Indossateli e scoprite un nuovo modo di vedere la bellezza, in voi stessi e nel mondo che vi circonda. La sottile tonalit\u00e0 marrone porta macchie di colore all'iride, facendo sentire ogni sguardo come un'opera d'arte privata. E soprattutto, permettono alla vostra personalit\u00e0 e alla vostra energia naturale di risplendere e di far emergere il vostro io autentico.<\/p>\n<p>Esprimete la vostra individualit\u00e0 mantenendo gli occhi felici e sani, grazie all'innovativa tecnologia delle lenti permeabili all'ossigeno. A un prezzo accessibile e facile da ordinare online e ricevere in tutto il mondo, BQEYE rende accessibile a tutti la gioia della scoperta di s\u00e9.<\/p>\n<p>Liberate l'artista che \u00e8 in voi e vedete la vostra vera bellezza riflessa negli occhi degli altri. BQEYE Oolong Tea Brown Colored Contacts - accende la creativit\u00e0 un paio alla volta. Iniziate il vostro viaggio su BQEYE.com oggi stesso!<\/p>","protected":false},"excerpt":{"rendered":"<p>Discovering Your Inner Artist &#8211; A New Way to See Beauty with BQEYE Colored Contacts We all have an artist inside longing to express themselves. For many, eye color is a simple yet impactful way to showcase our creative spirit. Introducing BQEYE&#8217;s latest innovation to fuel your inner muse &#8211; Oolong Tea Brown Colored Contacts. [&#8230;]\n","protected":false},"featured_media":1219,"comment_status":"open","ping_status":"closed","template":"","meta":[],"product_brand":[],"product_cat":[101,91,80,100,96,95],"product_tag":[],"class_list":{"0":"post-1217","1":"product","2":"type-product","3":"status-publish","4":"has-post-thumbnail","6":"product_cat-natural-contacts","7":"product_cat-14-2-mm","8":"product_cat-brown-contact-lenses","9":"product_cat-daily-disposable","10":"product_cat-non-prescription","11":"product_cat-prescription","13":"first","14":"instock","15":"sale","16":"shipping-taxable","17":"purchasable","18":"product-type-variable","19":"has-default-attributes"},"_links":{"self":[{"href":"https:\/\/bqeye.com\/it\/wp-json\/wp\/v2\/product\/1217","targetHints":{"allow":["GET"]}}],"collection":[{"href":"https:\/\/bqeye.com\/it\/wp-json\/wp\/v2\/product"}],"about":[{"href":"https:\/\/bqeye.com\/it\/wp-json\/wp\/v2\/types\/product"}],"replies":[{"embeddable":true,"href":"https:\/\/bqeye.com\/it\/wp-json\/wp\/v2\/comments?post=1217"}],"wp:featuredmedia":[{"embeddable":true,"href":"https:\/\/bqeye.com\/it\/wp-json\/wp\/v2\/media\/1219"}],"wp:attachment":[{"href":"https:\/\/bqeye.com\/it\/wp-json\/wp\/v2\/media?parent=1217"}],"wp:term":[{"taxonomy":"product_brand","embeddable":true,"href":"https:\/\/bqeye.com\/it\/wp-json\/wp\/v2\/product_brand?post=1217"},{"taxonomy":"product_cat","embeddable":true,"href":"https:\/\/bqeye.com\/it\/wp-json\/wp\/v2\/product_cat?post=1217"},{"taxonomy":"product_tag","embeddable":true,"href":"https:\/\/bqeye.com\/it\/wp-json\/wp\/v2\/product_tag?post=1217"}],"curies":[{"name":"wp","href":"https:\/\/api.w.org\/{rel}","templated":true}]}}