{"id":1223,"date":"2023-12-09T15:17:37","date_gmt":"2023-12-09T15:17:37","guid":{"rendered":"https:\/\/bqeye.com\/?post_type=product&#038;p=1223"},"modified":"2024-04-18T02:20:50","modified_gmt":"2024-04-18T02:20:50","slug":"hollywood-gray-contact-lenses","status":"publish","type":"product","link":"https:\/\/bqeye.com\/it\/hollywood-gray-contact-lenses\/","title":{"rendered":"Lenti a contatto Hollywood Gray"},"content":{"rendered":"<p>\"Siete alla ricerca di un modo discreto per cambiare il vostro look senza esagerare? Salutate le vostre nuove BFF: le lenti a contatto Hollywood Gray di BQEYE.<\/p>\n<p>Queste lenti grigie morbide sono come un filtro di luce per i vostri occhi. Esaltano in modo sottile il colore dell'iride senza apportare cambiamenti troppo drastici. Indossatele e guardate come i vostri occhi assumono un tono sognante e fumoso. Sono finiti i tempi dei colori super brillanti che gridano \"porto le lenti a contatto!\". Le Hollywood Grays si fondono con il colore naturale degli occhi per una trasformazione appena accennata.<\/p>\n<p>La morbida tonalit\u00e0 grigia aggiunge profondit\u00e0 e dimensione per far emergere le macchie di colore che non sapevate si nascondessero nei vostri occhi. I blu, i verdi e i nocciola assumeranno una qualit\u00e0 lunatica e misteriosa che porter\u00e0 le persone a chiedersi se stanno davvero vedendo un cambiamento di colore o se si tratta solo di un trucco della luce. Anche gli occhi marroni assumono una dimensione meravigliosa e intrigante con i grigi di Hollywood.<\/p>\n<p>Come suggerisce il nome, queste lenti a contatto grigie sono perfette per ottenere l'ambito look glam hollywoodiano senza il fastidio di tinture o estensioni. Infilatele e sarete subito pronte per il red carpet senza dover passare ore a pettinarvi e truccarvi. Il sottile miglioramento fa risaltare gli occhi anche in fotografia, per cui vi piacer\u00e0 la resa delle foto.<\/p>\n<p>Le lenti Hollywood Grays di BQEYE sono realizzate con il nostro materiale ultra-confortevole Hydraclear per una lente praticamente invisibile. Vi dimenticherete di averle indossate! Hydraclear \u00e8 traspirante e si muove con l'occhio, evitando la fastidiosa sensazione di \"lente a contatto\". Dite addio anche alla secchezza oculare: il materiale \u00e8 studiato per mantenere un'adeguata umidit\u00e0 sulla superficie dell'occhio, evitando cos\u00ec il fastidio.<\/p>\n<p>In qualit\u00e0 di leader mondiale nel settore delle lenti colorate e alla moda, BQEYE mette la qualit\u00e0 e la sicurezza al primo posto in ogni prodotto. Le Hollywood Gray sono sottoposte a test rigorosi per soddisfare o superare tutti gli standard della FDA in materia di biocompatibilit\u00e0 e trasmissibilit\u00e0 dell'ossigeno. Potete stare tranquilli sui materiali che toccano i vostri occhi ogni giorno. E con un ciclo di sostituzione di 14 giorni, apprezzerete la durata di ogni paio di occhiali prima che arrivi il momento di sostituirli con un nuovo set.<\/p>\n<p>Che siate alla ricerca di un sottile miglioramento per tutti i giorni, che vogliate sperimentare un nuovo look o che abbiate bisogno di lenti a contatto che si facciano fotografare magnificamente, Hollywood Gray di BQEYE \u00e8 la soluzione che fa per voi. Ordinate le vostre oggi senza rischi con la nostra garanzia di soddisfazione 100%. Provatele a casa e vedrete come trasformano sottilmente i vostri occhi senza sovrastare la vostra bellezza naturale. Siamo certi che vi innamorerete dei vostri nuovi occhi grigi preferiti!\".<\/p>","protected":false},"excerpt":{"rendered":"<p>&#8220;Looking for a subtle way to change up your look without going over the top? Say hello to your new BFFs &#8211; Hollywood Gray Contact Lenses by BQEYE. These soft gray lenses are like a light filter for your eyes. They&#8217;ll subtly enhance the color of your iris without being too drastic of a change. [&#8230;]\n","protected":false},"featured_media":1225,"comment_status":"open","ping_status":"closed","template":"","meta":[],"product_brand":[],"product_cat":[101,91,100,81,96,95],"product_tag":[],"class_list":{"0":"post-1223","1":"product","2":"type-product","3":"status-publish","4":"has-post-thumbnail","6":"product_cat-natural-contacts","7":"product_cat-14-2-mm","8":"product_cat-daily-disposable","9":"product_cat-grey-contact-lenses","10":"product_cat-non-prescription","11":"product_cat-prescription","13":"first","14":"instock","15":"sale","16":"shipping-taxable","17":"purchasable","18":"product-type-variable","19":"has-default-attributes"},"_links":{"self":[{"href":"https:\/\/bqeye.com\/it\/wp-json\/wp\/v2\/product\/1223","targetHints":{"allow":["GET"]}}],"collection":[{"href":"https:\/\/bqeye.com\/it\/wp-json\/wp\/v2\/product"}],"about":[{"href":"https:\/\/bqeye.com\/it\/wp-json\/wp\/v2\/types\/product"}],"replies":[{"embeddable":true,"href":"https:\/\/bqeye.com\/it\/wp-json\/wp\/v2\/comments?post=1223"}],"wp:featuredmedia":[{"embeddable":true,"href":"https:\/\/bqeye.com\/it\/wp-json\/wp\/v2\/media\/1225"}],"wp:attachment":[{"href":"https:\/\/bqeye.com\/it\/wp-json\/wp\/v2\/media?parent=1223"}],"wp:term":[{"taxonomy":"product_brand","embeddable":true,"href":"https:\/\/bqeye.com\/it\/wp-json\/wp\/v2\/product_brand?post=1223"},{"taxonomy":"product_cat","embeddable":true,"href":"https:\/\/bqeye.com\/it\/wp-json\/wp\/v2\/product_cat?post=1223"},{"taxonomy":"product_tag","embeddable":true,"href":"https:\/\/bqeye.com\/it\/wp-json\/wp\/v2\/product_tag?post=1223"}],"curies":[{"name":"wp","href":"https:\/\/api.w.org\/{rel}","templated":true}]}}