{"id":1226,"date":"2023-12-09T15:24:46","date_gmt":"2023-12-09T15:24:46","guid":{"rendered":"https:\/\/bqeye.com\/?post_type=product&#038;p=1226"},"modified":"2024-04-18T02:20:47","modified_gmt":"2024-04-18T02:20:47","slug":"hollywood-brown-contact-lenses","status":"publish","type":"product","link":"https:\/\/bqeye.com\/it\/hollywood-brown-contact-lenses\/","title":{"rendered":"Lenti a contatto Hollywood Brown"},"content":{"rendered":"<p>\"Pronti a riscaldare il vostro look con un pizzico di intrigo? Ecco le lenti a contatto Hollywood Brown di BQEYE.<\/p>\n<p>Queste morbide lenti marroni conferiscono agli occhi una dimensione e una profondit\u00e0 meravigliose senza richiedere una manutenzione eccessiva. Infilatele e osservate come l'iride assume una tonalit\u00e0 ricca e cioccolatosa che fa risaltare gli occhi. Sono finiti i tempi degli occhi monodimensionali: le Hollywood Brown esaltano il colore naturale con macchie e strati di marrone caldo per occhi che richiedono un secondo sguardo.<\/p>\n<p>La sottile tonalit\u00e0 marrone fa emergere gli ori, i verdi e i toni nocciola nascosti che non sapevate fossero in agguato nei vostri occhi. I blu e i grigi assumeranno una qualit\u00e0 terrosa, da caff\u00e9 au lait, che spinger\u00e0 gli altri a chiedersi quale sia il vostro \"vero\" colore degli occhi. Anche i marroni profondi acquistano una definizione sexy e dimensionale con Hollywood Browns.<\/p>\n<p>Come suggerisce il nome, queste lenti a contatto marroni sono perfette per ottenere quel look hollywoodiano rilassato che tutti invidiano. Se le indossate, sarete immediatamente pronte per la macchina fotografica e per il red carpet senza dover passare ore sulla poltrona del glamour. Il miglioramento dell'aspetto naturale fa s\u00ec che gli occhi risaltino anche sulla pellicola, per cui vi piacer\u00e0 il risultato delle foto, sia che si tratti di social media che di una serata in citt\u00e0.<\/p>\n<p>Gli Hollywood Browns di BQEYE sono realizzati con il nostro materiale Hydraclear ultra-comodo che d\u00e0 la sensazione di non indossare nulla. Vi dimenticherete di averle indossate! Hydraclear \u00e8 traspirante e si muove con il flusso naturale dell'occhio, evitando cos\u00ec quella fastidiosa sensazione di lente a contatto. Dite anche addio agli occhi secchi e irritati: il materiale \u00e8 studiato per mantenere gli occhi adeguatamente idratati per tutto il giorno.<\/p>\n<p>In qualit\u00e0 di leader mondiale nel settore delle lenti che cambiano colore, BQEYE mette al primo posto la qualit\u00e0, la sicurezza e il comfort di ogni prodotto. Whispering Smoke \u00e8 sottoposto a test approfonditi per soddisfare o superare tutti gli standard della FDA in materia di biocompatibilit\u00e0 dei materiali e permeabilit\u00e0 all'ossigeno. Potete stare tranquilli su ci\u00f2 che tocca i vostri occhi ogni giorno. E con il programma di sostituzione raccomandato di 14 giorni, apprezzerete la durata di ogni paio di occhiali prima che arrivi il momento di sostituirli.<\/p>\n<p>Che vogliate ravvivare il vostro look ogni giorno, sperimentare qualcosa di nuovo o desiderare delle lenti a contatto che si facciano fotografare bene, Hollywood Brown vi copre. Ordinate oggi stesso le vostre lenti senza rischi e con la nostra garanzia di soddisfazione 100%. Osservate come trasformano sottilmente i vostri occhi senza sovrastare il vostro aspetto naturale: siamo convinti che vi innamorerete della vostra nuova tonalit\u00e0 di marrone preferita!\".<\/p>","protected":false},"excerpt":{"rendered":"<p>&#8220;Ready to warm up your look with a hint of intrigue? Introducing Hollywood Brown Contact Lenses by BQEYE. These soft brown lenses give eyes beautiful dimension and depth without being high maintenance. Slip them in and watch as your iris takes on a rich, chocolatey tone that makes peepers really pop. Gone are the days [&#8230;]\n","protected":false},"featured_media":1228,"comment_status":"open","ping_status":"closed","template":"","meta":[],"product_brand":[],"product_cat":[101,91,80,100,96,95],"product_tag":[],"class_list":{"0":"post-1226","1":"product","2":"type-product","3":"status-publish","4":"has-post-thumbnail","6":"product_cat-natural-contacts","7":"product_cat-14-2-mm","8":"product_cat-brown-contact-lenses","9":"product_cat-daily-disposable","10":"product_cat-non-prescription","11":"product_cat-prescription","13":"first","14":"instock","15":"sale","16":"shipping-taxable","17":"purchasable","18":"product-type-variable","19":"has-default-attributes"},"_links":{"self":[{"href":"https:\/\/bqeye.com\/it\/wp-json\/wp\/v2\/product\/1226","targetHints":{"allow":["GET"]}}],"collection":[{"href":"https:\/\/bqeye.com\/it\/wp-json\/wp\/v2\/product"}],"about":[{"href":"https:\/\/bqeye.com\/it\/wp-json\/wp\/v2\/types\/product"}],"replies":[{"embeddable":true,"href":"https:\/\/bqeye.com\/it\/wp-json\/wp\/v2\/comments?post=1226"}],"wp:featuredmedia":[{"embeddable":true,"href":"https:\/\/bqeye.com\/it\/wp-json\/wp\/v2\/media\/1228"}],"wp:attachment":[{"href":"https:\/\/bqeye.com\/it\/wp-json\/wp\/v2\/media?parent=1226"}],"wp:term":[{"taxonomy":"product_brand","embeddable":true,"href":"https:\/\/bqeye.com\/it\/wp-json\/wp\/v2\/product_brand?post=1226"},{"taxonomy":"product_cat","embeddable":true,"href":"https:\/\/bqeye.com\/it\/wp-json\/wp\/v2\/product_cat?post=1226"},{"taxonomy":"product_tag","embeddable":true,"href":"https:\/\/bqeye.com\/it\/wp-json\/wp\/v2\/product_tag?post=1226"}],"curies":[{"name":"wp","href":"https:\/\/api.w.org\/{rel}","templated":true}]}}