{"id":1229,"date":"2023-12-09T15:32:57","date_gmt":"2023-12-09T15:32:57","guid":{"rendered":"https:\/\/bqeye.com\/?post_type=product&#038;p=1229"},"modified":"2024-04-18T02:20:44","modified_gmt":"2024-04-18T02:20:44","slug":"tangerine-brown-contact-lenses","status":"publish","type":"product","link":"https:\/\/bqeye.com\/it\/tangerine-brown-contact-lenses\/","title":{"rendered":"Lenti a contatto marrone mandarino"},"content":{"rendered":"<p>\"Ravvivate il vostro look con un'esplosione di sole - salutate le lenti a contatto Tangerine Brown di BQEYE.<\/p>\n<p>Queste lenti marroni vibranti fondono le sfumature calde del mandarino nell'iride per un look tutt'altro che noioso. Indossatele e guardate come i vostri occhi si illuminano con macchie di marrone dorato che fanno risaltare gli occhi senza sovrastare la vostra bellezza naturale. Gli occhi smorzati e monodimensionali sono finiti: i Tangerine Brown esaltano qualsiasi colore con una vivace dimensione marrone-dorata.<\/p>\n<p>La solare tonalit\u00e0 del mandarino fa emergere i toni dorati e olivastri che non sapevate esistessero nei vostri occhi. I blu e i verdi assumono una qualit\u00e0 agrumata che fa fare il giro del mondo. Anche i marroni profondi acquistano una definizione sexy e solare con i Tangerine Browns.<\/p>\n<p>Come suggerisce il nome, queste lenti a contatto con il mandarino sono perfette per trasmettere quell'atmosfera spensierata da ragazza californiana che tutte invidiano. Indossatele e sarete subito pronte per un brunch, una giornata in spiaggia o una serata fuori, senza bisogno di ore di glamour. L'esaltazione naturale fa s\u00ec che gli occhi risaltino anche in foto, per cui amerete il risultato delle immagini, sia che si tratti di quelle per il gram che di quelle per il vostro profilo su Tinder.<\/p>\n<p>Whispering Smoke di BQEYE \u00e8 realizzato con il nostro materiale Hydraclear ultra-comodo che d\u00e0 la sensazione di non indossare nulla. Vi dimenticherete di averle indossate! Hydraclear \u00e8 traspirante e si muove con il flusso naturale dell'occhio, evitando cos\u00ec irritazioni o secchezza. Dite anche addio agli occhi stanchi: il materiale \u00e8 studiato per mantenere gli occhi adeguatamente idratati per tutto il giorno.<\/p>\n<p>In qualit\u00e0 di leader mondiale nel settore delle lenti che cambiano colore, BQEYE mette al primo posto la qualit\u00e0, la sicurezza e il comfort di ogni prodotto. Whispering Smoke \u00e8 sottoposto a test approfonditi per soddisfare o superare tutti gli standard della FDA in materia di biocompatibilit\u00e0 dei materiali e permeabilit\u00e0 all'ossigeno. Potete stare tranquilli su ci\u00f2 che tocca i vostri occhi ogni giorno. E con il programma di sostituzione raccomandato di 14 giorni, apprezzerete la durata di ogni paio di occhiali prima che arrivi il momento di sostituirli.<\/p>\n<p>Sia che vogliate incanalare il sole ogni giorno, sia che vogliate sperimentare qualcosa di nuovo, sia che abbiate bisogno di lenti a contatto che facciano risaltare gli occhi nelle foto, Tangerine Brown vi copre. Ordinate oggi stesso le vostre lenti senza rischi e con la nostra garanzia di soddisfazione 100%. Guardate come trasformano sottilmente i vostri occhi con un'esplosione di vivacit\u00e0 solare: pensiamo che vi innamorerete della vostra nuova tonalit\u00e0 preferita!\".<\/p>","protected":false},"excerpt":{"rendered":"<p>&#8220;Spice up your look with a burst of sunshine &#8211; say hello to Tangerine Brown Contact Lenses by BQEYE. These vibrant brown lenses blend warm undertones of tangerine into your iris for a look that&#8217;s anything but boring. Slip them in and watch as your eyes light up with flecks of golden brown that make [&#8230;]\n","protected":false},"featured_media":1231,"comment_status":"open","ping_status":"closed","template":"","meta":[],"product_brand":[],"product_cat":[101,91,80,100,96,95],"product_tag":[],"class_list":{"0":"post-1229","1":"product","2":"type-product","3":"status-publish","4":"has-post-thumbnail","6":"product_cat-natural-contacts","7":"product_cat-14-2-mm","8":"product_cat-brown-contact-lenses","9":"product_cat-daily-disposable","10":"product_cat-non-prescription","11":"product_cat-prescription","13":"first","14":"instock","15":"sale","16":"shipping-taxable","17":"purchasable","18":"product-type-variable","19":"has-default-attributes"},"_links":{"self":[{"href":"https:\/\/bqeye.com\/it\/wp-json\/wp\/v2\/product\/1229","targetHints":{"allow":["GET"]}}],"collection":[{"href":"https:\/\/bqeye.com\/it\/wp-json\/wp\/v2\/product"}],"about":[{"href":"https:\/\/bqeye.com\/it\/wp-json\/wp\/v2\/types\/product"}],"replies":[{"embeddable":true,"href":"https:\/\/bqeye.com\/it\/wp-json\/wp\/v2\/comments?post=1229"}],"wp:featuredmedia":[{"embeddable":true,"href":"https:\/\/bqeye.com\/it\/wp-json\/wp\/v2\/media\/1231"}],"wp:attachment":[{"href":"https:\/\/bqeye.com\/it\/wp-json\/wp\/v2\/media?parent=1229"}],"wp:term":[{"taxonomy":"product_brand","embeddable":true,"href":"https:\/\/bqeye.com\/it\/wp-json\/wp\/v2\/product_brand?post=1229"},{"taxonomy":"product_cat","embeddable":true,"href":"https:\/\/bqeye.com\/it\/wp-json\/wp\/v2\/product_cat?post=1229"},{"taxonomy":"product_tag","embeddable":true,"href":"https:\/\/bqeye.com\/it\/wp-json\/wp\/v2\/product_tag?post=1229"}],"curies":[{"name":"wp","href":"https:\/\/api.w.org\/{rel}","templated":true}]}}