{"id":1232,"date":"2023-12-09T15:35:21","date_gmt":"2023-12-09T15:35:21","guid":{"rendered":"https:\/\/bqeye.com\/?post_type=product&#038;p=1232"},"modified":"2024-04-18T02:20:40","modified_gmt":"2024-04-18T02:20:40","slug":"whispering-smoke-grey-contact-lenses","status":"publish","type":"product","link":"https:\/\/bqeye.com\/it\/whispering-smoke-grey-contact-lenses\/","title":{"rendered":"Lenti a contatto grigio fumo sussurrante"},"content":{"rendered":"<p>\"Aggiungete un tocco di mistero al vostro look con le lenti a contatto Whispering Smoke Grey di BQEYE.<\/p>\n<p>Queste morbide lenti grigio fumo conferiscono agli occhi una dimensione e una profondit\u00e0 meravigliose senza essere eccessive. Indossatele e osservate come l'iride assume un'eterea sfumatura di grigio pallido che rende i vostri occhi davvero splendenti. Non ci sono pi\u00f9 occhi monocromatici: Whispering Smoke esalta qualsiasi colore naturale con macchie e strati di grigio cenere per occhi che incuriosiscono dall'altra parte della stanza.<\/p>\n<p>La sottile tonalit\u00e0 fumo fa emergere i toni blu, verdi e nocciola nascosti che non sapevate fossero in agguato nei vostri occhi. I blu e i grigi assumeranno una qualit\u00e0 ultraterrena, simile a quella delle nuvole, che spinger\u00e0 gli altri a chiedersi quale sia il vostro \"vero\" colore degli occhi. Anche i marroni profondi acquistano una definizione sexy e misteriosa con Whispering Smoke.<\/p>\n<p>Come dice il nome, queste lenti a contatto grigio fumo sono perfette per ottenere quell'inafferrabile look da noir nordico che tutti invidiano. Se le indossate, sarete subito pronte a interpretare il protagonista enigmatico e cupo senza dover passare ore e ore al trucco. Il miglioramento dell'aspetto naturale fa s\u00ec che gli occhi risaltino anche sulla macchina fotografica, per cui vi piacer\u00e0 il risultato delle foto, sia che si tratti del vostro portfolio di attori o di una serata in citt\u00e0.<\/p>\n<p>Whispering Smoke di BQEYE \u00e8 realizzato con il nostro materiale Hydraclear ultra-comodo che d\u00e0 la sensazione di non indossare nulla. Vi dimenticherete di averle indossate! Hydraclear \u00e8 traspirante e si muove con il flusso naturale dell'occhio, evitando cos\u00ec irritazioni o secchezza. Dite anche addio agli occhi stanchi: il materiale \u00e8 studiato per mantenere gli occhi adeguatamente idratati per tutto il giorno.<\/p>\n<p>In qualit\u00e0 di leader mondiale nel settore delle lenti che cambiano colore, BQEYE mette al primo posto la qualit\u00e0, la sicurezza e il comfort di ogni prodotto. Whispering Smoke \u00e8 sottoposto a test approfonditi per soddisfare o superare tutti gli standard della FDA in materia di biocompatibilit\u00e0 dei materiali e permeabilit\u00e0 all'ossigeno. Potete stare tranquilli su ci\u00f2 che tocca i vostri occhi ogni giorno. E con il programma di sostituzione raccomandato di 14 giorni, apprezzerete la durata di ogni paio di occhiali prima che arrivi il momento di sostituirli.<\/p>\n<p>Se volete aggiungere un'aria di mistero ogni giorno, sperimentare qualcosa di nuovo o avete bisogno di lenti a contatto che facciano brillare gli occhi, Whispering Smoke Grey vi copre. Ordinate oggi stesso le vostre lenti senza rischi e con la nostra garanzia di soddisfazione 100%. Guardate come trasformano sottilmente i vostri occhi con ciocche di intrigo cenerino - pensiamo che vi innamorerete del loro incantesimo!\".<\/p>","protected":false},"excerpt":{"rendered":"<p>&#8220;Add a touch of mystery to your look with Whispering Smoke Grey Contact Lenses from BQEYE. These soft smoke grey lenses give eyes beautiful dimension and depth without being over-the-top. Slip them in and watch as your iris takes on an ethereal wisp of pale grey that makes peepers really smoulder. Gone are one-note eyes [&#8230;]\n","protected":false},"featured_media":1234,"comment_status":"open","ping_status":"closed","template":"","meta":[],"product_brand":[],"product_cat":[101,92,100,81,96,95],"product_tag":[],"class_list":{"0":"post-1232","1":"product","2":"type-product","3":"status-publish","4":"has-post-thumbnail","6":"product_cat-natural-contacts","7":"product_cat-14-5-mm","8":"product_cat-daily-disposable","9":"product_cat-grey-contact-lenses","10":"product_cat-non-prescription","11":"product_cat-prescription","13":"first","14":"instock","15":"sale","16":"shipping-taxable","17":"purchasable","18":"product-type-variable","19":"has-default-attributes"},"_links":{"self":[{"href":"https:\/\/bqeye.com\/it\/wp-json\/wp\/v2\/product\/1232","targetHints":{"allow":["GET"]}}],"collection":[{"href":"https:\/\/bqeye.com\/it\/wp-json\/wp\/v2\/product"}],"about":[{"href":"https:\/\/bqeye.com\/it\/wp-json\/wp\/v2\/types\/product"}],"replies":[{"embeddable":true,"href":"https:\/\/bqeye.com\/it\/wp-json\/wp\/v2\/comments?post=1232"}],"wp:featuredmedia":[{"embeddable":true,"href":"https:\/\/bqeye.com\/it\/wp-json\/wp\/v2\/media\/1234"}],"wp:attachment":[{"href":"https:\/\/bqeye.com\/it\/wp-json\/wp\/v2\/media?parent=1232"}],"wp:term":[{"taxonomy":"product_brand","embeddable":true,"href":"https:\/\/bqeye.com\/it\/wp-json\/wp\/v2\/product_brand?post=1232"},{"taxonomy":"product_cat","embeddable":true,"href":"https:\/\/bqeye.com\/it\/wp-json\/wp\/v2\/product_cat?post=1232"},{"taxonomy":"product_tag","embeddable":true,"href":"https:\/\/bqeye.com\/it\/wp-json\/wp\/v2\/product_tag?post=1232"}],"curies":[{"name":"wp","href":"https:\/\/api.w.org\/{rel}","templated":true}]}}