{"id":1235,"date":"2023-12-09T15:40:37","date_gmt":"2023-12-09T15:40:37","guid":{"rendered":"https:\/\/bqeye.com\/?post_type=product&#038;p=1235"},"modified":"2024-04-18T02:20:37","modified_gmt":"2024-04-18T02:20:37","slug":"glass-candy-brown-contact-lenses","status":"publish","type":"product","link":"https:\/\/bqeye.com\/it\/glass-candy-brown-contact-lenses\/","title":{"rendered":"Lenti a contatto in vetro Candy Brown"},"content":{"rendered":"<p>\"Volete aggiungere un tocco di magia al vostro look quotidiano? Ecco le lenti a contatto Glass Candy Brown di BQEYE.<\/p>\n<p>Queste stravaganti lenti a contatto marroni mescolano sottili accenni di rosa pastello e menta nell'iride per un look tutt'altro che ordinario. Indossatele e guardate come i vostri occhi si illuminano con magiche macchie di marrone zucchero filato. Gli occhi marroni opachi e monodimensionali sono finiti: le Glass Candy Brown li valorizzano con una vivace definizione dimensionale.<\/p>\n<p>Le dolci tonalit\u00e0 pastello fanno emergere le sfumature dorate e verdi nascoste, aggiungendo una qualit\u00e0 giocosa e fiabesca. I blu e i nocciola assumono un'incantevole luminosit\u00e0 color caramella. Anche i marroni profondi acquistano un tocco magico e colorato senza essere eccessivi.<\/p>\n<p>Realizzate in materiale Hydraclear ultra confortevole, dimenticherete di indossare le lenti a contatto marroni! Hydraclear si muove naturalmente con gli occhi per evitare secchezza o irritazione, mantenendo gli occhi adeguatamente umidi per tutto il giorno.<\/p>\n<p>In qualit\u00e0 di leader mondiale nel settore delle lenti a contatto marroni, BQEYE garantisce qualit\u00e0, sicurezza e comfort. Le Glass Candy Brown sono sottoposte ad approfonditi test di biocompatibilit\u00e0 e permeabilit\u00e0 all'ossigeno per soddisfare o superare gli standard della FDA. Potete stare tranquilli su ci\u00f2 che tocca i vostri occhi ogni giorno.<\/p>\n<p>Se volete aggiungere un tocco di fantasia ogni giorno, sperimentare con i colori o dare vita a sogni magici nelle foto, le lenti a contatto Glass Candy Brown vi coprono. Ordinate le vostre oggi stesso senza rischi e con la garanzia di soddisfazione 100%. Guardate come trasformano sottilmente gli occhi con esplosioni di meraviglia pastello: siamo certi che vi innamorerete della vostra nuova tonalit\u00e0 preferita di lenti a contatto marroni!<\/p>\n<p>Volete distinguervi dalla massa? I Glass Candy Brown sono perfetti anche per le occasioni speciali. Catturate il vostro folletto interiore al prossimo festival o alla prossima festa in maschera. Il miglioramento dell'aspetto naturale fa brillare gli occhi nelle foto.<\/p>\n<p>Rendete divertente la ricerca di lenti a contatto marroni con BQEYE. La nostra selezione di tonalit\u00e0 uniche come Glass Candy dona colore e magia a tutti i giorni. Ordinate le vostre oggi per diffondere la gioia in questa stagione e oltre!\".<\/p>","protected":false},"excerpt":{"rendered":"<p>&#8220;Looking to add a touch of magic to your everyday look? Introducing Glass Candy Brown Contact Lenses from BQEYE. These whimsical brown contact lenses blend subtle hints of soft pastel pink and mint into your iris for a look that&#8217;s anything but ordinary. Slip them in and watch as your eyes light up with magical [&#8230;]\n","protected":false},"featured_media":1237,"comment_status":"open","ping_status":"closed","template":"","meta":[],"product_brand":[],"product_cat":[101,91,80,100,96,95],"product_tag":[],"class_list":{"0":"post-1235","1":"product","2":"type-product","3":"status-publish","4":"has-post-thumbnail","6":"product_cat-natural-contacts","7":"product_cat-14-2-mm","8":"product_cat-brown-contact-lenses","9":"product_cat-daily-disposable","10":"product_cat-non-prescription","11":"product_cat-prescription","13":"first","14":"instock","15":"sale","16":"shipping-taxable","17":"purchasable","18":"product-type-variable","19":"has-default-attributes"},"_links":{"self":[{"href":"https:\/\/bqeye.com\/it\/wp-json\/wp\/v2\/product\/1235","targetHints":{"allow":["GET"]}}],"collection":[{"href":"https:\/\/bqeye.com\/it\/wp-json\/wp\/v2\/product"}],"about":[{"href":"https:\/\/bqeye.com\/it\/wp-json\/wp\/v2\/types\/product"}],"replies":[{"embeddable":true,"href":"https:\/\/bqeye.com\/it\/wp-json\/wp\/v2\/comments?post=1235"}],"wp:featuredmedia":[{"embeddable":true,"href":"https:\/\/bqeye.com\/it\/wp-json\/wp\/v2\/media\/1237"}],"wp:attachment":[{"href":"https:\/\/bqeye.com\/it\/wp-json\/wp\/v2\/media?parent=1235"}],"wp:term":[{"taxonomy":"product_brand","embeddable":true,"href":"https:\/\/bqeye.com\/it\/wp-json\/wp\/v2\/product_brand?post=1235"},{"taxonomy":"product_cat","embeddable":true,"href":"https:\/\/bqeye.com\/it\/wp-json\/wp\/v2\/product_cat?post=1235"},{"taxonomy":"product_tag","embeddable":true,"href":"https:\/\/bqeye.com\/it\/wp-json\/wp\/v2\/product_tag?post=1235"}],"curies":[{"name":"wp","href":"https:\/\/api.w.org\/{rel}","templated":true}]}}