{"id":1264,"date":"2023-12-12T08:07:17","date_gmt":"2023-12-12T08:07:17","guid":{"rendered":"https:\/\/bqeye.com\/?post_type=product&#038;p=1264"},"modified":"2024-04-18T02:20:20","modified_gmt":"2024-04-18T02:20:20","slug":"pixie-blue-contact-lenses","status":"publish","type":"product","link":"https:\/\/bqeye.com\/it\/pixie-blue-contact-lenses\/","title":{"rendered":"Lenti a contatto blu Pixie"},"content":{"rendered":"<p>Aggiungete un tocco di magia fatata al vostro sguardo con le lenti a contatto Pixie Blue di BQEYE. I toni iridescenti brillano all'interno di queste lenti, facendo brillare gli occhi pi\u00f9 di qualsiasi altra lente a contatto sul mercato.<\/p>\n<p>Indossate le Pixies e osservate come l'iride si illumina di una vivace tonalit\u00e0 azzurra, punteggiata da macchie di lucentezza arcobaleno. Le lenti a contatto Pixies non sono pi\u00f9 cos\u00ec noiose, ma esaltano gli occhi con una meraviglia stravagante.<\/p>\n<p>La base di zaffiro vi attira, mentre i toni scintillanti mettono in risalto le sfumature smeraldo e oro nascoste intorno alla pupilla. Le lenti Blues emanano uno splendore ultraterreno che non ha eguali in nessun'altra lente a contatto.<\/p>\n<p>Realizzate in materiale Hydraclear ultra confortevole, dimenticherete di indossare le lenti a contatto! Hydraclear si muove senza sforzo per mantenere gli occhi idratati tutto il giorno senza irritazioni, in modo che lo scintillio non si fermi mai.<\/p>\n<p>Se avete bisogno di magia per i giorni di festa o per i festival, le lenti a contatto Pixie Blue vi coprono meglio di altre opzioni. La sottile esaltazione rende i colori davvero brillanti anche nelle foto.<\/p>\n<p>In qualit\u00e0 di leader nel settore delle lenti a contatto innovative, BQEYE garantisce che le Pixies soddisfino i pi\u00f9 elevati standard di sicurezza della FDA. La loro formula avanzata aggiunge un tocco di colore pixie che valorizza gli occhi senza compromettere il comfort.<\/p>\n<p>Indossate le Pixies e brillate pi\u00f9 di una radura di campanule. Ordinate le vostre oggi stesso per provare senza rischi queste incantevoli lenti a contatto. Scoprite come trasformano gli occhi in porte scintillanti verso una terra magica: sappiamo che rimarrete incantati!<\/p>\n<p>Trovate la vostra tonalit\u00e0 preferita nella gamma di lenti a contatto mistiche di BQEYE. Pixie Blue e altre ancora svelano nuovi modi per valorizzare il vostro sguardo. Ordinate oggi stesso per svelare la fata che \u00e8 in voi!<\/p>","protected":false},"excerpt":{"rendered":"<p>Add a touch of fairy magic to your look with BQEYE&#8217;s Pixie Blue contact lenses. Iridescent undertones glow within these lenses, making eyes sparkle more than any other contact lenses on the market. Slip Pixies on and watch as your iris lights up with a lively azure hue dotted with flecks of rainbow shine. Gone [&#8230;]\n","protected":false},"featured_media":1266,"comment_status":"open","ping_status":"closed","template":"","meta":[],"product_brand":[],"product_cat":[205,91,75,96,95,98],"product_tag":[],"class_list":{"0":"post-1264","1":"product","2":"type-product","3":"status-publish","4":"has-post-thumbnail","6":"product_cat-pixie","7":"product_cat-14-2-mm","8":"product_cat-blue-contact-lenses","9":"product_cat-non-prescription","10":"product_cat-prescription","11":"product_cat-yearly-disposable","13":"first","14":"instock","15":"sale","16":"shipping-taxable","17":"purchasable","18":"product-type-variable","19":"has-default-attributes"},"_links":{"self":[{"href":"https:\/\/bqeye.com\/it\/wp-json\/wp\/v2\/product\/1264","targetHints":{"allow":["GET"]}}],"collection":[{"href":"https:\/\/bqeye.com\/it\/wp-json\/wp\/v2\/product"}],"about":[{"href":"https:\/\/bqeye.com\/it\/wp-json\/wp\/v2\/types\/product"}],"replies":[{"embeddable":true,"href":"https:\/\/bqeye.com\/it\/wp-json\/wp\/v2\/comments?post=1264"}],"wp:featuredmedia":[{"embeddable":true,"href":"https:\/\/bqeye.com\/it\/wp-json\/wp\/v2\/media\/1266"}],"wp:attachment":[{"href":"https:\/\/bqeye.com\/it\/wp-json\/wp\/v2\/media?parent=1264"}],"wp:term":[{"taxonomy":"product_brand","embeddable":true,"href":"https:\/\/bqeye.com\/it\/wp-json\/wp\/v2\/product_brand?post=1264"},{"taxonomy":"product_cat","embeddable":true,"href":"https:\/\/bqeye.com\/it\/wp-json\/wp\/v2\/product_cat?post=1264"},{"taxonomy":"product_tag","embeddable":true,"href":"https:\/\/bqeye.com\/it\/wp-json\/wp\/v2\/product_tag?post=1264"}],"curies":[{"name":"wp","href":"https:\/\/api.w.org\/{rel}","templated":true}]}}