{"id":1297,"date":"2023-12-22T02:02:07","date_gmt":"2023-12-22T02:02:07","guid":{"rendered":"https:\/\/bqeye.com\/?post_type=product&#038;p=1297"},"modified":"2024-04-18T02:20:06","modified_gmt":"2024-04-18T02:20:06","slug":"maria-green-contact-lenses","status":"publish","type":"product","link":"https:\/\/bqeye.com\/it\/maria-green-contact-lenses\/","title":{"rendered":"Lenti a contatto Maria Green"},"content":{"rendered":"<p>Ritrovate il vostro splendore interiore con le lenti a contatto verdi di Maria<\/p>\n<p>Le lenti a contatto Maria Green stanno rivoluzionando il mondo delle lenti a contatto colorate, portando alla ribalta un senso di valorizzazione naturale e di bellezza interiore. Mentre molte lenti colorate del passato si affidavano a tonalit\u00e0 drammatiche e innaturali, Maria Green si concentra sulla valorizzazione delle caratteristiche naturali di una persona con un sottile ed elegante tocco di smeraldo.<\/p>\n<p>Le lenti Maria Green sono progettate per far risplendere positivamente gli occhi verdi o nocciola e apparire completamente naturali. Il loro materiale idrogel ultrasottile si muove con gli occhi per un effetto confortevole e invisibile. Incapsulate con agenti idratanti, sono traspiranti e il colore dura tutto il giorno senza sbiadire o irritare.<\/p>\n<p>Invece di colori che fanno scalpore, le lenti a contatto Maria Green fanno emergere la luce e il calore interiore di una persona con una tonalit\u00e0 verde accattivante ma sobria. Esse accentuano il pigmento naturale e migliorano la chiarezza e la vivacit\u00e0. Gli occhi sono al centro della scena in un modo che d\u00e0 l'impressione di essere sicuro di s\u00e9 ma modesto.<\/p>\n<p>Le lenti Maria Green sono diventate particolarmente popolari tra i professionisti alla ricerca di un look raffinato. La loro delicatezza permette a chi le indossa di sentirsi a posto senza temere che le lenti colorate possano sembrare poco professionali o poco credibili. Gli individui si sentono autorizzati a mostrare pi\u00f9 personalit\u00e0 sul lavoro, pur continuando a farsi rispettare. Gli occhi si impegnano durante le presentazioni o le riunioni senza intimidire gli altri.<\/p>\n<p>Per i tipi creativi, le lenti Maria Green hanno trovato un seguito fedele. Artisti, artisti e influencer si affidano a loro per irradiare passione e ispirazione dall'interno. Mettono a fuoco le personalit\u00e0 focose senza richiedere troppa attenzione. Gli occhi, che sono le finestre dell'anima, possono esprimere sogni e visioni audaci attraverso un rilassante effetto smeraldo.<\/p>\n<p>Le lenti Maria Green sono le pi\u00f9 apprezzate da chi cerca un miglioramento naturale piuttosto che un'alterazione drastica. Sia gli studenti che i dirigenti apprezzano la loro capacit\u00e0 di evidenziare la fiducia in se stessi da un luogo di autenticit\u00e0 e compostezza. Piuttosto che colori audaci, diffondono un calore e una luminosit\u00e0 che eleva il carattere in qualsiasi ambiente.<\/p>\n<p>Per la donna che vuole sentirsi a proprio agio nella propria pelle e accentuarne la bellezza, le lenti Maria Green sono l'ideale. Celebrano la femminilit\u00e0 da un punto di vista di serenit\u00e0 interiore piuttosto che di convalida esterna. Il loro verde avvolgente esalta gli occhi come elemento centrale, senza oggettivare chi le indossa o distrarre in modo innaturale da altre doti naturali.<\/p>\n<p>Se cercate lenti a contatto che valorizzino i vostri attributi migliori attraverso una sottile luminosit\u00e0 piuttosto che una trasformazione superficiale, Maria Green \u00e8 ci\u00f2 che fa per voi. Scoprite come gli occhi verdi possano significare crescita, rinnovamento e la luce interiore che risplende dall'interno verso l'esterno. Lasciate che le lenti Maria Green facciano risplendere il vostro io pi\u00f9 vero e vibrante.<\/p>","protected":false},"excerpt":{"rendered":"<p>Finding Your Inner Glow with Maria Green Contact Lenses Maria Green contact lenses are revolutionizing the world of colored contacts by bringing a sense of natural enhancement and inner beauty to the forefront. Where many colored lenses in the past relied on dramatic, unnatural hues, Maria Green focuses on highlighting one&#8217;s natural features with a [&#8230;]\n","protected":false},"featured_media":1303,"comment_status":"open","ping_status":"closed","template":"","meta":[],"product_brand":[],"product_cat":[105,91,77,96,95,98],"product_tag":[354],"class_list":{"0":"post-1297","1":"product","2":"type-product","3":"status-publish","4":"has-post-thumbnail","6":"product_cat-maria","7":"product_cat-14-2-mm","8":"product_cat-green-contact-lenses","9":"product_cat-non-prescription","10":"product_cat-prescription","11":"product_cat-yearly-disposable","12":"product_tag-brown-contact-lenses","14":"first","15":"instock","16":"sale","17":"shipping-taxable","18":"purchasable","19":"product-type-variable","20":"has-default-attributes"},"_links":{"self":[{"href":"https:\/\/bqeye.com\/it\/wp-json\/wp\/v2\/product\/1297","targetHints":{"allow":["GET"]}}],"collection":[{"href":"https:\/\/bqeye.com\/it\/wp-json\/wp\/v2\/product"}],"about":[{"href":"https:\/\/bqeye.com\/it\/wp-json\/wp\/v2\/types\/product"}],"replies":[{"embeddable":true,"href":"https:\/\/bqeye.com\/it\/wp-json\/wp\/v2\/comments?post=1297"}],"wp:featuredmedia":[{"embeddable":true,"href":"https:\/\/bqeye.com\/it\/wp-json\/wp\/v2\/media\/1303"}],"wp:attachment":[{"href":"https:\/\/bqeye.com\/it\/wp-json\/wp\/v2\/media?parent=1297"}],"wp:term":[{"taxonomy":"product_brand","embeddable":true,"href":"https:\/\/bqeye.com\/it\/wp-json\/wp\/v2\/product_brand?post=1297"},{"taxonomy":"product_cat","embeddable":true,"href":"https:\/\/bqeye.com\/it\/wp-json\/wp\/v2\/product_cat?post=1297"},{"taxonomy":"product_tag","embeddable":true,"href":"https:\/\/bqeye.com\/it\/wp-json\/wp\/v2\/product_tag?post=1297"}],"curies":[{"name":"wp","href":"https:\/\/api.w.org\/{rel}","templated":true}]}}