{"id":1304,"date":"2023-12-22T02:23:09","date_gmt":"2023-12-22T02:23:09","guid":{"rendered":"https:\/\/bqeye.com\/?post_type=product&#038;p=1304"},"modified":"2024-04-18T02:19:59","modified_gmt":"2024-04-18T02:19:59","slug":"maria-purple-contact-lenses","status":"publish","type":"product","link":"https:\/\/bqeye.com\/it\/maria-purple-contact-lenses\/","title":{"rendered":"Maria Lenti a contatto viola"},"content":{"rendered":"<p>Ritrovate la vostra grazia interiore con le lenti viola BQEYE Maria<\/p>\n<p>Le lenti a contatto Maria Purple di BQEYE sono diventate un punto di riferimento per chi cerca un tocco di sottile raffinatezza. Laddove molte lenti colorate puntano su un impatto drammatico, Maria Purple esalta la bellezza attraverso una sobria eleganza.<\/p>\n<p>Realizzate con l'innovativa formula traspirante di BQEYE, le lenti Maria Purple sono state progettate per garantire il massimo comfort e il blocco del colore per tutto il giorno. Il loro sottile materiale in silicone idrogel si muove senza soluzione di continuit\u00e0 con gli occhi per apparire invisibile ma intensamente accattivante. Infuse con idratanti, non si seccano e non causano fastidio.<\/p>\n<p>Piuttosto che un viola brillante, Maria Purple riflette una delicata tonalit\u00e0 grigio-lavanda appena percettibile. Mette in risalto gli occhi come caratteristica accattivante, senza sovrastare gli altri attributi naturali. Chi lo indossa si sente raffinato, ma mantiene un fascino accessibile che emana dall'interno.<\/p>\n<p>Le lenti BQEYE hanno trovato fan devoti sia nei giovani creativi che nei professionisti. Per gli artisti e gli influencer, la sottile luminosit\u00e0 di Maria Purple trasmette messaggi eloquenti attraverso uno sguardo costante. Gli occhi coinvolgono il pubblico in modo significativo durante i colloqui o le esibizioni, senza richiedere la concentrazione.<\/p>\n<p>Sul posto di lavoro, le persone si sentono autorizzate a mostrare la propria personalit\u00e0 attraverso occhi dal fascino regale. La loro tonalit\u00e0 valorizza gli occhi sia nelle presentazioni in sala riunioni che negli incontri con i clienti, senza alterare la percezione di competenza. Con Maria Purple, chi li indossa emana un'autorit\u00e0 radicata nell'autenticit\u00e0 e nella grazia.<\/p>\n<p>Se cercate un miglioramento che abbracci le vostre qualit\u00e0 pi\u00f9 raffinate, Maria Purple di BQEYE \u00e8 fatta per voi. La sua formula nutriente e la sua porpora regale attivano un bagliore interiore, esaltando le caratteristiche naturali da un luogo di equilibrio interiore. Sperimentate come la lavanda mette in risalto le vostre qualit\u00e0 magnetiche senza distrazioni o alterazioni.<\/p>\n<p>Lasciate che le lenti a contatto Maria Purple rivelino il vostro io pi\u00f9 elegante e multidimensionale. BQEYE crede che la vera bellezza derivi dall'accettazione e dall'accentuazione di ci\u00f2 che si \u00e8, e le sue lenti danno forza all'amore per se stessi attraverso una luminosit\u00e0 sfumata. Scoprite come un sottile tocco di lavanda possa accendere la vostra luce interiore e riflettere una radiosa fiducia dall'interno verso l'esterno.<\/p>","protected":false},"excerpt":{"rendered":"<p>Finding Your Inner Grace with BQEYE Maria Purple Lenses BQEYE&#8217;s Maria Purple contact lenses have become a go-to for those seeking a touch of subtle sophistication. Where many colored lenses rely on dramatic impact, Maria Purple enhances beauty through understated elegance. Made from BQEYE&#8217;s innovative breathable formula, Maria Purple lenses are designed for supreme comfort [&#8230;]\n","protected":false},"featured_media":1310,"comment_status":"open","ping_status":"closed","template":"","meta":[],"product_brand":[],"product_cat":[105,91,96,95,82,98],"product_tag":[354],"class_list":{"0":"post-1304","1":"product","2":"type-product","3":"status-publish","4":"has-post-thumbnail","6":"product_cat-maria","7":"product_cat-14-2-mm","8":"product_cat-non-prescription","9":"product_cat-prescription","10":"product_cat-purple-contact-lenses","11":"product_cat-yearly-disposable","12":"product_tag-brown-contact-lenses","14":"first","15":"instock","16":"sale","17":"shipping-taxable","18":"purchasable","19":"product-type-variable","20":"has-default-attributes"},"_links":{"self":[{"href":"https:\/\/bqeye.com\/it\/wp-json\/wp\/v2\/product\/1304","targetHints":{"allow":["GET"]}}],"collection":[{"href":"https:\/\/bqeye.com\/it\/wp-json\/wp\/v2\/product"}],"about":[{"href":"https:\/\/bqeye.com\/it\/wp-json\/wp\/v2\/types\/product"}],"replies":[{"embeddable":true,"href":"https:\/\/bqeye.com\/it\/wp-json\/wp\/v2\/comments?post=1304"}],"wp:featuredmedia":[{"embeddable":true,"href":"https:\/\/bqeye.com\/it\/wp-json\/wp\/v2\/media\/1310"}],"wp:attachment":[{"href":"https:\/\/bqeye.com\/it\/wp-json\/wp\/v2\/media?parent=1304"}],"wp:term":[{"taxonomy":"product_brand","embeddable":true,"href":"https:\/\/bqeye.com\/it\/wp-json\/wp\/v2\/product_brand?post=1304"},{"taxonomy":"product_cat","embeddable":true,"href":"https:\/\/bqeye.com\/it\/wp-json\/wp\/v2\/product_cat?post=1304"},{"taxonomy":"product_tag","embeddable":true,"href":"https:\/\/bqeye.com\/it\/wp-json\/wp\/v2\/product_tag?post=1304"}],"curies":[{"name":"wp","href":"https:\/\/api.w.org\/{rel}","templated":true}]}}