{"id":1607,"date":"2024-04-19T01:41:10","date_gmt":"2024-04-19T01:41:10","guid":{"rendered":"https:\/\/bqeye.com\/?post_type=product&#038;p=1607"},"modified":"2024-04-19T01:56:03","modified_gmt":"2024-04-19T01:56:03","slug":"wildness-blue-colored-contact-lenses","status":"publish","type":"product","link":"https:\/\/bqeye.com\/it\/wildness-blue-colored-contact-lenses\/","title":{"rendered":"Lenti a contatto colorate Wildness Blue"},"content":{"rendered":"<h3>Immergetevi in abissi ipnotici con le lenti a contatto colorate BQEYE Wildness Blue.<\/h3>\n<div><\/div>\n<div>Preparatevi a immergervi in un mondo di accattivanti sfumature blu con le lenti a contatto colorate BQEYE Wildness Blue. Queste lenti sono state progettate per trasformare i vostri occhi in una splendida tonalit\u00e0 di blu, che ricorda le acque profonde e misteriose dell'oceano. Se volete fare una dichiarazione di moda o semplicemente migliorare il vostro colore naturale degli occhi, queste lenti sono la scelta perfetta.<\/div>\n<div><\/div>\n<div>Le lenti a contatto colorate Wildness Blue presentano una miscela unica di toni di blu, creando un effetto multidimensionale che imita la profondit\u00e0 e l'intensit\u00e0 del mare. L'intricato disegno e la pigmentazione di queste lenti assicurano un aspetto straordinariamente realistico, facendo sembrare che siate nati con questo ipnotico colore degli occhi.<\/div>\n<div><\/div>\n<div>Noi di BQEYE diamo priorit\u00e0 allo stile e al comfort. Le nostre lenti a contatto colorate Wildness Blue sono realizzate con materiali di alta qualit\u00e0 che consentono una permeabilit\u00e0 ottimale all'ossigeno, assicurando che i vostri occhi rimangano comodi e sani per tutto il giorno. Con il nostro modello DTC (Direct to Consumer), eliminiamo gli intermediari e portiamo queste lenti di alta qualit\u00e0 direttamente a voi a un prezzo accessibile.<\/div>\n<div><\/div>\n<div>Quando indossate le lenti a contatto colorate BQEYE Wildness Blue, non cambiate solo il colore degli occhi, ma abbracciate una nuova sfaccettatura della vostra personalit\u00e0. Le tonalit\u00e0 del blu evocano un senso di tranquillit\u00e0, fiducia e bellezza indomita, consentendovi di esprimervi in un modo che riflette veramente la vostra natura selvaggia. Se state partecipando a un evento speciale, a un servizio fotografico o semplicemente se volete fare una dichiarazione nella vostra vita quotidiana, queste lenti sono l'accessorio perfetto.<\/div>\n<div><\/div>\n<div>BQEYE si impegna a fornirvi lenti a contatto colorate della massima qualit\u00e0 sul mercato. Ogni paio di lenti a contatto colorate Wildness Blue \u00e8 sottoposto a rigorosi test e controlli di qualit\u00e0 per garantire un aspetto impeccabile e un'applicazione confortevole. Con una cura e una manutenzione adeguate, potrete godere degli effetti sorprendenti di queste lenti per un periodo prolungato, il che le rende un valido investimento nel vostro arsenale di moda per gli occhi.<\/div>\n<div><\/div>\n<div>Immergetevi nelle profondit\u00e0 ipnotiche dei vostri occhi con le lenti a contatto colorate BQEYE Wildness Blue. Lasciate che i vostri occhi diventino il punto focale del vostro look, affascinando chi vi circonda con il loro fascino intenso e misterioso. Che abbiate occhi chiari o scuri, queste lenti creeranno un contrasto sorprendente che richiede attenzione.<\/div>\n<div><\/div>\n<div>Non accontentatevi dell'ordinario quando potete abbracciare lo straordinario con le lenti a contatto colorate BQEYE Wildness Blue. Ordinate oggi stesso le vostre lenti e fate un salto in un mondo in cui i vostri occhi diventano l'incarnazione di una bellezza indomita e della fiducia in voi stessi. Lasciate che il vostro selvaggio interiore vaghi libero e che BQEYE sia il vostro partner nel ridefinire il vostro look.<\/div>\n<div><\/div>\n<div>#Lenti a contatto blu #Design della selvatichezza #MProfondit\u00e0 sorprendenti 1TP7Moda per gli occhi #UntamedBeauty<\/div>\n<div><\/div>\n<div><\/div>","protected":false},"excerpt":{"rendered":"<p>Dive into Mesmerizing Depths with BQEYE Wildness Blue Colored Contact Lenses Prepare to immerse yourself in a world of captivating blue hues with BQEYE Wildness Blue Colored Contact Lenses. These lenses are designed to transform your eyes into a stunning shade of blue, reminiscent of the deep, mysterious waters of the ocean. Whether you&#8217;re looking [&#8230;]\n","protected":false},"featured_media":1612,"comment_status":"open","ping_status":"closed","template":"","meta":[],"product_brand":[],"product_cat":[358,91,75,96,95,98],"product_tag":[360],"class_list":{"0":"post-1607","1":"product","2":"type-product","3":"status-publish","4":"has-post-thumbnail","6":"product_cat-wildness","7":"product_cat-14-2-mm","8":"product_cat-blue-contact-lenses","9":"product_cat-non-prescription","10":"product_cat-prescription","11":"product_cat-yearly-disposable","12":"product_tag-blue-colored-contact-lenses","14":"first","15":"instock","16":"sale","17":"shipping-taxable","18":"purchasable","19":"product-type-variable","20":"has-default-attributes"},"_links":{"self":[{"href":"https:\/\/bqeye.com\/it\/wp-json\/wp\/v2\/product\/1607","targetHints":{"allow":["GET"]}}],"collection":[{"href":"https:\/\/bqeye.com\/it\/wp-json\/wp\/v2\/product"}],"about":[{"href":"https:\/\/bqeye.com\/it\/wp-json\/wp\/v2\/types\/product"}],"replies":[{"embeddable":true,"href":"https:\/\/bqeye.com\/it\/wp-json\/wp\/v2\/comments?post=1607"}],"wp:featuredmedia":[{"embeddable":true,"href":"https:\/\/bqeye.com\/it\/wp-json\/wp\/v2\/media\/1612"}],"wp:attachment":[{"href":"https:\/\/bqeye.com\/it\/wp-json\/wp\/v2\/media?parent=1607"}],"wp:term":[{"taxonomy":"product_brand","embeddable":true,"href":"https:\/\/bqeye.com\/it\/wp-json\/wp\/v2\/product_brand?post=1607"},{"taxonomy":"product_cat","embeddable":true,"href":"https:\/\/bqeye.com\/it\/wp-json\/wp\/v2\/product_cat?post=1607"},{"taxonomy":"product_tag","embeddable":true,"href":"https:\/\/bqeye.com\/it\/wp-json\/wp\/v2\/product_tag?post=1607"}],"curies":[{"name":"wp","href":"https:\/\/api.w.org\/{rel}","templated":true}]}}