{"id":1614,"date":"2024-04-19T01:58:05","date_gmt":"2024-04-19T01:58:05","guid":{"rendered":"https:\/\/bqeye.com\/?post_type=product&#038;p=1614"},"modified":"2024-04-19T02:19:18","modified_gmt":"2024-04-19T02:19:18","slug":"wildness-green-colored-contact-lenses","status":"publish","type":"product","link":"https:\/\/bqeye.com\/it\/wildness-green-colored-contact-lenses\/","title":{"rendered":"Lenti a contatto colorate Wildness Green"},"content":{"rendered":"<h3>Abbracciate il fascino incantevole delle lenti a contatto colorate BQEYE Wildness Green<\/h3>\n<div><\/div>\n<div>Entrate in un regno di accattivanti sfumature verdi con le lenti a contatto colorate BQEYE Wildness Green. Queste lenti sono state progettate per trasformare i vostri occhi in una splendida tonalit\u00e0 di verde, che ricorda la bellezza lussureggiante e selvaggia della natura. Sia che vogliate fare una dichiarazione di moda audace o che vogliate semplicemente migliorare il vostro colore naturale degli occhi, queste lenti sono la scelta perfetta.<\/div>\n<div><\/div>\n<div>Le lenti a contatto colorate Wildness Green sono caratterizzate da una miscela unica di toni verdi, che creano un effetto multidimensionale che imita la profondit\u00e0 e la vivacit\u00e0 di una foresta incantata. L'intricato disegno e la pigmentazione di queste lenti assicurano un aspetto straordinariamente realistico, facendo sembrare che siate nati con questo ipnotico colore degli occhi.<\/div>\n<div><\/div>\n<div>Noi di BQEYE sappiamo che il comfort \u00e8 importante quanto lo stile. Ecco perch\u00e9 le nostre lenti a contatto colorate Wildness Green sono realizzate con materiali di alta qualit\u00e0 che privilegiano la permeabilit\u00e0 all'ossigeno, consentendo agli occhi di respirare e di rimanere comodi per tutto il giorno. Con il nostro modello DTC (Direct to Consumer), eliminiamo gli intermediari e portiamo queste lenti di alta qualit\u00e0 direttamente a voi a un prezzo accessibile.<\/div>\n<div><\/div>\n<div>Quando indossate le lenti a contatto colorate BQEYE Wildness Green, non cambiate solo il colore degli occhi, ma abbracciate una nuova sfaccettatura della vostra personalit\u00e0. Le tonalit\u00e0 del verde evocano un senso di mistero, fiducia e fascino indomito, consentendovi di esprimervi in un modo che riflette veramente la vostra natura selvaggia. Sia che partecipiate a un evento a tema, sia che partecipiate a un servizio fotografico o che vogliate semplicemente fare una dichiarazione nella vostra vita quotidiana, queste lenti sono l'accessorio perfetto.<\/div>\n<div><\/div>\n<div>BQEYE si impegna a fornirvi lenti a contatto colorate della massima qualit\u00e0 sul mercato. Ogni paio di lenti a contatto colorate Wildness Green \u00e8 sottoposto a rigorosi test e controlli di qualit\u00e0 per garantire un aspetto impeccabile e un'applicazione confortevole. Con una cura e una manutenzione adeguate, \u00e8 possibile godere degli effetti sorprendenti di queste lenti per un periodo prolungato, rendendole un valido investimento nel vostro arsenale di moda per gli occhi.<\/div>\n<div><\/div>\n<div>Abbracciate l'incantevole fascino dei vostri occhi con le lenti a contatto colorate BQEYE Wildness Green. Lasciate che i vostri occhi diventino il punto focale del vostro look, affascinando chi vi circonda con la loro bellezza intensa e misteriosa. Che abbiate occhi chiari o scuri, queste lenti creeranno un contrasto sorprendente che richiede attenzione.<\/div>\n<div><\/div>\n<div>Non accontentatevi dell'ordinario quando potete scatenare lo straordinario con le lenti a contatto colorate BQEYE Wildness Green. Ordinate le vostre oggi stesso ed entrate in un mondo in cui i vostri occhi diventano l'incarnazione della bellezza e della sicurezza indomita. Lasciate che il vostro selvaggio interiore vaghi libero e che BQEYE sia il vostro partner nel ridefinire il vostro look.<\/div>\n<div><\/div>\n<div>#Lenti a contatto verdi #Design della selvatichezza #EAllure incantevole #EyeFashion #UntamedBeauty<\/div>\n<div><\/div>","protected":false},"excerpt":{"rendered":"<p>Embrace the Enchanting Allure of BQEYE Wildness Green Colored Contact Lenses Step into a realm of captivating green hues with BQEYE Wildness Green Colored Contact Lenses. These lenses are designed to transform your eyes into a stunning shade of green, reminiscent of the lush, untamed beauty of nature. Whether you&#8217;re looking to make a bold [&#8230;]\n","protected":false},"featured_media":1620,"comment_status":"open","ping_status":"closed","template":"","meta":[],"product_brand":[],"product_cat":[358,91,77,96,95,98],"product_tag":[361],"class_list":{"0":"post-1614","1":"product","2":"type-product","3":"status-publish","4":"has-post-thumbnail","6":"product_cat-wildness","7":"product_cat-14-2-mm","8":"product_cat-green-contact-lenses","9":"product_cat-non-prescription","10":"product_cat-prescription","11":"product_cat-yearly-disposable","12":"product_tag-green-colored-contact-lenses","14":"first","15":"instock","16":"sale","17":"shipping-taxable","18":"purchasable","19":"product-type-variable","20":"has-default-attributes"},"_links":{"self":[{"href":"https:\/\/bqeye.com\/it\/wp-json\/wp\/v2\/product\/1614","targetHints":{"allow":["GET"]}}],"collection":[{"href":"https:\/\/bqeye.com\/it\/wp-json\/wp\/v2\/product"}],"about":[{"href":"https:\/\/bqeye.com\/it\/wp-json\/wp\/v2\/types\/product"}],"replies":[{"embeddable":true,"href":"https:\/\/bqeye.com\/it\/wp-json\/wp\/v2\/comments?post=1614"}],"wp:featuredmedia":[{"embeddable":true,"href":"https:\/\/bqeye.com\/it\/wp-json\/wp\/v2\/media\/1620"}],"wp:attachment":[{"href":"https:\/\/bqeye.com\/it\/wp-json\/wp\/v2\/media?parent=1614"}],"wp:term":[{"taxonomy":"product_brand","embeddable":true,"href":"https:\/\/bqeye.com\/it\/wp-json\/wp\/v2\/product_brand?post=1614"},{"taxonomy":"product_cat","embeddable":true,"href":"https:\/\/bqeye.com\/it\/wp-json\/wp\/v2\/product_cat?post=1614"},{"taxonomy":"product_tag","embeddable":true,"href":"https:\/\/bqeye.com\/it\/wp-json\/wp\/v2\/product_tag?post=1614"}],"curies":[{"name":"wp","href":"https:\/\/api.w.org\/{rel}","templated":true}]}}