{"id":1622,"date":"2024-04-19T02:23:54","date_gmt":"2024-04-19T02:23:54","guid":{"rendered":"https:\/\/bqeye.com\/?post_type=product&#038;p=1622"},"modified":"2024-05-03T05:03:14","modified_gmt":"2024-05-03T05:03:14","slug":"wildness-brown-colored-contact-lenses","status":"publish","type":"product","link":"https:\/\/bqeye.com\/it\/wildness-brown-colored-contact-lenses\/","title":{"rendered":"Lenti a contatto colorate Wildness Brown"},"content":{"rendered":"<h3>Scatenate il vostro lato selvaggio con le lenti a contatto colorate marroni BQEYE Wildness<\/h3>\n<div><\/div>\n<div>Scoprite il potere accattivante delle lenti a contatto colorate BQEYE Wildness Brown. Queste lenti sono state progettate per trasformare i vostri occhi in un'ipnotica tonalit\u00e0 di marrone, che ricorda la ricca e selvaggia bellezza della terra. Se state cercando di migliorare il vostro colore naturale degli occhi o di fare un'audace dichiarazione di moda, queste lenti sono la scelta perfetta.<\/div>\n<div><\/div>\n<div>Le lenti a contatto colorate Wildness Brown presentano una miscela unica di tonalit\u00e0 marroni, creando un effetto multidimensionale che imita la profondit\u00e0 e il calore di un paesaggio selvaggio e indomito. L'intricato disegno e la pigmentazione di queste lenti assicurano un aspetto straordinariamente realistico, facendo sembrare che siate nati con questo accattivante colore degli occhi.<\/div>\n<div><\/div>\n<div>Noi di BQEYE sappiamo che il comfort \u00e8 importante quanto lo stile. Ecco perch\u00e9 le nostre lenti a contatto colorate Wildness Brown sono realizzate con materiali di alta qualit\u00e0 che privilegiano la permeabilit\u00e0 all'ossigeno, consentendo agli occhi di respirare e di rimanere comodi per tutto il giorno. Grazie al nostro modello DTC (Direct to Consumer), eliminiamo gli intermediari e portiamo queste lenti di alta qualit\u00e0 direttamente a voi a un prezzo accessibile.<\/div>\n<div><\/div>\n<div>Quando indossate le lenti a contatto colorate BQEYE Wildness Brown, non cambiate solo il colore degli occhi, ma abbracciate una nuova sfaccettatura della vostra personalit\u00e0. Le tonalit\u00e0 del marrone evocano un senso di calore, fiducia e fascino indomito, consentendovi di esprimervi in un modo che riflette veramente la vostra natura selvaggia. Sia che partecipiate a un evento speciale, sia che partecipiate a un servizio fotografico o che vogliate semplicemente fare una dichiarazione nella vostra vita quotidiana, queste lenti sono l'accessorio perfetto.<\/div>\n<div><\/div>\n<div>BQEYE si impegna a fornirvi lenti a contatto colorate della massima qualit\u00e0 sul mercato. Ogni paio di lenti a contatto colorate Wildness Brown \u00e8 sottoposto a rigorosi test e controlli di qualit\u00e0 per garantire un aspetto impeccabile e un'applicazione confortevole. Con una cura e una manutenzione adeguate, potrete godere degli effetti sorprendenti di queste lenti per un periodo prolungato, rendendole un valido investimento nel vostro arsenale di moda per gli occhi.<\/div>\n<div><\/div>\n<div>Liberate il vostro lato selvaggio e sperimentate il potere di trasformazione delle lenti a contatto colorate BQEYE Wildness Brown. Lasciate che gli occhi diventino il punto focale del vostro look, affascinando chi vi circonda con il loro fascino intenso e misterioso. Che abbiate occhi chiari o scuri, queste lenti creeranno un contrasto sorprendente che richieder\u00e0 attenzione.<\/div>\n<div><\/div>\n<div>Non accontentatevi dell'ordinario quando potete abbracciare lo straordinario con le lenti a contatto colorate BQEYE Wildness Brown. Ordinate oggi stesso le vostre lenti e fate un salto in un mondo in cui i vostri occhi diventano l'incarnazione della bellezza e della sicurezza indomita. Lasciate che il vostro selvaggio interiore vaghi libero e che BQEYE sia il vostro partner nel ridefinire il vostro look.<\/div>\n<div><\/div>\n<div>1TP7Lenti a contatto marroni #WildnessDesign #UnleashYourWildSide #EyeFashion #UntamedAllure<\/div>\n<div><\/div>","protected":false},"excerpt":{"rendered":"<p>Unleash Your Wild Side with BQEYE Wildness Brown Colored Contact Lenses Discover the captivating power of BQEYE Wildness Brown Colored Contact Lenses. These lenses are designed to transform your eyes into a mesmerizing shade of brown, reminiscent of the rich, untamed beauty of the earth. Whether you&#8217;re looking to enhance your natural eye color or [&#8230;]\n","protected":false},"featured_media":1627,"comment_status":"open","ping_status":"closed","template":"","meta":[],"product_brand":[],"product_cat":[358,91,80,96,95,98],"product_tag":[362],"class_list":{"0":"post-1622","1":"product","2":"type-product","3":"status-publish","4":"has-post-thumbnail","6":"product_cat-wildness","7":"product_cat-14-2-mm","8":"product_cat-brown-contact-lenses","9":"product_cat-non-prescription","10":"product_cat-prescription","11":"product_cat-yearly-disposable","12":"product_tag-brown-colored-contact-lenses","14":"first","15":"instock","16":"sale","17":"shipping-taxable","18":"purchasable","19":"product-type-variable","20":"has-default-attributes"},"_links":{"self":[{"href":"https:\/\/bqeye.com\/it\/wp-json\/wp\/v2\/product\/1622","targetHints":{"allow":["GET"]}}],"collection":[{"href":"https:\/\/bqeye.com\/it\/wp-json\/wp\/v2\/product"}],"about":[{"href":"https:\/\/bqeye.com\/it\/wp-json\/wp\/v2\/types\/product"}],"replies":[{"embeddable":true,"href":"https:\/\/bqeye.com\/it\/wp-json\/wp\/v2\/comments?post=1622"}],"wp:featuredmedia":[{"embeddable":true,"href":"https:\/\/bqeye.com\/it\/wp-json\/wp\/v2\/media\/1627"}],"wp:attachment":[{"href":"https:\/\/bqeye.com\/it\/wp-json\/wp\/v2\/media?parent=1622"}],"wp:term":[{"taxonomy":"product_brand","embeddable":true,"href":"https:\/\/bqeye.com\/it\/wp-json\/wp\/v2\/product_brand?post=1622"},{"taxonomy":"product_cat","embeddable":true,"href":"https:\/\/bqeye.com\/it\/wp-json\/wp\/v2\/product_cat?post=1622"},{"taxonomy":"product_tag","embeddable":true,"href":"https:\/\/bqeye.com\/it\/wp-json\/wp\/v2\/product_tag?post=1622"}],"curies":[{"name":"wp","href":"https:\/\/api.w.org\/{rel}","templated":true}]}}