{"id":1642,"date":"2024-04-19T07:31:18","date_gmt":"2024-04-19T07:31:18","guid":{"rendered":"https:\/\/bqeye.com\/?post_type=product&#038;p=1642"},"modified":"2024-05-03T05:03:12","modified_gmt":"2024-05-03T05:03:12","slug":"lucent-blue-colored-contacts","status":"publish","type":"product","link":"https:\/\/bqeye.com\/it\/lucent-blue-colored-contacts\/","title":{"rendered":"Contatti colorati blu Lucent"},"content":{"rendered":"<h3>Immergetevi in profondit\u00e0 ipnotiche con i contatti colorati BQEYE Lucent Blue<\/h3>\n<div><\/div>\n<div>Immergetevi in un mondo di accattivanti sfumature blu con le lenti colorate BQEYE Lucent Blue. Queste lenti sono state progettate per trasformare i vostri occhi in una splendida tonalit\u00e0 di blu, che ricorda le acque profonde e luminose di un oceano incontaminato. Se volete fare una dichiarazione di moda o semplicemente migliorare il vostro colore naturale degli occhi, queste lenti sono la scelta perfetta.<\/div>\n<div><\/div>\n<div>Le lenti colorate Lucent Blue sono caratterizzate da una miscela unica di toni di blu, che crea un effetto multidimensionale che imita la profondit\u00e0 e la luminosit\u00e0 di un mare scintillante. L'intricato disegno e la pigmentazione di queste lenti assicurano un aspetto straordinariamente realistico, facendo sembrare che siate nati con questo ipnotico colore degli occhi.<\/div>\n<div><\/div>\n<div>Noi di BQEYE sappiamo che il comfort \u00e8 importante quanto lo stile. Ecco perch\u00e9 le nostre lenti a contatto colorate Lucent Blue sono realizzate con materiali di alta qualit\u00e0 che privilegiano la permeabilit\u00e0 all'ossigeno, consentendo ai vostri occhi di respirare e rimanere comodi per tutto il giorno. Grazie al nostro modello DTC (Direct to Consumer), eliminiamo gli intermediari e portiamo queste lenti di alta qualit\u00e0 direttamente a voi a un prezzo accessibile.<\/div>\n<div><\/div>\n<div>Quando indossate le lenti colorate BQEYE Lucent Blue, non cambiate solo il colore degli occhi, ma abbracciate una nuova sfaccettatura della vostra personalit\u00e0. Le tonalit\u00e0 del blu evocano un senso di tranquillit\u00e0, fiducia e fascino luminoso, consentendovi di esprimere voi stessi in un modo che riflette veramente la vostra radiosit\u00e0 interiore. Sia che partecipiate a un evento speciale, sia che partecipiate a un servizio fotografico o che vogliate semplicemente fare una dichiarazione nella vostra vita quotidiana, queste lenti sono l'accessorio perfetto.<\/div>\n<div><\/div>\n<div>BQEYE si impegna a fornire le lenti a contatto colorate della migliore qualit\u00e0 sul mercato. Ogni paio di lenti a contatto colorate Lucent Blue \u00e8 sottoposto a rigorosi test e controlli di qualit\u00e0 per garantire un aspetto impeccabile e un'applicazione confortevole. Con una cura e una manutenzione adeguate, \u00e8 possibile godere degli effetti straordinari di queste lenti per un periodo prolungato, rendendole un valido investimento nel proprio arsenale di moda.<\/div>\n<div><\/div>\n<div>Immergetevi nelle profondit\u00e0 ipnotiche dei vostri occhi con le lenti a contatto colorate BQEYE Lucent Blue. Lasciate che i vostri occhi diventino il punto focale del vostro look, affascinando chi vi circonda con il loro fascino intenso e luminoso. Che abbiate occhi chiari o scuri, queste lenti creeranno un contrasto sorprendente che richiede attenzione.<\/div>\n<div><\/div>\n<div>Non accontentatevi dell'ordinario quando potete abbracciare lo straordinario con le lenti a contatto colorate BQEYE Lucent Blue. Ordinate le vostre lenti oggi stesso ed entrate in un mondo in cui i vostri occhi diventano l'incarnazione della bellezza luminosa e della fiducia in voi stessi. Lasciate che la vostra radiosit\u00e0 interiore risplenda e che BQEYE sia il vostro partner nel ridefinire il vostro look.<\/div>\n<div><\/div>\n<div>#Contatti colorati di blu #Design luminoso #MProfondit\u00e0 sorprendenti #EyeFashion #LuminousAllure<\/div>\n<div><\/div>","protected":false},"excerpt":{"rendered":"<p>Dive into Mesmerizing Depths with BQEYE Lucent Blue Colored Contacts Immerse yourself in a world of captivating blue hues with BQEYE Lucent Blue Colored Contacts. These lenses are designed to transform your eyes into a stunning shade of blue, reminiscent of the deep, luminous waters of a pristine ocean. Whether you&#8217;re looking to make a [&#8230;]\n","protected":false},"featured_media":1649,"comment_status":"open","ping_status":"closed","template":"","meta":[],"product_brand":[],"product_cat":[363,91,75,96,95,98],"product_tag":[365],"class_list":{"0":"post-1642","1":"product","2":"type-product","3":"status-publish","4":"has-post-thumbnail","6":"product_cat-lucent-series-colored-contact-lenses","7":"product_cat-14-2-mm","8":"product_cat-blue-contact-lenses","9":"product_cat-non-prescription","10":"product_cat-prescription","11":"product_cat-yearly-disposable","12":"product_tag-blue-colored-contacts","14":"first","15":"instock","16":"sale","17":"shipping-taxable","18":"purchasable","19":"product-type-variable","20":"has-default-attributes"},"_links":{"self":[{"href":"https:\/\/bqeye.com\/it\/wp-json\/wp\/v2\/product\/1642","targetHints":{"allow":["GET"]}}],"collection":[{"href":"https:\/\/bqeye.com\/it\/wp-json\/wp\/v2\/product"}],"about":[{"href":"https:\/\/bqeye.com\/it\/wp-json\/wp\/v2\/types\/product"}],"replies":[{"embeddable":true,"href":"https:\/\/bqeye.com\/it\/wp-json\/wp\/v2\/comments?post=1642"}],"wp:featuredmedia":[{"embeddable":true,"href":"https:\/\/bqeye.com\/it\/wp-json\/wp\/v2\/media\/1649"}],"wp:attachment":[{"href":"https:\/\/bqeye.com\/it\/wp-json\/wp\/v2\/media?parent=1642"}],"wp:term":[{"taxonomy":"product_brand","embeddable":true,"href":"https:\/\/bqeye.com\/it\/wp-json\/wp\/v2\/product_brand?post=1642"},{"taxonomy":"product_cat","embeddable":true,"href":"https:\/\/bqeye.com\/it\/wp-json\/wp\/v2\/product_cat?post=1642"},{"taxonomy":"product_tag","embeddable":true,"href":"https:\/\/bqeye.com\/it\/wp-json\/wp\/v2\/product_tag?post=1642"}],"curies":[{"name":"wp","href":"https:\/\/api.w.org\/{rel}","templated":true}]}}