{"id":1652,"date":"2024-04-19T08:03:36","date_gmt":"2024-04-19T08:03:36","guid":{"rendered":"https:\/\/bqeye.com\/?post_type=product&#038;p=1652"},"modified":"2024-04-19T08:07:14","modified_gmt":"2024-04-19T08:07:14","slug":"lucent-green-colored-contacts","status":"publish","type":"product","link":"https:\/\/bqeye.com\/it\/lucent-green-colored-contacts\/","title":{"rendered":"Contatti colorati verde Lucent"},"content":{"rendered":"<h3>Abbracciate il fascino incantevole dei contatti colorati BQEYE Lucent Green<\/h3>\n<div><\/div>\n<div>Entrate in un regno di accattivanti sfumature verdi con le lenti colorate BQEYE Lucent Green. Queste lenti sono state progettate per trasformare i vostri occhi in una splendida tonalit\u00e0 di verde, che ricorda la bellezza lussureggiante e luminosa di una foresta incantata. Sia che vogliate fare una dichiarazione di moda audace o che vogliate semplicemente migliorare il vostro colore naturale degli occhi, queste lenti sono la scelta perfetta.<\/div>\n<div><\/div>\n<div>Le lenti colorate Lucent Green sono caratterizzate da una miscela unica di toni verdi, che creano un effetto multidimensionale che imita la profondit\u00e0 e la vivacit\u00e0 di un affascinante smeraldo. L'intricato disegno e la pigmentazione di queste lenti assicurano un aspetto straordinariamente realistico, facendo sembrare che siate nati con questo incantevole colore degli occhi.<\/div>\n<div><\/div>\n<div>Noi di BQEYE sappiamo che il comfort \u00e8 importante quanto lo stile. Ecco perch\u00e9 le nostre lenti a contatto colorate Lucent Green sono realizzate con materiali di alta qualit\u00e0 che privilegiano la permeabilit\u00e0 all'ossigeno, consentendo ai vostri occhi di respirare e rimanere comodi per tutto il giorno. Grazie al nostro modello DTC (Direct to Consumer), eliminiamo gli intermediari e portiamo queste lenti di alta qualit\u00e0 direttamente a voi a un prezzo accessibile.<\/div>\n<div><\/div>\n<div>Quando indossate le lenti colorate BQEYE Lucent Green, non cambiate solo il colore degli occhi, ma abbracciate una nuova sfaccettatura della vostra personalit\u00e0. Le tonalit\u00e0 verdi evocano un senso di mistero, vitalit\u00e0 e fascino luminoso, consentendovi di esprimere voi stessi in un modo che riflette veramente la vostra radiosit\u00e0 interiore. Sia che partecipiate a un evento a tema, sia che partecipiate a un servizio fotografico o che vogliate semplicemente fare una dichiarazione nella vostra vita quotidiana, queste lenti sono l'accessorio perfetto.<\/div>\n<div><\/div>\n<div>BQEYE si impegna a fornire le lenti a contatto colorate della migliore qualit\u00e0 sul mercato. Ogni paio di lenti a contatto colorate Lucent Green \u00e8 sottoposto a rigorosi test e controlli di qualit\u00e0 per garantire un aspetto impeccabile e un'applicazione confortevole. Con una cura e una manutenzione adeguate, \u00e8 possibile godere degli effetti sorprendenti di queste lenti per un periodo prolungato, rendendole un valido investimento nel proprio arsenale di moda.<\/div>\n<div><\/div>\n<div>Abbracciate l'incantevole fascino dei vostri occhi con le lenti a contatto colorate BQEYE Lucent Green. Lasciate che i vostri occhi diventino il punto focale del vostro look, affascinando chi vi circonda con la loro bellezza intensa e luminosa. Che abbiate occhi chiari o scuri, queste lenti creeranno un contrasto sorprendente che richiede attenzione.<\/div>\n<div><\/div>\n<div>Non accontentatevi dell'ordinario quando potete scatenare lo straordinario con le lenti a contatto colorate BQEYE Lucent Green. Ordinate oggi stesso le vostre lenti e fate un salto in un mondo in cui i vostri occhi diventano l'incarnazione di una bellezza luminosa e di fiducia. Lasciate che la vostra radiosit\u00e0 interiore risplenda e che BQEYE sia il vostro partner nel ridefinire il vostro look.<\/div>\n<div><\/div>\n<div>#GreenColoredContacts #LucentDesign #EnchantingAllure #EyeFashion #LuminousBeauty<\/div>\n<div><\/div>","protected":false},"excerpt":{"rendered":"<p>Embrace the Enchanting Allure of BQEYE Lucent Green Colored Contacts Step into a realm of captivating green hues with BQEYE Lucent Green Colored Contacts. These lenses are designed to transform your eyes into a stunning shade of green, reminiscent of the lush, luminous beauty of an enchanted forest. Whether you&#8217;re looking to make a bold [&#8230;]\n","protected":false},"featured_media":1655,"comment_status":"open","ping_status":"closed","template":"","meta":[],"product_brand":[],"product_cat":[363,91,77,96,95,98],"product_tag":[366],"class_list":{"0":"post-1652","1":"product","2":"type-product","3":"status-publish","4":"has-post-thumbnail","6":"product_cat-lucent-series-colored-contact-lenses","7":"product_cat-14-2-mm","8":"product_cat-green-contact-lenses","9":"product_cat-non-prescription","10":"product_cat-prescription","11":"product_cat-yearly-disposable","12":"product_tag-green-colored-contacts","14":"first","15":"instock","16":"sale","17":"shipping-taxable","18":"purchasable","19":"product-type-variable","20":"has-default-attributes"},"_links":{"self":[{"href":"https:\/\/bqeye.com\/it\/wp-json\/wp\/v2\/product\/1652","targetHints":{"allow":["GET"]}}],"collection":[{"href":"https:\/\/bqeye.com\/it\/wp-json\/wp\/v2\/product"}],"about":[{"href":"https:\/\/bqeye.com\/it\/wp-json\/wp\/v2\/types\/product"}],"replies":[{"embeddable":true,"href":"https:\/\/bqeye.com\/it\/wp-json\/wp\/v2\/comments?post=1652"}],"wp:featuredmedia":[{"embeddable":true,"href":"https:\/\/bqeye.com\/it\/wp-json\/wp\/v2\/media\/1655"}],"wp:attachment":[{"href":"https:\/\/bqeye.com\/it\/wp-json\/wp\/v2\/media?parent=1652"}],"wp:term":[{"taxonomy":"product_brand","embeddable":true,"href":"https:\/\/bqeye.com\/it\/wp-json\/wp\/v2\/product_brand?post=1652"},{"taxonomy":"product_cat","embeddable":true,"href":"https:\/\/bqeye.com\/it\/wp-json\/wp\/v2\/product_cat?post=1652"},{"taxonomy":"product_tag","embeddable":true,"href":"https:\/\/bqeye.com\/it\/wp-json\/wp\/v2\/product_tag?post=1652"}],"curies":[{"name":"wp","href":"https:\/\/api.w.org\/{rel}","templated":true}]}}