{"id":2038,"date":"2025-01-08T21:20:25","date_gmt":"2025-01-08T13:20:25","guid":{"rendered":"https:\/\/bqeye.com\/?post_type=product&#038;p=2038"},"modified":"2025-01-08T21:21:39","modified_gmt":"2025-01-08T13:21:39","slug":"milky-coffee-amber-contact-lenses","status":"publish","type":"product","link":"https:\/\/bqeye.com\/it\/milky-coffee-amber-contact-lenses\/","title":{"rendered":"Lenti a contatto ambra caff\u00e8 latteo"},"content":{"rendered":"<h1 class=\"md-end-block md-heading\"><span class=\"md-plain md-expand\">Lenti a contatto ambra caff\u00e8 latteo: Incantevole valorizzazione dello sguardo \u2727<\/span><\/h1>\n<h2 class=\"md-end-block md-heading\"><span class=\"md-plain\">Ispirazione al design e simbolismo del colore<\/span><\/h2>\n<p class=\"md-end-block md-p\"><span class=\"md-plain\">Il <\/span><span class=\"md-pair-s\"><strong><span class=\"md-plain\">Lenti a contatto ambra caff\u00e8 latteo<\/span><\/strong><\/span><span class=\"md-plain\"> traggono ispirazione dall'arte della cultura del caff\u00e8 di alta gamma e dal calore dei tramonti ambrati. Il design cattura il momento ipnotico in cui il ricco espresso incontra il latte cremoso, creando perfette volute di caff\u00e8. Questa sofisticata miscela rappresenta l'armonia tra forza e morbidezza.<\/span><\/p>\n<p class=\"md-end-block md-p\"><span class=\"md-plain\">L'anello esterno di colore marrone intenso richiama l'intensit\u00e0 dei chicchi di caff\u00e8 appena tostati, mentre i toni ambrati interni riflettono il caldo abbraccio dell'ora d'oro. Questa dualit\u00e0 crea una profondit\u00e0 accattivante che ingrandisce gli occhi in modo naturale. Le intricate transizioni di colore rispecchiano gli strati che si trovano nella latte art perfettamente realizzata, dove ogni anello racconta la propria storia.<\/span><\/p>\n<p class=\"md-end-block md-p\"><span class=\"md-plain\">Queste lenti rappresentano il perfetto equilibrio tra impatto drammatico e bellezza naturale. L'anello esterno ispirato al caff\u00e8 non solo crea un effetto di ingrandimento, ma aggiunge anche una misteriosa profondit\u00e0 allo sguardo. Le sfumature ambrate conferiscono invece calore e dimensione, facendo apparire gli occhi pi\u00f9 vividi ed espressivi.<\/span><\/p>\n<p class=\"md-end-block md-p\"><span class=\"md-plain\">La filosofia del design celebra il potere trasformativo della cultura del caff\u00e8: come qualcosa di semplice come il caff\u00e8 e il latte possa creare una bellezza straordinaria. Questo concetto si traduce in una valorizzazione degli occhi che risulta al tempo stesso lussuosa e naturale.<\/span><\/p>\n<h2 class=\"md-end-block md-heading\"><span class=\"md-plain\">Recensioni di influencer<\/span><\/h2>\n<p class=\"md-end-block md-p\"><span class=\"md-plain\">@CoffeeBeautyQueen (1,2 milioni di follower): \"Queste lenti sono la mia arma segreta per la creazione di contenuti! L'effetto ingrandito \u00e8 cos\u00ec naturale e i toni caff\u00e8-ambra fanno risaltare i miei occhi con qualsiasi illuminazione. Perfette per i miei video di recensioni di caff\u00e8! \u2615\ufe0f\u2728\"<\/span><\/p>\n<p class=\"md-end-block md-p\"><span class=\"md-plain\">@StyleSiren (890K follower): \"L'anello esterno scuro mi d\u00e0 quel perfetto effetto di ingrandimento degli occhi che ho sempre desiderato. Li ho indossati alla Settimana della Moda e tutti mi hanno chiesto dei miei occhi ipnotici! \ud83d\udc40\"<\/span><\/p>\n<p class=\"md-end-block md-p\"><span class=\"md-plain\">@BeautyInsider (750K follower): \"Finalmente ho trovato le mie lenti sacre! I toni del caff\u00e8 lattiginoso si fondono perfettamente con il mio colore naturale degli occhi, mentre l'anello esterno fa sembrare i miei occhi pi\u00f9 grandi. Ora sono il mio punto di riferimento per tutti i miei tutorial di bellezza! \ud83d\udcab\"<\/span><\/p>\n<h2 class=\"md-end-block md-heading\"><span class=\"md-plain\">Esperienze dell'utente<\/span><\/h2>\n<p class=\"md-end-block md-p\"><span class=\"md-plain\">\"L'effetto ingrandito \u00e8 sorprendente ma naturale. I miei colleghi continuano a complimentarsi con i miei occhi durante le riunioni, senza rendersi conto che indosso le lenti a contatto! \ud83d\ude0a\"<\/span><\/p>\n<p class=\"md-end-block md-p\"><span class=\"md-plain\">\"Adoro il modo in cui questi occhiali fanno apparire i miei occhi molto pi\u00f9 grandi senza essere evidenti. Perfette da indossare tutti i giorni, soprattutto durante i miei turni da barista quando ho bisogno di un aspetto fresco e naturale! \u2728\"<\/span><\/p>\n<p class=\"md-end-block md-p\"><span class=\"md-plain\">\"Queste lenti hanno trasformato completamente il mio look! L'anello esterno scuro fa risaltare i miei occhi, mentre i toni ambrati aggiungono un bellissimo calore. Indispensabili per i miei servizi fotografici! \ud83d\udc95\"<\/span><\/p>\n<h2 class=\"md-end-block md-heading\"><span class=\"md-plain\">Occasioni perfette<\/span><\/h2>\n<h3 class=\"md-end-block md-heading\"><span class=\"md-plain\">Abbigliamento quotidiano<\/span><\/h3>\n<ul class=\"ul-list\" data-mark=\"-\">\n<li class=\"md-list-item\">\n<p class=\"md-end-block md-p\"><span class=\"md-plain\">Appuntamenti in caffetteria<\/span><\/p>\n<\/li>\n<li class=\"md-list-item\">\n<p class=\"md-end-block md-p\"><span class=\"md-plain\">Riunioni di lavoro<\/span><\/p>\n<\/li>\n<li class=\"md-list-item\">\n<p class=\"md-end-block md-p\"><span class=\"md-plain\">Viaggi di shopping<\/span><\/p>\n<\/li>\n<li class=\"md-list-item\">\n<p class=\"md-end-block md-p\"><span class=\"md-plain\">Uscite casuali<\/span><\/p>\n<\/li>\n<\/ul>\n<h3 class=\"md-end-block md-heading\"><span class=\"md-plain\">Eventi speciali<\/span><\/h3>\n<ul class=\"ul-list\" data-mark=\"-\">\n<li class=\"md-list-item\">\n<p class=\"md-end-block md-p\"><span class=\"md-plain\">Sessioni di fotografia<\/span><\/p>\n<\/li>\n<li class=\"md-list-item\">\n<p class=\"md-end-block md-p\"><span class=\"md-plain\">Incontri sociali<\/span><\/p>\n<\/li>\n<li class=\"md-list-item\">\n<p class=\"md-end-block md-p\"><span class=\"md-plain\">Presentazioni professionali<\/span><\/p>\n<\/li>\n<li class=\"md-list-item\">\n<p class=\"md-end-block md-p\"><span class=\"md-plain\">Eventi serali<\/span><\/p>\n<\/li>\n<\/ul>\n<h2 class=\"md-end-block md-heading\"><span class=\"md-plain\">Guida allo styling<\/span><\/h2>\n<h3 class=\"md-end-block md-heading\"><span class=\"md-plain\">Abbinamento del trucco<\/span><\/h3>\n<ul class=\"ul-list\" data-mark=\"-\">\n<li class=\"md-list-item\">\n<p class=\"md-end-block md-p\"><span class=\"md-plain\">Look naturale: Ombretti marroni morbidi<\/span><\/p>\n<\/li>\n<li class=\"md-list-item\">\n<p class=\"md-end-block md-p\"><span class=\"md-plain\">Stile drammatico: Smokey eye dorato<\/span><\/p>\n<\/li>\n<li class=\"md-list-item\">\n<p class=\"md-end-block md-p\"><span class=\"md-plain\">Casual chic: Neutri dai toni caldi<\/span><\/p>\n<\/li>\n<\/ul>\n<h3 class=\"md-end-block md-heading\"><span class=\"md-plain\">Coordinamento moda<\/span><\/h3>\n<ul class=\"ul-list\" data-mark=\"-\">\n<li class=\"md-list-item\">\n<p class=\"md-end-block md-p\"><span class=\"md-plain\">Toni della terra<\/span><\/p>\n<\/li>\n<li class=\"md-list-item\">\n<p class=\"md-end-block md-p\"><span class=\"md-plain\">Neutri caldi<\/span><\/p>\n<\/li>\n<li class=\"md-list-item\">\n<p class=\"md-end-block md-p\"><span class=\"md-plain\">Colori ispirati al caff\u00e8<\/span><\/p>\n<\/li>\n<li class=\"md-list-item\">\n<p class=\"md-end-block md-p\"><span class=\"md-plain\">Accenti in ambra e oro<\/span><\/p>\n<\/li>\n<\/ul>\n<h3 class=\"md-end-block md-heading\"><span class=\"md-plain\">Consigli di stile stagionali<\/span><\/h3>\n<ul class=\"ul-list\" data-mark=\"-\">\n<li class=\"md-list-item\">\n<p class=\"md-end-block md-p\"><span class=\"md-plain\">Primavera\/Estate: Tessuti leggeri e ariosi<\/span><\/p>\n<\/li>\n<li class=\"md-list-item\">\n<p class=\"md-end-block md-p\"><span class=\"md-plain\">Autunno\/Inverno: Texture ricche e calde<\/span><\/p>\n<\/li>\n<\/ul>\n<p class=\"md-end-block md-p md-focus\"><span class=\"md-plain\">\u2727 Trasformate il vostro sguardo con <\/span><span class=\"md-pair-s\"><strong><span class=\"md-plain\">Lenti a contatto ambra caff\u00e8 latteo<\/span><\/strong><\/span><span class=\"md-plain md-expand\"> - Dove l'eleganza ispirata al caff\u00e8 incontra il miglioramento naturale degli occhi! \u2727<\/span><\/p>","protected":false},"excerpt":{"rendered":"<p>Milky Coffee Amber Contact Lenses: Enchanting Gaze Enhancement \u2727 Design Inspiration &amp; Color Symbolism The Milky Coffee Amber Contact Lenses draw their inspiration from the artistry of high-end coffee culture and the warmth of amber sunsets. The design captures the mesmerizing moment when rich espresso meets creamy milk, creating perfect coffee art swirls. This sophisticated [&#8230;]\n","protected":false},"featured_media":2040,"comment_status":"open","ping_status":"closed","template":"","meta":[],"product_brand":[],"product_cat":[80,92,188,158,98],"product_tag":[],"class_list":{"0":"post-2038","1":"product","2":"type-product","3":"status-publish","4":"has-post-thumbnail","6":"product_cat-brown-contact-lenses","7":"product_cat-14-5-mm","8":"product_cat-dream-contacts","9":"product_cat-enlarge-contacts","10":"product_cat-yearly-disposable","12":"first","13":"instock","14":"sale","15":"shipping-taxable","16":"purchasable","17":"product-type-variable","18":"has-default-attributes"},"_links":{"self":[{"href":"https:\/\/bqeye.com\/it\/wp-json\/wp\/v2\/product\/2038","targetHints":{"allow":["GET"]}}],"collection":[{"href":"https:\/\/bqeye.com\/it\/wp-json\/wp\/v2\/product"}],"about":[{"href":"https:\/\/bqeye.com\/it\/wp-json\/wp\/v2\/types\/product"}],"replies":[{"embeddable":true,"href":"https:\/\/bqeye.com\/it\/wp-json\/wp\/v2\/comments?post=2038"}],"wp:featuredmedia":[{"embeddable":true,"href":"https:\/\/bqeye.com\/it\/wp-json\/wp\/v2\/media\/2040"}],"wp:attachment":[{"href":"https:\/\/bqeye.com\/it\/wp-json\/wp\/v2\/media?parent=2038"}],"wp:term":[{"taxonomy":"product_brand","embeddable":true,"href":"https:\/\/bqeye.com\/it\/wp-json\/wp\/v2\/product_brand?post=2038"},{"taxonomy":"product_cat","embeddable":true,"href":"https:\/\/bqeye.com\/it\/wp-json\/wp\/v2\/product_cat?post=2038"},{"taxonomy":"product_tag","embeddable":true,"href":"https:\/\/bqeye.com\/it\/wp-json\/wp\/v2\/product_tag?post=2038"}],"curies":[{"name":"wp","href":"https:\/\/api.w.org\/{rel}","templated":true}]}}