{"id":2107,"date":"2025-01-09T22:55:44","date_gmt":"2025-01-09T14:55:44","guid":{"rendered":"https:\/\/bqeye.com\/?post_type=product&#038;p=2107"},"modified":"2025-01-09T22:59:37","modified_gmt":"2025-01-09T14:59:37","slug":"deep-denim-contact-lenses","status":"publish","type":"product","link":"https:\/\/bqeye.com\/it\/deep-denim-contact-lenses\/","title":{"rendered":"Lenti a contatto Deep Denim"},"content":{"rendered":"<h1 class=\"md-end-block md-heading\"><span class=\"md-plain md-expand\">Lenti a contatto Deep Denim - Abbracciate la vostra bellezza ispirata all'oceano<\/span><\/h1>\n<h2 class=\"md-end-block md-heading\"><span class=\"md-plain\">\ud83d\udcab Ispirazione di design<\/span><\/h2>\n<p class=\"md-end-block md-p\"><span class=\"md-plain\">Ispirate alle serene profondit\u00e0 dell'oceano, queste lenti a contatto Deep Denim catturano l'essenza delle acque crepuscolari. Il design riflette il sofisticato gioco di sfumature blu profondo che si trova nel denim di prima qualit\u00e0, creando un effetto ipnotico che esalta il colore naturale degli occhi e aggiunge profondit\u00e0 e dimensione allo sguardo. Queste lenti non solo fanno apparire gli occhi pi\u00f9 grandi e definiti, ma creano anche un irresistibile fascino mistico, perfetto per ogni occasione.<\/span><\/p>\n<h2 class=\"md-end-block md-heading\"><span class=\"md-plain\">\ud83d\udc41\ufe0f Recensioni di influencer<\/span><\/h2>\n<ul class=\"ul-list\" data-mark=\"*\">\n<li class=\"md-list-item\">\n<p class=\"md-end-block md-p\"><span class=\"md-plain\">@StyleQueen (2,3 milioni di follower): \"Queste lenti Deep Denim sono le mie preferite per i servizi fotografici! Danno ai miei occhi un'incredibile profondit\u00e0 che sembra incredibile sia con la luce naturale che in studio. \ud83d\udc99\"<\/span><\/p>\n<\/li>\n<li class=\"md-list-item\">\n<p class=\"md-end-block md-p\"><span class=\"md-plain\">@BeautyInsider (897K follower): \"Ho trovato il mio paio perfetto! Quando le indosso per le riunioni di lavoro, tutti si complimentano per il loro aspetto professionale e allo stesso tempo accattivante. Il tono di blu profondo \u00e8 semplicemente splendido!\".<\/span><\/p>\n<\/li>\n<li class=\"md-list-item\">\n<p class=\"md-end-block md-p\"><span class=\"md-plain\">@FashionFable (1,2 milioni di follower): \"OMG! Queste lenti sono tutto! Fanno risaltare i miei occhi durante le mie Instagram Lives, e sono cos\u00ec comode che mi dimentico di indossarle durante i miei eventi di moda di 12 ore! \ud83c\udf0a\"<\/span><\/p>\n<\/li>\n<\/ul>\n<h2 class=\"md-end-block md-heading\"><span class=\"md-plain\">\ud83d\udc8e Esperienze degli utenti<\/span><\/h2>\n<ul class=\"ul-list\" data-mark=\"*\">\n<li class=\"md-list-item\">\n<p class=\"md-end-block md-p\"><span class=\"md-plain\">\"Le lenti Deep Denim sono incredibilmente naturali. Le indosso durante le mie riunioni aziendali e mi danno una tale sicurezza senza essere troppo drammatiche\".<\/span><\/p>\n<\/li>\n<li class=\"md-list-item\">\n<p class=\"md-end-block md-p\"><span class=\"md-plain\">\"Queste lenti sono perfette per i miei brunch del fine settimana! I miei amici non riescono a credere a quanto si fondano naturalmente con il mio colore originale degli occhi. \ud83d\udc40\"<\/span><\/p>\n<\/li>\n<li class=\"md-list-item\">\n<p class=\"md-end-block md-p\"><span class=\"md-plain\">\"Indossare queste scarpe al matrimonio di mia sorella \u00e8 stata la decisione migliore: sono state fotografate magnificamente e sono rimaste comode per tutta la celebrazione!\".<\/span><\/p>\n<\/li>\n<\/ul>\n<h2 class=\"md-end-block md-heading\"><span class=\"md-plain\">\ud83c\udfaf Occasioni perfette<\/span><\/h2>\n<ul class=\"ul-list\" data-mark=\"*\">\n<li class=\"md-list-item\">\n<p class=\"md-end-block md-p\"><span class=\"md-plain\">Da indossare tutti i giorni: Riunioni in ufficio, uscite casual, shopping<\/span><\/p>\n<\/li>\n<li class=\"md-list-item\">\n<p class=\"md-end-block md-p\"><span class=\"md-plain\">Eventi speciali: Matrimoni, servizi fotografici, incontri formali<\/span><\/p>\n<\/li>\n<li class=\"md-list-item\">\n<p class=\"md-end-block md-p\"><span class=\"md-plain\">Abbinamento al trucco: Funziona benissimo con smokey eyes neutri, look bronzei o trucco naturale.<\/span><\/p>\n<\/li>\n<\/ul>\n<h2 class=\"md-end-block md-heading\"><span class=\"md-plain\">\ud83d\udc54 Guida allo stile<\/span><\/h2>\n<h3 class=\"md-end-block md-heading\"><span class=\"md-plain\">Combinazioni di colori per l'abbigliamento<\/span><\/h3>\n<ul class=\"ul-list\" data-mark=\"*\">\n<li class=\"md-list-item\">\n<p class=\"md-end-block md-p\"><span class=\"md-plain\">Neutri: Bianco, crema, beige, grigio<\/span><\/p>\n<\/li>\n<li class=\"md-list-item\">\n<p class=\"md-end-block md-p\"><span class=\"md-plain\">Complementare: Marina, bordeaux, verde bosco<\/span><\/p>\n<\/li>\n<li class=\"md-list-item\">\n<p class=\"md-end-block md-p\"><span class=\"md-plain\">Accenti: Oro, argento, rame<\/span><\/p>\n<\/li>\n<\/ul>\n<h3 class=\"md-end-block md-heading\"><span class=\"md-plain\">Raccomandazioni sugli accessori<\/span><\/h3>\n<ul class=\"ul-list\" data-mark=\"*\">\n<li class=\"md-list-item\">\n<p class=\"md-end-block md-p\"><span class=\"md-plain\">Gioielli in oro per una calda raffinatezza<\/span><\/p>\n<\/li>\n<li class=\"md-list-item\">\n<p class=\"md-end-block md-p\"><span class=\"md-plain\">Pezzi d'argento per una fresca eleganza<\/span><\/p>\n<\/li>\n<li class=\"md-list-item\">\n<p class=\"md-end-block md-p\"><span class=\"md-plain\">Accessori in perle per un fascino senza tempo<\/span><\/p>\n<\/li>\n<\/ul>\n<h3 class=\"md-end-block md-heading\"><span class=\"md-plain\">Styling stagionale<\/span><\/h3>\n<ul class=\"ul-list\" data-mark=\"*\">\n<li class=\"md-list-item\">\n<p class=\"md-end-block md-p\"><span class=\"md-plain\">Primavera\/estate: Abbinamento con biancheria leggera e colori pastello<\/span><\/p>\n<\/li>\n<li class=\"md-list-item\">\n<p class=\"md-end-block md-p\"><span class=\"md-plain\">Autunno\/Inverno: Perfetto con tessuti ricchi e toni profondi<\/span><\/p>\n<\/li>\n<\/ul>\n<p class=\"md-end-block md-p md-focus\"><span class=\"md-plain md-expand\">Trasformate il vostro look con le lenti a contatto Deep Denim, dove la bellezza ispirata all'oceano incontra l'eleganza quotidiana! \ud83c\udf0a<\/span><\/p>","protected":false},"excerpt":{"rendered":"<p>\u2728 Deep Denim Contact Lenses &#8211; Embrace Your Ocean-Inspired Beauty \ud83d\udcab Design Inspiration Drawing inspiration from the serene depths of the ocean, these Deep Denim Contact Lenses capture the essence of twilight waters. The design reflects the sophisticated interplay of deep blue hues found in premium denim, creating a mesmerizing effect that enhances your natural [&#8230;]\n","protected":false},"featured_media":2109,"comment_status":"open","ping_status":"closed","template":"","meta":[],"product_brand":[],"product_cat":[75,92,188,158,98],"product_tag":[],"class_list":{"0":"post-2107","1":"product","2":"type-product","3":"status-publish","4":"has-post-thumbnail","6":"product_cat-blue-contact-lenses","7":"product_cat-14-5-mm","8":"product_cat-dream-contacts","9":"product_cat-enlarge-contacts","10":"product_cat-yearly-disposable","12":"first","13":"instock","14":"sale","15":"shipping-taxable","16":"purchasable","17":"product-type-variable","18":"has-default-attributes"},"_links":{"self":[{"href":"https:\/\/bqeye.com\/it\/wp-json\/wp\/v2\/product\/2107","targetHints":{"allow":["GET"]}}],"collection":[{"href":"https:\/\/bqeye.com\/it\/wp-json\/wp\/v2\/product"}],"about":[{"href":"https:\/\/bqeye.com\/it\/wp-json\/wp\/v2\/types\/product"}],"replies":[{"embeddable":true,"href":"https:\/\/bqeye.com\/it\/wp-json\/wp\/v2\/comments?post=2107"}],"wp:featuredmedia":[{"embeddable":true,"href":"https:\/\/bqeye.com\/it\/wp-json\/wp\/v2\/media\/2109"}],"wp:attachment":[{"href":"https:\/\/bqeye.com\/it\/wp-json\/wp\/v2\/media?parent=2107"}],"wp:term":[{"taxonomy":"product_brand","embeddable":true,"href":"https:\/\/bqeye.com\/it\/wp-json\/wp\/v2\/product_brand?post=2107"},{"taxonomy":"product_cat","embeddable":true,"href":"https:\/\/bqeye.com\/it\/wp-json\/wp\/v2\/product_cat?post=2107"},{"taxonomy":"product_tag","embeddable":true,"href":"https:\/\/bqeye.com\/it\/wp-json\/wp\/v2\/product_tag?post=2107"}],"curies":[{"name":"wp","href":"https:\/\/api.w.org\/{rel}","templated":true}]}}