{"id":2320,"date":"2025-02-12T21:06:37","date_gmt":"2025-02-12T13:06:37","guid":{"rendered":"https:\/\/bqeye.com\/?post_type=product&#038;p=2320"},"modified":"2025-02-12T21:18:59","modified_gmt":"2025-02-12T13:18:59","slug":"diamond-dust-grey-contact-lenses","status":"publish","type":"product","link":"https:\/\/bqeye.com\/it\/diamond-dust-grey-contact-lenses\/","title":{"rendered":"Lenti a contatto Diamond Dust Grey"},"content":{"rendered":"<h1 class=\"md-end-block md-heading\"><span class=\"md-plain md-expand\">Lenti a contatto Diamond Dust Grey: Catturano l'attenzione con un'eleganza cristallina \u2728<\/span><\/h1>\n<h2 class=\"md-end-block md-heading\"><span class=\"md-plain\">Ispirazione al design e significato del colore<\/span><\/h2>\n<p class=\"md-end-block md-p\"><span class=\"md-plain\">Ispirate al luccichio etereo della polvere di diamante che cattura la luce invernale, queste lenti trasformano gli occhi comuni in gioielli ipnotici. Il design unico presenta una sofisticata base grigia infusa di microscopiche particelle che riflettono la luce, creando un sottile scintillio che imita i frammenti di diamante sparsi.<\/span><\/p>\n<p class=\"md-end-block md-p\"><span class=\"md-plain\">Ogni lente \u00e8 realizzata con pi\u00f9 strati di tonalit\u00e0 di grigio diverse, dal grigio perla ai toni pi\u00f9 profondi dell'ardesia. Il motivo cristallino crea un effetto tridimensionale che si trasforma in modo meraviglioso in diverse condizioni di luce, proprio come i diamanti veri che catturano e riflettono la luce da ogni angolo.<\/span><\/p>\n<p class=\"md-end-block md-p\"><span class=\"md-plain\">Il caratteristico motivo a scintillio \u00e8 posizionato strategicamente per esaltare il movimento naturale dell'occhio, assicurando che la brillantezza del diamante appaia organica e accattivante piuttosto che artificiale. Perfetto per chi cerca una valorizzazione sofisticata che mantenga la bellezza naturale e aggiunga un tocco di lusso in pi\u00f9.<\/span><\/p>\n<h2 class=\"md-end-block md-heading\"><span class=\"md-plain\">Recensioni di influencer<\/span><\/h2>\n<p class=\"md-end-block md-p\"><span class=\"md-plain\">@CrystalGlow (1,5 milioni di follower)<\/span><\/p>\n<blockquote>\n<p class=\"md-end-block md-p\"><span class=\"md-plain\">\"Queste lenti sono tutto! L'effetto diamante \u00e8 sottile ma stupendo - perfetto per i miei contenuti di lusso! \ud83d\udc8e\"<\/span><\/p>\n<\/blockquote>\n<p class=\"md-end-block md-p\"><span class=\"md-plain\">@BeautyInsider (980K follower)<\/span><\/p>\n<blockquote>\n<p class=\"md-end-block md-p\"><span class=\"md-plain\">\"Finalmente delle lenti grigie che brillano in modo naturale! Le mie preferite sia per il glamour di tutti i giorni che per gli eventi speciali \u2728\".<\/span><\/p>\n<\/blockquote>\n<p class=\"md-end-block md-p\"><span class=\"md-plain\">@GlamLifeDaily (750K follower)<\/span><\/p>\n<blockquote>\n<p class=\"md-end-block md-p\"><span class=\"md-plain\">\"Il modo in cui queste lenti catturano la luce \u00e8 assolutamente magico! Il miglior investimento per i miei contenuti beauty \ud83d\udcab\"<\/span><\/p>\n<\/blockquote>\n<h2 class=\"md-end-block md-heading\"><span class=\"md-plain\">Esperienze dell'utente<\/span><\/h2>\n<blockquote>\n<p class=\"md-end-block md-p\"><span class=\"md-plain\">\"Li ho indossati per i servizi fotografici di matrimonio e l'effetto scintillante aggiunge una qualit\u00e0 cos\u00ec eterea alle foto della sposa\".<\/span><\/p>\n<\/blockquote>\n<ul class=\"ul-list\" data-mark=\"-\">\n<li class=\"md-list-item\">\n<p class=\"md-end-block md-p\"><span class=\"md-plain\">Emma Roberts (Fotografo professionista)<\/span><\/p>\n<\/li>\n<\/ul>\n<blockquote>\n<p class=\"md-end-block md-p\"><span class=\"md-plain\">\"Il livello di comfort \u00e8 incredibile: posso indossarli tutto il giorno agli eventi senza alcuna irritazione\".<\/span><\/p>\n<\/blockquote>\n<ul class=\"ul-list\" data-mark=\"-\">\n<li class=\"md-list-item\">\n<p class=\"md-end-block md-p\"><span class=\"md-plain\">Michelle Zhang (organizzatrice di eventi)<\/span><\/p>\n<\/li>\n<\/ul>\n<blockquote>\n<p class=\"md-end-block md-p\"><span class=\"md-plain\">\"Questi gioielli sono bellissimi sia con l'illuminazione naturale che in studio. L'effetto scintillante \u00e8 sottile ma evidente\".<\/span><\/p>\n<\/blockquote>\n<ul class=\"ul-list\" data-mark=\"-\">\n<li class=\"md-list-item\">\n<p class=\"md-end-block md-p\"><span class=\"md-plain\">Kate Anderson (modella)<\/span><\/p>\n<\/li>\n<\/ul>\n<h2 class=\"md-end-block md-heading\"><span class=\"md-plain\">Caratteristiche di comfort e sicurezza<\/span><\/h2>\n<p class=\"md-end-block md-p\"><span class=\"md-plain\">Prodotto con standard di qualit\u00e0 superiore:<\/span><\/p>\n<ul class=\"ul-list\" data-mark=\"-\">\n<li class=\"md-list-item\">\n<p class=\"md-end-block md-p\"><span class=\"md-plain\">Tecnologia idrogel avanzata<\/span><\/p>\n<\/li>\n<li class=\"md-list-item\">\n<p class=\"md-end-block md-p\"><span class=\"md-plain\">Maggiore permeabilit\u00e0 all'ossigeno<\/span><\/p>\n<\/li>\n<li class=\"md-list-item\">\n<p class=\"md-end-block md-p\"><span class=\"md-plain\">Design a bordi lisci per il massimo comfort<\/span><\/p>\n<\/li>\n<li class=\"md-list-item\">\n<p class=\"md-end-block md-p\"><span class=\"md-plain\">Materiali approvati dalla FDA<\/span><\/p>\n<\/li>\n<\/ul>\n<h2 class=\"md-end-block md-heading\"><span class=\"md-plain\">L'esperienza della polvere di diamante<\/span><\/h2>\n<p class=\"md-end-block md-p\"><span class=\"md-plain\">Ogni coppia offre:<\/span><\/p>\n<ul class=\"ul-list\" data-mark=\"-\">\n<li class=\"md-list-item\">\n<p class=\"md-end-block md-p\"><span class=\"md-plain\">Effetto cristallino dall'aspetto naturale<\/span><\/p>\n<\/li>\n<li class=\"md-list-item\">\n<p class=\"md-end-block md-p\"><span class=\"md-plain\">Transizione del colore senza soluzione di continuit\u00e0<\/span><\/p>\n<\/li>\n<li class=\"md-list-item\">\n<p class=\"md-end-block md-p\"><span class=\"md-plain\">Comfort di utilizzo per tutto il giorno<\/span><\/p>\n<\/li>\n<li class=\"md-list-item\">\n<p class=\"md-end-block md-p\"><span class=\"md-plain\">Manutenzione semplice<\/span><\/p>\n<\/li>\n<li class=\"md-list-item\">\n<p class=\"md-end-block md-p\"><span class=\"md-plain\">Intensit\u00e0 del colore stabile<\/span><\/p>\n<\/li>\n<li class=\"md-list-item\">\n<p class=\"md-end-block md-p\"><span class=\"md-plain\">Visione cristallina<\/span><\/p>\n<\/li>\n<\/ul>\n<h2 class=\"md-end-block md-heading\"><span class=\"md-plain\">Trasformate il vostro look oggi stesso!<\/span><\/h2>\n<p class=\"md-end-block md-p\"><span class=\"md-plain\">Entrate in un mondo di sofisticato glamour con le lenti Diamond Dust Grey. Perfetti per:<\/span><\/p>\n<ul class=\"ul-list\" data-mark=\"-\">\n<li class=\"md-list-item\">\n<p class=\"md-end-block md-p\"><span class=\"md-plain\">Occasioni speciali<\/span><\/p>\n<\/li>\n<li class=\"md-list-item\">\n<p class=\"md-end-block md-p\"><span class=\"md-plain\">Servizi fotografici professionali<\/span><\/p>\n<\/li>\n<li class=\"md-list-item\">\n<p class=\"md-end-block md-p\"><span class=\"md-plain\">Eleganza quotidiana<\/span><\/p>\n<\/li>\n<li class=\"md-list-item\">\n<p class=\"md-end-block md-p\"><span class=\"md-plain\">Contenuti dei social media<\/span><\/p>\n<\/li>\n<li class=\"md-list-item\">\n<p class=\"md-end-block md-p\"><span class=\"md-plain\">Eventi formali<\/span><\/p>\n<\/li>\n<\/ul>\n<p class=\"md-end-block md-p\"><span class=\"md-plain\">Sperimentate l'equilibrio perfetto tra un'esaltazione sottile e un impatto sorprendente. Lasciate che i vostri occhi scintillino con la bellezza senza tempo della polvere di diamante! \u2728<\/span><\/p>\n<p class=\"md-end-block md-p\"><span class=\"md-plain\">Ricordate che il vero lusso sta nei dettagli: rendete i vostri occhi il fulcro del vostro look con queste lenti eccezionali. La vostra trasformazione ispirata ai diamanti vi aspetta! \ud83d\udc8e<\/span><\/p>\n<p class=\"md-end-block md-p md-focus\">#<span class=\"md-plain md-expand\">Lenti DiamondDust #Lenti a contatto grigie #Lenti di bellezza di lusso 1TP7Lenti per migliorare gli occhi #Lenti glamour<\/span><\/p>","protected":false},"excerpt":{"rendered":"<p>Diamond Dust Grey Contact Lenses: Captivate with Crystalline Elegance \u2728 Design Inspiration &amp; Color Significance Inspired by the ethereal shimmer of diamond dust catching winter light, these lenses transform ordinary eyes into mesmerizing jewels. The unique design features a sophisticated grey base infused with microscopic light-reflecting particles, creating a subtle sparkle that mimics scattered diamond [&#8230;]\n","protected":false},"featured_media":2322,"comment_status":"open","ping_status":"closed","template":"","meta":[],"product_brand":[],"product_cat":[81,92,188,158,204,98],"product_tag":[],"class_list":{"0":"post-2320","1":"product","2":"type-product","3":"status-publish","4":"has-post-thumbnail","6":"product_cat-grey-contact-lenses","7":"product_cat-14-5-mm","8":"product_cat-dream-contacts","9":"product_cat-enlarge-contacts","10":"product_cat-party-contacts","11":"product_cat-yearly-disposable","13":"first","14":"instock","15":"sale","16":"shipping-taxable","17":"purchasable","18":"product-type-variable","19":"has-default-attributes"},"_links":{"self":[{"href":"https:\/\/bqeye.com\/it\/wp-json\/wp\/v2\/product\/2320","targetHints":{"allow":["GET"]}}],"collection":[{"href":"https:\/\/bqeye.com\/it\/wp-json\/wp\/v2\/product"}],"about":[{"href":"https:\/\/bqeye.com\/it\/wp-json\/wp\/v2\/types\/product"}],"replies":[{"embeddable":true,"href":"https:\/\/bqeye.com\/it\/wp-json\/wp\/v2\/comments?post=2320"}],"wp:featuredmedia":[{"embeddable":true,"href":"https:\/\/bqeye.com\/it\/wp-json\/wp\/v2\/media\/2322"}],"wp:attachment":[{"href":"https:\/\/bqeye.com\/it\/wp-json\/wp\/v2\/media?parent=2320"}],"wp:term":[{"taxonomy":"product_brand","embeddable":true,"href":"https:\/\/bqeye.com\/it\/wp-json\/wp\/v2\/product_brand?post=2320"},{"taxonomy":"product_cat","embeddable":true,"href":"https:\/\/bqeye.com\/it\/wp-json\/wp\/v2\/product_cat?post=2320"},{"taxonomy":"product_tag","embeddable":true,"href":"https:\/\/bqeye.com\/it\/wp-json\/wp\/v2\/product_tag?post=2320"}],"curies":[{"name":"wp","href":"https:\/\/api.w.org\/{rel}","templated":true}]}}