{"id":2324,"date":"2025-02-12T21:32:26","date_gmt":"2025-02-12T13:32:26","guid":{"rendered":"https:\/\/bqeye.com\/?post_type=product&#038;p=2324"},"modified":"2025-02-12T21:35:05","modified_gmt":"2025-02-12T13:35:05","slug":"stardust-mirage-grey-contact-lenses","status":"publish","type":"product","link":"https:\/\/bqeye.com\/it\/stardust-mirage-grey-contact-lenses\/","title":{"rendered":"Lenti a contatto Stardust Mirage Grey"},"content":{"rendered":"<h1 class=\"md-end-block md-heading\"><span class=\"md-plain md-expand\">Lenti a contatto Stardust Mirage Grey: Crea la tua galassia di bellezza \u2728<\/span><\/h1>\n<p class=\"md-end-block md-p\"><span class=\"md-plain\">Preparatevi a migliorare il vostro gioco di sguardi! Queste lenti a contatto grigie Stardust Mirage non sono solo un altro accessorio di bellezza: sono il vostro biglietto per quello sguardo virale e ultraterreno di cui tutti parlano!<\/span><\/p>\n<h2 class=\"md-end-block md-heading\"><span class=\"md-plain\">\ud83c\udf0c Magia del design e storia del colore<\/span><\/h2>\n<p class=\"md-end-block md-p\"><span class=\"md-plain\">Chiudete gli occhi e immaginate la galassia pi\u00f9 incantevole che abbiate mai visto: ecco da dove traggono ispirazione queste magiche lenti a contatto grigie! I designer hanno preso la danza ipnotica della polvere di stelle nel cielo notturno e l'hanno trasformata in arte da indossare. Il risultato? Una rivoluzionaria lente a contatto colorata grigia che sta letteralmente facendo il giro dei social media!<\/span><\/p>\n<p class=\"md-end-block md-p\"><span class=\"md-plain\">La genialit\u00e0 sta nel motivo intricato che imita i fenomeni cosmici. Immaginate una base di grigio chiaro etereo che si trasforma in toni pi\u00f9 profondi e misteriosi, creando un'illusione di profondit\u00e0 infinita. L'esclusivo motivo Stardust Mirage presenta sottili elementi iridescenti che catturano e riflettono la luce proprio come la vera polvere di stelle sparsa nel cielo notturno. Ogni lente a contatto grigia \u00e8 accuratamente realizzata con un effetto multidimensionale che fa sembrare i vostri occhi come se contenessero interi universi!<\/span><\/p>\n<p class=\"md-end-block md-p\"><span class=\"md-plain\">Ci\u00f2 che distingue queste lenti a contatto grigie \u00e8 la loro capacit\u00e0 di creare effetti diversi quando ci si muove. Alla luce naturale, emanano un luccichio morbido e sognante. Sotto la luce artificiale, si trasformano in qualcosa di pi\u00f9 drammatico, come guardare le stelle che si animano nel cielo della sera. Il disegno lavora in armonia con il disegno naturale dell'iride, creando un look drammatico e allo stesso tempo incredibilmente bello.<\/span><\/p>\n<h2 class=\"md-end-block md-heading\"><span class=\"md-plain\">I commenti degli influencer<\/span><\/h2>\n<p class=\"md-end-block md-p\"><span class=\"md-plain\">@CosmicBeauty (1,7 milioni di follower)<\/span><\/p>\n<blockquote>\n<p class=\"md-end-block md-p\"><span class=\"md-plain\">\"Queste lenti a contatto grigie Stardust Mirage sono TUTTE! Mi danno quell'atmosfera eterea che ho sempre desiderato. Il mio impegno \u00e8 letteralmente raddoppiato da quando ho iniziato a indossarle! \ud83c\udf1f\"<\/span><\/p>\n<\/blockquote>\n<p class=\"md-end-block md-p\"><span class=\"md-plain\">@GalaxyGlam (980K follower)<\/span><\/p>\n<blockquote>\n<p class=\"md-end-block md-p\"><span class=\"md-plain\">\"Ho trovato il mio look occhi inconfondibile! Queste lenti a contatto colorate grigie sono perfette sia per l'uso quotidiano che per quei momenti speciali da regina cosmica! \u2728\"<\/span><\/p>\n<\/blockquote>\n<p class=\"md-end-block md-p\"><span class=\"md-plain\">@StardustQueen (850K follower)<\/span><\/p>\n<blockquote>\n<p class=\"md-end-block md-p\"><span class=\"md-plain\">\"Il modo in cui queste lenti a contatto grigie catturano la luce \u00e8 incredibile! I miei follower sono ossessionati, e lo sono anch'io! \ud83d\udcab\"<\/span><\/p>\n<\/blockquote>\n<h2 class=\"md-end-block md-heading\"><span class=\"md-plain\">\ud83d\udc40 Storie vere di amanti della polvere di stelle<\/span><\/h2>\n<p class=\"md-end-block md-p\"><span class=\"md-plain\">\"Questi obiettivi hanno trasformato i miei servizi editoriali! Le sottili variazioni dei toni di grigio creano una profondit\u00e0 incredibile nelle foto\".<\/span><\/p>\n<ul class=\"ul-list\" data-mark=\"-\">\n<li class=\"md-list-item\">\n<p class=\"md-end-block md-p\"><span class=\"md-plain\">Luna Park, Fotografo di moda<\/span><\/p>\n<\/li>\n<\/ul>\n<p class=\"md-end-block md-p\"><span class=\"md-plain\">\"Perfette per i miei contenuti a tema celeste! Sono abbastanza comode per lunghe sessioni di riprese e hanno un aspetto fantastico sulla telecamera\".<\/span><\/p>\n<ul class=\"ul-list\" data-mark=\"-\">\n<li class=\"md-list-item\">\n<p class=\"md-end-block md-p\"><span class=\"md-plain\">Stella Chen, creatrice di contenuti<\/span><\/p>\n<\/li>\n<\/ul>\n<p class=\"md-end-block md-p\"><span class=\"md-plain\">\"Questi occhiali mi regalano un mix perfetto di mistero ed eleganza. Ricevo complimenti ovunque vada!\".<\/span><\/p>\n<ul class=\"ul-list\" data-mark=\"-\">\n<li class=\"md-list-item\">\n<p class=\"md-end-block md-p\"><span class=\"md-plain\">Aurora James, truccatrice<\/span><\/p>\n<\/li>\n<\/ul>\n<h2 class=\"md-end-block md-heading\"><span class=\"md-plain\">\ud83c\udf1f Un comfort fuori dal mondo<\/span><\/h2>\n<p class=\"md-end-block md-p\"><span class=\"md-plain\">Sappiamo che i vostri occhi sono preziosi! Queste lenti sono dotate di tutte le certificazioni di sicurezza necessarie e sono progettate con una tecnologia di comfort avanzata. I bordi ultra-lisci garantiscono un uso confortevole dall'alba al tramonto!<\/span><\/p>\n<h2 class=\"md-end-block md-heading\"><span class=\"md-plain\">\u2728 Perfetto per ogni occasione<\/span><\/h2>\n<p class=\"md-end-block md-p\"><span class=\"md-plain\">Sfruttate queste lenti a contatto grigie Stardust Mirage per:<\/span><\/p>\n<ul class=\"ul-list\" data-mark=\"-\">\n<li class=\"md-list-item\">\n<p class=\"md-end-block md-p\"><span class=\"md-plain\">Creazione di contenuti per i social media<\/span><\/p>\n<\/li>\n<li class=\"md-list-item\">\n<p class=\"md-end-block md-p\"><span class=\"md-plain\">Eventi e feste speciali<\/span><\/p>\n<\/li>\n<li class=\"md-list-item\">\n<p class=\"md-end-block md-p\"><span class=\"md-plain\">Servizi fotografici professionali<\/span><\/p>\n<\/li>\n<li class=\"md-list-item\">\n<p class=\"md-end-block md-p\"><span class=\"md-plain\">Sguardi incantevoli quotidiani<\/span><\/p>\n<\/li>\n<li class=\"md-list-item\">\n<p class=\"md-end-block md-p\"><span class=\"md-plain\">Glamour serale<\/span><\/p>\n<\/li>\n<li class=\"md-list-item\">\n<p class=\"md-end-block md-p\"><span class=\"md-plain\">Progetti creativi<\/span><\/p>\n<\/li>\n<\/ul>\n<h2 class=\"md-end-block md-heading\"><span class=\"md-plain\">\ud83d\udcab L'esperienza Stardust<\/span><\/h2>\n<p class=\"md-end-block md-p\"><span class=\"md-plain\">Trasforma il tuo look con:<\/span><\/p>\n<ul class=\"ul-list\" data-mark=\"-\">\n<li class=\"md-list-item\">\n<p class=\"md-end-block md-p\"><span class=\"md-plain\">Effetti di luce eterei<\/span><\/p>\n<\/li>\n<li class=\"md-list-item\">\n<p class=\"md-end-block md-p\"><span class=\"md-plain\">Potenziamento dall'aspetto naturale<\/span><\/p>\n<\/li>\n<li class=\"md-list-item\">\n<p class=\"md-end-block md-p\"><span class=\"md-plain\">Comfort di utilizzo per tutto il giorno<\/span><\/p>\n<\/li>\n<li class=\"md-list-item\">\n<p class=\"md-end-block md-p\"><span class=\"md-plain\">Potenziale di stile versatile<\/span><\/p>\n<\/li>\n<li class=\"md-list-item\">\n<p class=\"md-end-block md-p\"><span class=\"md-plain\">Facile routine di cura<\/span><\/p>\n<\/li>\n<\/ul>\n<h2 class=\"md-end-block md-heading\"><span class=\"md-plain\">\ud83c\udf20 Perch\u00e9 avete bisogno di queste cose nella vostra vita<\/span><\/h2>\n<ul class=\"ul-list\" data-mark=\"-\">\n<li class=\"md-list-item\">\n<p class=\"md-end-block md-p\"><span class=\"md-plain\">Crea un effetto drammatico immediato sugli occhi<\/span><\/p>\n<\/li>\n<li class=\"md-list-item\">\n<p class=\"md-end-block md-p\"><span class=\"md-plain\">Fotografa magnificamente<\/span><\/p>\n<\/li>\n<li class=\"md-list-item\">\n<p class=\"md-end-block md-p\"><span class=\"md-plain\">Confortevole usura a lungo termine<\/span><\/p>\n<\/li>\n<li class=\"md-list-item\">\n<p class=\"md-end-block md-p\"><span class=\"md-plain\">Funziona con qualsiasi look di trucco<\/span><\/p>\n<\/li>\n<li class=\"md-list-item\">\n<p class=\"md-end-block md-p\"><span class=\"md-plain\">Perfetto per qualsiasi illuminazione<\/span><\/p>\n<\/li>\n<\/ul>\n<p class=\"md-end-block md-p\"><span class=\"md-plain\">Siete pronti a diventare la bellezza celestiale che siete destinati a essere? Queste lenti a contatto grigie Stardust Mirage sono il vostro portale per questa magica trasformazione! Sia che stiate creando contenuti, partecipando a eventi o semplicemente vogliate sentirvi una star nella vostra vita quotidiana, queste lenti vi aiuteranno a brillare! \u2728<\/span><\/p>\n<p class=\"md-end-block md-p md-focus\">#<span class=\"md-plain md-expand\">StardustMirageLenti #Lenti a contatto grigie #GreyEyeContacts #BeautyTransformation #EyesOnFleek<\/span><\/p>","protected":false},"excerpt":{"rendered":"<p>Stardust Mirage Grey Contact Lenses: Create Your Own Galaxy of Beauty \u2728 Get ready to level up your eye game! These Stardust Mirage grey contact lenses aren&#8217;t just another beauty accessory &#8211; they&#8217;re your ticket to that viral, otherworldly look everyone&#8217;s talking about! \ud83c\udf0c Design Magic &amp; Color Story Close your eyes and imagine the [&#8230;]\n","protected":false},"featured_media":2326,"comment_status":"open","ping_status":"closed","template":"","meta":[],"product_brand":[],"product_cat":[81,92,188,158,204,98],"product_tag":[],"class_list":{"0":"post-2324","1":"product","2":"type-product","3":"status-publish","4":"has-post-thumbnail","6":"product_cat-grey-contact-lenses","7":"product_cat-14-5-mm","8":"product_cat-dream-contacts","9":"product_cat-enlarge-contacts","10":"product_cat-party-contacts","11":"product_cat-yearly-disposable","13":"first","14":"instock","15":"sale","16":"shipping-taxable","17":"purchasable","18":"product-type-variable","19":"has-default-attributes"},"_links":{"self":[{"href":"https:\/\/bqeye.com\/it\/wp-json\/wp\/v2\/product\/2324","targetHints":{"allow":["GET"]}}],"collection":[{"href":"https:\/\/bqeye.com\/it\/wp-json\/wp\/v2\/product"}],"about":[{"href":"https:\/\/bqeye.com\/it\/wp-json\/wp\/v2\/types\/product"}],"replies":[{"embeddable":true,"href":"https:\/\/bqeye.com\/it\/wp-json\/wp\/v2\/comments?post=2324"}],"wp:featuredmedia":[{"embeddable":true,"href":"https:\/\/bqeye.com\/it\/wp-json\/wp\/v2\/media\/2326"}],"wp:attachment":[{"href":"https:\/\/bqeye.com\/it\/wp-json\/wp\/v2\/media?parent=2324"}],"wp:term":[{"taxonomy":"product_brand","embeddable":true,"href":"https:\/\/bqeye.com\/it\/wp-json\/wp\/v2\/product_brand?post=2324"},{"taxonomy":"product_cat","embeddable":true,"href":"https:\/\/bqeye.com\/it\/wp-json\/wp\/v2\/product_cat?post=2324"},{"taxonomy":"product_tag","embeddable":true,"href":"https:\/\/bqeye.com\/it\/wp-json\/wp\/v2\/product_tag?post=2324"}],"curies":[{"name":"wp","href":"https:\/\/api.w.org\/{rel}","templated":true}]}}