{"id":2490,"date":"2025-03-05T20:02:05","date_gmt":"2025-03-05T12:02:05","guid":{"rendered":"https:\/\/bqeye.com\/?post_type=product&#038;p=2490"},"modified":"2025-03-05T20:19:48","modified_gmt":"2025-03-05T12:19:48","slug":"infinite-forest-green-contact-lenses","status":"publish","type":"product","link":"https:\/\/bqeye.com\/it\/infinite-forest-green-contact-lenses\/","title":{"rendered":"Lenti a contatto verde foresta infinita (10 PCS)"},"content":{"rendered":"<h1>Liberate il vostro spirito naturale interiore con le splendide lenti a contatto verde foresta infinito<\/h1>\n<h2>L'incantevole fascino del verde bosco: Ispirazione e significato<\/h2>\n<p>Scoprite una nuova dimensione di espressione naturale con le nostre lenti a contatto Infinite Forest Green! Non si tratta di lenti a contatto colorate ordinarie, ma di portali verso una versione di voi stessi pi\u00f9 armoniosa e connessa alla natura. I ricchi e sfaccettati toni del verde foresta creano una profondit\u00e0 accattivante che attira le persone e mantiene la loro attenzione con la forza tranquilla di un santuario del bosco. Il verde bosco \u00e8 stato venerato in tutte le culture come colore della crescita, del rinnovamento e della saggezza naturale, e ora potete incanalare queste qualit\u00e0 vitali attraverso il vostro sguardo con queste straordinarie lenti a contatto verde bosco.<\/p>\n<p>La vera magia di queste lenti a contatto verde bosco \u00e8 la loro notevole versatilit\u00e0 tra i diversi colori naturali degli occhi. Per chi ha una tonalit\u00e0 di occhi pi\u00f9 profonda, queste lenti a contatto verde bosco creano una trasformazione sottile ma sorprendente che aggiunge una dimensione naturale di mistero boschivo al vostro sguardo. Se avete gli occhi pi\u00f9 chiari, le lenti a contatto Infinite verde bosco esaltano la vostra naturale luminosit\u00e0, aggiungendo un'indimenticabile allure smeraldo che rende la vostra presenza impossibile da ignorare. Ogni momento diventa un'opportunit\u00e0 per entrare in contatto in modo naturale, ogni interazione \u00e8 pervasa da un'aria di autenticit\u00e0 terrena. Queste lenti a contatto verde bosco non si limitano a posarsi sull'iride, ma rivelano l'individuo naturalmente accattivante che avete sempre saputo di essere.<\/p>\n<h2>Che cosa dicono gli influencer delle nostre lenti a contatto verde foresta?<\/h2>\n<p>@FashionForward_Taylor (2,5 milioni di follower): \"Queste lenti a contatto verde bosco hanno letteralmente trasformato il mio rapporto con la bellezza naturale! Il colore \u00e8 riccamente dimensionale ma appare sorprendentemente autentico nelle foto\".<\/p>\n<p>@BeautyMaven_Jordan (3,3 milioni di follower): \"Ho collaborato con molti marchi di contattologia, ma queste lenti Infinite Forest Green hanno il perfetto equilibrio tra valorizzazione naturale e profondit\u00e0 del bosco\".<\/p>\n<p>@TrendHunter_Alex (1,9 milioni di follower): \"I miei follower non smettono di chiedere di queste lenti a contatto verde bosco! Si fotografano magnificamente sia con l'illuminazione naturale che con quella artificiale, mantenendo il loro autentico fascino boschivo\".<\/p>\n<h2>Esperienze reali dei clienti<\/h2>\n<p>\"Queste lenti a contatto verde bosco mi hanno fatto sentire come se fossi uscita direttamente da una foresta incantata! Abbastanza comode da essere indossate tutto il giorno durante le escursioni\". - Morgan K.<\/p>\n<p>\"Ho provato molte lenti colorate, ma queste forniscono effettivamente la tonalit\u00e0 verde bosco mostrata nelle foto - naturale ma magica. Valgono ogni centesimo!\". - Dakota L.<\/p>\n<p>\"Persino i miei amici scettici non riuscivano a credere a quanto fossero naturali le lenti a contatto verde bosco su di me. Ora ne stanno ordinando un paio anche loro!\". - Skyler W.<\/p>\n<h2>Abbinamenti e occasioni perfetti per il trucco<\/h2>\n<p>Volete massimizzare l'impatto delle vostre lenti a contatto Infinite Forest Green? Queste splendide lenti a contatto verde foresta si abbinano alle calde ombre ambrate per un'atmosfera da foresta autunnale, oppure si abbinano magnificamente ai toni freddi del muschio per un misterioso effetto bosco. Per un uso quotidiano e discreto, provate le tonalit\u00e0 neutre della terra con un tocco di luce dorata nell'angolo interno, per far brillare le lenti a contatto verde foresta come la luce del sole attraverso le foglie.<\/p>\n<p>Queste lenti a contatto verde bosco sono abbastanza versatili per innumerevoli occasioni: matrimoni all'aperto in cui si desidera armonizzarsi con gli ambienti naturali, feste a tema terra in cui si celebra la bellezza naturale, performance artistiche in cui si incarna un personaggio del bosco o semplicemente giorni in cui si desidera infondere alla propria routine abituale un tocco di magia del bosco.<\/p>\n<p>Siete pronti a sperimentare la trasformazione? Queste lenti a contatto verde foresta infinita non cambiano solo il vostro aspetto: sbloccano la straordinaria connessione con la natura che \u00e8 sempre esistita in voi. Abbracciate l'incanto del bosco, irradiate una naturale sicurezza e preparatevi ad affascinare gli altri con le infinite profondit\u00e0 del vostro sguardo forestale!<\/p>","protected":false},"excerpt":{"rendered":"<p>Unleash Your Inner Nature Spirit with Stunning Infinite Forest Green Contact Lenses The Enchanting Charm of Forest Green: Inspiration &amp; Meaning Discover a new dimension of natural expression with our Infinite Forest Green Contact Lenses! These aren&#8217;t ordinary colored contacts \u2013 they&#8217;re portals to a more harmonious, nature-connected version of yourself. The rich, multifaceted forest [&#8230;]\n","protected":false},"featured_media":2492,"comment_status":"open","ping_status":"closed","template":"","meta":[],"product_brand":[382],"product_cat":[385,92,72,100,77,204],"product_tag":[],"class_list":{"0":"post-2490","1":"product","2":"type-product","3":"status-publish","4":"has-post-thumbnail","6":"product_brand-bqeye","7":"product_cat-mystic-iris","8":"product_cat-14-5-mm","9":"product_cat-contact-lenses-by-color","10":"product_cat-daily-disposable","11":"product_cat-green-contact-lenses","12":"product_cat-party-contacts","14":"first","15":"instock","16":"sale","17":"shipping-taxable","18":"purchasable","19":"product-type-variable","20":"has-default-attributes"},"_links":{"self":[{"href":"https:\/\/bqeye.com\/it\/wp-json\/wp\/v2\/product\/2490","targetHints":{"allow":["GET"]}}],"collection":[{"href":"https:\/\/bqeye.com\/it\/wp-json\/wp\/v2\/product"}],"about":[{"href":"https:\/\/bqeye.com\/it\/wp-json\/wp\/v2\/types\/product"}],"replies":[{"embeddable":true,"href":"https:\/\/bqeye.com\/it\/wp-json\/wp\/v2\/comments?post=2490"}],"wp:featuredmedia":[{"embeddable":true,"href":"https:\/\/bqeye.com\/it\/wp-json\/wp\/v2\/media\/2492"}],"wp:attachment":[{"href":"https:\/\/bqeye.com\/it\/wp-json\/wp\/v2\/media?parent=2490"}],"wp:term":[{"taxonomy":"product_brand","embeddable":true,"href":"https:\/\/bqeye.com\/it\/wp-json\/wp\/v2\/product_brand?post=2490"},{"taxonomy":"product_cat","embeddable":true,"href":"https:\/\/bqeye.com\/it\/wp-json\/wp\/v2\/product_cat?post=2490"},{"taxonomy":"product_tag","embeddable":true,"href":"https:\/\/bqeye.com\/it\/wp-json\/wp\/v2\/product_tag?post=2490"}],"curies":[{"name":"wp","href":"https:\/\/api.w.org\/{rel}","templated":true}]}}