{"id":2497,"date":"2025-03-05T20:55:28","date_gmt":"2025-03-05T12:55:28","guid":{"rendered":"https:\/\/bqeye.com\/?post_type=product&#038;p=2497"},"modified":"2025-03-05T20:59:39","modified_gmt":"2025-03-05T12:59:39","slug":"scarlet-soul-red-contact-lenses","status":"publish","type":"product","link":"https:\/\/bqeye.com\/it\/scarlet-soul-red-contact-lenses\/","title":{"rendered":"Lenti a contatto rosse Scarlet Soul (10 PCS)"},"content":{"rendered":"<h1>Liberate il vostro spirito passionale con le lenti a contatto rosse Scarlet Soul.<\/h1>\n<h2>Il potere accattivante del rosso animato: ispirazione e significato<\/h2>\n<p>Scoprite una nuova dimensione di espressione emotiva con le nostre lenti a contatto rosse Scarlet Soul! Non si tratta di lenti a contatto colorate ordinarie, ma di portali per una versione pi\u00f9 passionale ed emotivamente espressiva di voi stessi. Le ricche e sfaccettate tonalit\u00e0 scarlatte creano una profondit\u00e0 accattivante che attira le persone con una qualit\u00e0 quasi magnetica. Il rosso \u00e8 stato celebrato in tutte le culture come colore della passione, dell'intensit\u00e0 e delle emozioni profonde, e ora potete incanalare queste potenti qualit\u00e0 attraverso il vostro sguardo con queste straordinarie lenti a contatto scarlatte.<\/p>\n<p>Il vero impatto di queste lenti a contatto scarlatte \u00e8 la loro notevole capacit\u00e0 di trasformare il vostro potenziale espressivo. Sia che si tratti di performance artistiche, di fotografia o di occasioni speciali, queste lenti a contatto rosse creano un sorprendente effetto emotivo che aggiunge autentica profondit\u00e0 e intensit\u00e0 alla vostra espressione personale. Ogni sguardo si carica di energia appassionata, ogni interazione \u00e8 pervasa da un'aria di intensit\u00e0 soul. Queste lenti a contatto scarlatte non si limitano a posarsi sull'iride, ma rivelano l'individuo appassionato e ricco di emozioni che siete nel profondo.<\/p>\n<h2>Che cosa dicono gli influencer delle nostre lenti a contatto rosso scarlatto?<\/h2>\n<p>@EmotiveArtist_Taylor (2,5 milioni di follower): \"Queste lenti a contatto scarlatte hanno letteralmente trasformato la mia fotografia artistica! Il colore \u00e8 profondamente pigmentato e crea quel perfetto impatto emotivo nei ritratti\".<\/p>\n<p>@PerformanceMaven_Jordan (3,3 milioni di follower): \"Ho collaborato con molti marchi di contattologia per il lavoro sui personaggi, ma queste lenti Scarlet Soul hanno il perfetto equilibrio tra intensit\u00e0 emotiva e comfort di utilizzo\".<\/p>\n<p>@VisualStoryteller_Alex (1,9 milioni di follower): \"I miei follower non smettono di chiedere di queste lenti a contatto scarlatte! Fotografano magnificamente sia con luce naturale che drammatica e trasmettono una profondit\u00e0 emotiva cos\u00ec autentica\".<\/p>\n<h2>Esperienze reali dei clienti<\/h2>\n<p>\"Queste lenti a contatto scarlatte hanno fatto s\u00ec che la mia performance teatrale raggiungesse nuove vette emotive! Abbastanza comode da essere indossate sotto le luci del palcoscenico e l'effetto \u00e8 stato assolutamente trasformativo\". - Morgan K.<\/p>\n<p>\"Ho provato molte lenti rosse per la fotografia di ritratto, ma queste offrono davvero la tonalit\u00e0 scarlatta che si vede nelle foto. Valgono ogni centesimo per artisti e performer seri!\". - Dakota L.<\/p>\n<p>\"Anche i miei clienti fotografi sono rimasti stupiti di come questi contatti scarlatti abbiano elevato l'impatto emotivo della nostra sessione di ritratti. Creano profondit\u00e0 e passione istantanee!\". - Skyler W.<\/p>\n<h2>Abbinamenti e occasioni perfetti per il trucco<\/h2>\n<p>Volete massimizzare l'impatto delle vostre lenti a contatto Scarlet Soul Red? Queste sorprendenti lenti a contatto scarlatte si abbinano a ombretti opachi e profondi per uno sguardo classicamente intenso, oppure si abbinano in modo drammatico a tonalit\u00e0 metalliche bronzee per un effetto ardente e passionale. Per ottenere il massimo impatto emotivo, abbinate a guance naturalmente arrossate e lineamenti definiti per esaltare la trasformazione passionale che queste lenti a contatto offrono.<\/p>\n<p>Queste lenti a contatto rosso scarlatto sono perfette per innumerevoli occasioni creative: spettacoli teatrali in cui l'espressione emotiva \u00e8 fondamentale, servizi fotografici di moda in cui \u00e8 necessario uno strato di intensit\u00e0 in pi\u00f9, serate romantiche speciali in cui \u00e8 importante fare un'impressione appassionata o eventi artistici in cui si apprezza l'autenticit\u00e0 emotiva.<\/p>\n<p>Siete pronti a sperimentare la trasformazione? Queste lenti a contatto rosse Scarlet Soul non cambiano solo il vostro aspetto: sbloccano lo straordinario potenziale di espressione emotiva che esiste in voi. Abbracciate il potere passionale, trasmettete la profondit\u00e0 dell'anima e preparatevi a connettervi in modo pi\u00f9 autentico con gli altri attraverso il vostro sguardo scarlatto!<\/p>","protected":false},"excerpt":{"rendered":"<p>Unleash Your Passionate Spirit with Striking Scarlet Soul Red Contact Lenses The Captivating Power of Soulful Red: Inspiration &amp; Meaning Discover a new dimension of emotional expression with our Scarlet Soul Red Contact Lenses! These aren&#8217;t ordinary colored contacts \u2013 they&#8217;re portals to a more passionate, emotionally expressive version of yourself. The rich, multifaceted scarlet [&#8230;]\n","protected":false},"featured_media":2499,"comment_status":"open","ping_status":"closed","template":"","meta":[],"product_brand":[382],"product_cat":[385,92,72,100,204,78],"product_tag":[],"class_list":{"0":"post-2497","1":"product","2":"type-product","3":"status-publish","4":"has-post-thumbnail","6":"product_brand-bqeye","7":"product_cat-mystic-iris","8":"product_cat-14-5-mm","9":"product_cat-contact-lenses-by-color","10":"product_cat-daily-disposable","11":"product_cat-party-contacts","12":"product_cat-red-contact-lenses","14":"first","15":"instock","16":"sale","17":"shipping-taxable","18":"purchasable","19":"product-type-variable","20":"has-default-attributes"},"_links":{"self":[{"href":"https:\/\/bqeye.com\/it\/wp-json\/wp\/v2\/product\/2497","targetHints":{"allow":["GET"]}}],"collection":[{"href":"https:\/\/bqeye.com\/it\/wp-json\/wp\/v2\/product"}],"about":[{"href":"https:\/\/bqeye.com\/it\/wp-json\/wp\/v2\/types\/product"}],"replies":[{"embeddable":true,"href":"https:\/\/bqeye.com\/it\/wp-json\/wp\/v2\/comments?post=2497"}],"wp:featuredmedia":[{"embeddable":true,"href":"https:\/\/bqeye.com\/it\/wp-json\/wp\/v2\/media\/2499"}],"wp:attachment":[{"href":"https:\/\/bqeye.com\/it\/wp-json\/wp\/v2\/media?parent=2497"}],"wp:term":[{"taxonomy":"product_brand","embeddable":true,"href":"https:\/\/bqeye.com\/it\/wp-json\/wp\/v2\/product_brand?post=2497"},{"taxonomy":"product_cat","embeddable":true,"href":"https:\/\/bqeye.com\/it\/wp-json\/wp\/v2\/product_cat?post=2497"},{"taxonomy":"product_tag","embeddable":true,"href":"https:\/\/bqeye.com\/it\/wp-json\/wp\/v2\/product_tag?post=2497"}],"curies":[{"name":"wp","href":"https:\/\/api.w.org\/{rel}","templated":true}]}}