{"id":2500,"date":"2025-03-05T21:06:31","date_gmt":"2025-03-05T13:06:31","guid":{"rendered":"https:\/\/bqeye.com\/?post_type=product&#038;p=2500"},"modified":"2025-03-05T21:11:52","modified_gmt":"2025-03-05T13:11:52","slug":"twilight-ombre-purple-contact-lenses","status":"publish","type":"product","link":"https:\/\/bqeye.com\/it\/twilight-ombre-purple-contact-lenses\/","title":{"rendered":"Lenti a contatto Twilight Ombre Purple (10 PCS)"},"content":{"rendered":"<h1>Elevate il vostro look con le lenti a contatto Twilight Ombre Purple<\/h1>\n<h2>Il fascino etereo: Ispirazione al design e simbolismo del colore<\/h2>\n<p>Preparatevi a essere trasformati dal fascino mistico delle nostre lenti a contatto Twilight Ombre Purple! Queste straordinarie lenti a contatto viola non si limitano a cambiare il colore dei vostri occhi, ma infondono a tutta la vostra presenza un'aria di incanto crepuscolare e di mistero celeste. L'effetto ombreggiatura multidimensionale passa senza soluzione di continuit\u00e0 dal viola intenso del bordo esterno al lavanda tenue vicino alla pupilla, creando un ipnotico gradiente crepuscolare che \u00e8 allo stesso tempo etereo e accattivante. Il viola rappresenta storicamente la magia, l'intuizione e la saggezza mistica: qualit\u00e0 che potrete incarnare senza sforzo quando indosserete queste straordinarie lenti a contatto viola ombreggiate.<\/p>\n<p>La bellezza di queste lenti a contatto viola ombreggiate risiede nella loro magia crepuscolare. Sui colori naturali degli occhi, sia scuri che chiari, queste lenti a contatto ombre creano una trasformazione ammaliante impossibile da ignorare, aggiungendo profondit\u00e0 mistica e fascino cosmico al vostro sguardo naturale. Con ogni sguardo, trasmetterete un incanto crepuscolare; con ogni occhiata, lascerete un'impressione di mistero ultraterreno che rester\u00e0 a lungo dopo che avrete lasciato la stanza. Queste lenti a contatto viola ombreggiate non sono solo un accessorio, ma una dichiarazione della vostra profondit\u00e0 spirituale e del vostro legame con il magico regno crepuscolare tra i mondi.<\/p>\n<h2>Che cosa dicono gli influencer delle nostre lenti a contatto viola Ombre?<\/h2>\n<p>@GlamLifeGuru (4,2 milioni di follower): \"Ho portato lenti a contatto colorate per anni, ma queste lenti Twilight Ombre sono il livello successivo per le vibrazioni mistiche - il comfort \u00e8 impareggiabile e la transizione di colore \u00e8 ETERAMENTE bella\".<\/p>\n<p>@StyleInsider_Morgan (2,3 milioni di follower): \"Queste lenti a contatto viola ombreggiate fotografano magnificamente con ogni tipo di illuminazione! L'effetto crepuscolare che creano nei ritratti \u00e8 assolutamente mozzafiato\".<\/p>\n<p>@BeautyTruth_Casey (1,6 milioni di follower): \"La qualit\u00e0 di queste lenti a contatto viola ombreggiate \u00e8 eccezionale: la gradazione del colore \u00e8 sofisticata e crea una profondit\u00e0 magica. Un vero e proprio cambio di rotta per i look ispirati alla fantasia!\".<\/p>\n<h2>Esperienze reali dei clienti<\/h2>\n<p>\"Queste lenti a contatto twilight ombre hanno completamente trasformato il mio servizio fotografico fantasy. Mi sono sentita come se fossi entrata in un altro regno nel momento in cui le ho indossate!\". - Avery J.<\/p>\n<p>\"Il comfort \u00e8 incredibile: ho potuto indossarli per un intero festival celeste senza alcuna distrazione, il tutto ricevendo innumerevoli complimenti per i miei occhi mistici!\". - Cameron D.<\/p>\n<p>\"Perfetto per la mia interpretazione del personaggio dell'incantatrice - l'ombreggiatura viola ha aggiunto esattamente lo strato di magia crepuscolare che cercavo di esprimere!\". - Quinn P.<\/p>\n<h2>Abbinamenti e occasioni perfetti per il trucco<\/h2>\n<p>Volete massimizzare l'impatto delle vostre lenti a contatto Twilight Ombre Purple? Queste splendide lenti a contatto viola ombreggiate creano una magia mistica se abbinate a ombretti argento cosmico e perla starlight per un look etereo e celestiale, o a tonalit\u00e0 pi\u00f9 profonde come ametista e marina per un'intensa atmosfera da galassia crepuscolare. Per gli eventi di ispirazione fantasy, provate a completare il tutto con un highlight scintillante sui punti pi\u00f9 alti del viso, per esaltare la trasformazione eterea che queste lenti a contatto offrono.<\/p>\n<p>Queste lenti a contatto viola ombreggiate sono abbastanza versatili per innumerevoli occasioni: celebrazioni mistiche in cui volete incarnare l'energia cosmica, serate di gala in cui desiderate un'aria incantata, servizi fotografici creativi in cui la bellezza eterea \u00e8 al centro dell'attenzione o eventi fantasy in cui esprimete il vostro legame con la magia del crepuscolo.<\/p>\n<p>Siete pronti a sperimentare la trasformazione? Queste lenti a contatto Twilight Ombre Purple non sono solo un accessorio: sono un potente portale per l'espressione di s\u00e9 che rivela lo spirito mistico e crepuscolare che alberga in voi. Abbracciate l'incanto, irradiate un fascino cosmico e guardate come le opportunit\u00e0 di connessione magica si dispiegano davanti ai vostri nuovi occhi ombreggiati!<\/p>","protected":false},"excerpt":{"rendered":"<p>Elevate Your Look with Spellbinding Twilight Ombre Purple Contact Lenses The Ethereal Allure: Design Inspiration &amp; Color Symbolism Prepare to be transformed by the mystical allure of our Twilight Ombre Purple Contact Lenses! These extraordinary purple contact lenses don&#8217;t just change your eye color \u2013 they infuse your entire presence with an air of twilight [&#8230;]\n","protected":false},"featured_media":2502,"comment_status":"open","ping_status":"closed","template":"","meta":[],"product_brand":[382],"product_cat":[385,92,72,100,204,82],"product_tag":[],"class_list":{"0":"post-2500","1":"product","2":"type-product","3":"status-publish","4":"has-post-thumbnail","6":"product_brand-bqeye","7":"product_cat-mystic-iris","8":"product_cat-14-5-mm","9":"product_cat-contact-lenses-by-color","10":"product_cat-daily-disposable","11":"product_cat-party-contacts","12":"product_cat-purple-contact-lenses","14":"first","15":"instock","16":"sale","17":"shipping-taxable","18":"purchasable","19":"product-type-variable","20":"has-default-attributes"},"_links":{"self":[{"href":"https:\/\/bqeye.com\/it\/wp-json\/wp\/v2\/product\/2500","targetHints":{"allow":["GET"]}}],"collection":[{"href":"https:\/\/bqeye.com\/it\/wp-json\/wp\/v2\/product"}],"about":[{"href":"https:\/\/bqeye.com\/it\/wp-json\/wp\/v2\/types\/product"}],"replies":[{"embeddable":true,"href":"https:\/\/bqeye.com\/it\/wp-json\/wp\/v2\/comments?post=2500"}],"wp:featuredmedia":[{"embeddable":true,"href":"https:\/\/bqeye.com\/it\/wp-json\/wp\/v2\/media\/2502"}],"wp:attachment":[{"href":"https:\/\/bqeye.com\/it\/wp-json\/wp\/v2\/media?parent=2500"}],"wp:term":[{"taxonomy":"product_brand","embeddable":true,"href":"https:\/\/bqeye.com\/it\/wp-json\/wp\/v2\/product_brand?post=2500"},{"taxonomy":"product_cat","embeddable":true,"href":"https:\/\/bqeye.com\/it\/wp-json\/wp\/v2\/product_cat?post=2500"},{"taxonomy":"product_tag","embeddable":true,"href":"https:\/\/bqeye.com\/it\/wp-json\/wp\/v2\/product_tag?post=2500"}],"curies":[{"name":"wp","href":"https:\/\/api.w.org\/{rel}","templated":true}]}}