{"id":2511,"date":"2025-03-18T20:56:21","date_gmt":"2025-03-18T12:56:21","guid":{"rendered":"https:\/\/bqeye.com\/?post_type=product&#038;p=2511"},"modified":"2025-03-18T21:06:45","modified_gmt":"2025-03-18T13:06:45","slug":"nocturnal-spirit-brown-contact-lenses","status":"publish","type":"product","link":"https:\/\/bqeye.com\/it\/nocturnal-spirit-brown-contact-lenses\/","title":{"rendered":"Lenti a contatto Nocturnal Spirit Brown (confezione da 10)"},"content":{"rendered":"<h2>Lenti a contatto Nocturnal Spirit Brown (confezione da 10)<\/h2>\n<p>OMG ragazzi, non riesco letteralmente a smettere di fissare i miei occhi allo specchio da quando ho ricevuto queste lenti a contatto Nocturnal Spirit Brown!!! Ho gi\u00e0 provato una dozzina di lenti a contatto colorate diverse, ma queste sono magiche al livello superiore!!!<\/p>\n<p>Innanzitutto, possiamo parlare della confezione? \u00c8 arrivata in una scatola blu notte assolutamente splendida, con fasi lunari argentate e simboli mistici in rilievo, che mi ha fatto sentire come se avessi aperto una specie di antico libro di incantesimi invece delle lenti a contatto. All'interno, ognuna delle 10 paia \u00e8 sigillata singolarmente nel suo piccolo scomparto, il che non solo \u00e8 super igienico, ma mi fa sentire come se stessi accedendo agli ingredienti di una pozione ogni volta che ne apro una!<\/p>\n<p>Ma il colore. Sono letteralmente ossessionata!!! \u00c8 un marrone profondo e misterioso che ha queste sottili variazioni dimensionali che catturano la luce nel modo pi\u00f9 ipnotico. Non quel marrone piatto, ovviamente finto, che ti fa sembrare una bambola inquietante! Questi hanno una ricchezza multitonale che sembra sorprendentemente naturale, pur dando una grande energia da foresta incantata e spirito. Ho gli occhi naturalmente blu-verdi e la trasformazione \u00e8 COMPLETA: la mia atmosfera cambia nel momento in cui li metto.<\/p>\n<p>Il primo giorno che le ho indossate al mio bar, il mio barista abituale (che vedo OGNI GIORNO) ha letteralmente fatto una doppia faccia e mi ha detto \"c'\u00e8 qualcosa di diverso in te oggi... la tua energia \u00e8 cos\u00ec misteriosa e accattivante?\". Non sto nemmeno esagerando!!! Al terzo giorno di utilizzo, i miei selfie hanno ottenuto 40% di engagement in pi\u00f9 su Instagram. IL POTERE!!!<\/p>\n<p>Sono perfetti per i servizi fotografici autunnali - ho fatto una sessione spontanea nel parco durante l'ora d'oro e il mio amico fotografo non riusciva a capacitarsi di come il marrone catturasse la luce e creasse questa profondit\u00e0 che mi faceva sembrare di avere antichi segreti del bosco. Ma onestamente? Li ho indossati anche per i normali giorni di lavoro, perch\u00e9 mi fanno sentire la versione sicura ed enigmatica di me stessa da cui sono un po' ossessionata.<\/p>\n<p>La confezione da 10 pezzi \u00e8 perfetta perch\u00e9 potete conservarli per le occasioni speciali o semplicemente per una settimana e mezza di fila, come ho fatto io. In ogni caso, preparatevi a lasciare che le persone rimangano completamente ipnotizzate dal vostro sguardo. Non per essere drammatici, ma queste lenti a contatto potrebbero davvero essere incantate?<\/p>","protected":false},"excerpt":{"rendered":"<p>Nocturnal Spirit Brown Contact Lenses (10-Pack) OMG you guys, I literally cannot stop staring at my own eyes in the mirror since I got these Nocturnal Spirit Brown Contact Lenses!!! I&#8217;ve tried like a dozen different colored contacts before but these are NEXT LEVEL magical!!! First, can we talk about the packaging?? It came in [&#8230;]\n","protected":false},"featured_media":2513,"comment_status":"open","ping_status":"closed","template":"","meta":[],"product_brand":[382],"product_cat":[101,91,80,72,100,129],"product_tag":[],"class_list":{"0":"post-2511","1":"product","2":"type-product","3":"status-publish","4":"has-post-thumbnail","6":"product_brand-bqeye","7":"product_cat-natural-contacts","8":"product_cat-14-2-mm","9":"product_cat-brown-contact-lenses","10":"product_cat-contact-lenses-by-color","11":"product_cat-daily-disposable","12":"product_cat-fresh-contacts","14":"first","15":"instock","16":"sale","17":"shipping-taxable","18":"purchasable","19":"product-type-variable","20":"has-default-attributes"},"_links":{"self":[{"href":"https:\/\/bqeye.com\/it\/wp-json\/wp\/v2\/product\/2511","targetHints":{"allow":["GET"]}}],"collection":[{"href":"https:\/\/bqeye.com\/it\/wp-json\/wp\/v2\/product"}],"about":[{"href":"https:\/\/bqeye.com\/it\/wp-json\/wp\/v2\/types\/product"}],"replies":[{"embeddable":true,"href":"https:\/\/bqeye.com\/it\/wp-json\/wp\/v2\/comments?post=2511"}],"wp:featuredmedia":[{"embeddable":true,"href":"https:\/\/bqeye.com\/it\/wp-json\/wp\/v2\/media\/2513"}],"wp:attachment":[{"href":"https:\/\/bqeye.com\/it\/wp-json\/wp\/v2\/media?parent=2511"}],"wp:term":[{"taxonomy":"product_brand","embeddable":true,"href":"https:\/\/bqeye.com\/it\/wp-json\/wp\/v2\/product_brand?post=2511"},{"taxonomy":"product_cat","embeddable":true,"href":"https:\/\/bqeye.com\/it\/wp-json\/wp\/v2\/product_cat?post=2511"},{"taxonomy":"product_tag","embeddable":true,"href":"https:\/\/bqeye.com\/it\/wp-json\/wp\/v2\/product_tag?post=2511"}],"curies":[{"name":"wp","href":"https:\/\/api.w.org\/{rel}","templated":true}]}}