{"id":2514,"date":"2025-03-18T22:13:22","date_gmt":"2025-03-18T14:13:22","guid":{"rendered":"https:\/\/bqeye.com\/?post_type=product&#038;p=2514"},"modified":"2025-03-18T22:21:29","modified_gmt":"2025-03-18T14:21:29","slug":"nocturnal-spirit-green-contact-lenses","status":"publish","type":"product","link":"https:\/\/bqeye.com\/it\/nocturnal-spirit-green-contact-lenses\/","title":{"rendered":"Lenti a contatto verdi Nocturnal Spirit (confezione da 10)"},"content":{"rendered":"<p>o ragazzi!!! Sono letteralmente OSSESSIONATA da queste lenti a contatto Nocturnal Spirit Green e ho bisogno di gridarlo a tutti!!! Ho gi\u00e0 provato tonnellate di lenti a contatto colorate, ma queste sono di un ALTRO LIVELLO di trasformazione magica!!!<\/p>\n<p>Innanzitutto, la confezione \u00e8 TUTTO. \u00c8 contenuta in una splendida scatola blu notte con simboli mistici argentati e fasi lunari, che ti fa sentire come se stessi estraendo un antico manufatto magico al posto delle lenti a contatto. Ciascuna delle 10 paia \u00e8 contenuta in un piccolo scomparto sigillato che non solo le mantiene super igieniche, ma rende l'esperienza ancora pi\u00f9 incantata!<\/p>\n<p>Ma parliamo del colore perch\u00e9 sono scioccata. \u00c8 un verde smeraldo intenso e ipnotico, con sottili variazioni che catturano la luce nel modo pi\u00f9 ipnotico possibile. Non \u00e8 quel verde piatto e palesemente finto che sembra quello delle lenti economiche dei costumi di Halloween! Queste lenti hanno un'incredibile qualit\u00e0 multidimensionale che fa pensare a una foresta incantata. Danno una grande energia da fae del bosco\/creatura magica, pur sembrando in qualche modo ancora credibili e naturali.<\/p>\n<p>Il primo giorno che li ho indossati all'inaugurazione della galleria di una mia amica, TRE diversi sconosciuti si sono avvicinati per chiedermi dei miei occhi! Un ragazzo ha letteralmente detto: \"I tuoi occhi sembrano contenere antichi segreti della foresta\", che \u00e8 ESATTAMENTE l'atmosfera che volevo ottenere!!! Il mio impegno su Instagram \u00e8 letteralmente raddoppiato da quando ho iniziato a postare selfie indossando queste magiche bellezze.<\/p>\n<p>Sono assolutamente PERFETTI per i servizi fotografici nella foresta - ho fatto una sessione al tramonto nel parco e il mio amico fotografo era impazzito per come il verde catturava la luce dell'ora d'oro. Ma onestamente? Li ho indossati anche durante le normali giornate di lavoro perch\u00e9 mi fanno sentire come una versione potente e misteriosa di me stessa, uno spirito dei boschi, da cui sono un po' dipendente.<\/p>\n<p>Avere una confezione da 10 pezzi significa che potete conservarli per le occasioni speciali o semplicemente per una settimana e mezza di fila, come ho fatto io. In ogni caso, preparatevi a far s\u00ec che le persone rimangano completamente MESMERIZZATE dal vostro sguardo. Non per essere drammatici, ma queste lenti a contatto potrebbero contenere una vera magia? Per dire, tutto ci\u00f2 che di buono \u00e8 successo nella mia vita \u00e8 iniziato a succedere dopo averle acquistate!!!<\/p>","protected":false},"excerpt":{"rendered":"<p>ou guys!!! I&#8217;m literally OBSESSED with these Nocturnal Spirit Green Contact Lenses and I need to scream about them to everyone!!! I&#8217;ve tried tons of colored contacts before but these are on a WHOLE OTHER LEVEL of magical transformation!!! First off, the packaging is EVERYTHING. It comes in this gorgeous midnight blue box with silver [&#8230;]\n","protected":false},"featured_media":2517,"comment_status":"open","ping_status":"closed","template":"","meta":[],"product_brand":[382],"product_cat":[77,91,72,100,129,101],"product_tag":[],"class_list":{"0":"post-2514","1":"product","2":"type-product","3":"status-publish","4":"has-post-thumbnail","6":"product_brand-bqeye","7":"product_cat-green-contact-lenses","8":"product_cat-14-2-mm","9":"product_cat-contact-lenses-by-color","10":"product_cat-daily-disposable","11":"product_cat-fresh-contacts","12":"product_cat-natural-contacts","14":"first","15":"instock","16":"sale","17":"shipping-taxable","18":"purchasable","19":"product-type-variable","20":"has-default-attributes"},"_links":{"self":[{"href":"https:\/\/bqeye.com\/it\/wp-json\/wp\/v2\/product\/2514","targetHints":{"allow":["GET"]}}],"collection":[{"href":"https:\/\/bqeye.com\/it\/wp-json\/wp\/v2\/product"}],"about":[{"href":"https:\/\/bqeye.com\/it\/wp-json\/wp\/v2\/types\/product"}],"replies":[{"embeddable":true,"href":"https:\/\/bqeye.com\/it\/wp-json\/wp\/v2\/comments?post=2514"}],"wp:featuredmedia":[{"embeddable":true,"href":"https:\/\/bqeye.com\/it\/wp-json\/wp\/v2\/media\/2517"}],"wp:attachment":[{"href":"https:\/\/bqeye.com\/it\/wp-json\/wp\/v2\/media?parent=2514"}],"wp:term":[{"taxonomy":"product_brand","embeddable":true,"href":"https:\/\/bqeye.com\/it\/wp-json\/wp\/v2\/product_brand?post=2514"},{"taxonomy":"product_cat","embeddable":true,"href":"https:\/\/bqeye.com\/it\/wp-json\/wp\/v2\/product_cat?post=2514"},{"taxonomy":"product_tag","embeddable":true,"href":"https:\/\/bqeye.com\/it\/wp-json\/wp\/v2\/product_tag?post=2514"}],"curies":[{"name":"wp","href":"https:\/\/api.w.org\/{rel}","templated":true}]}}