{"id":2518,"date":"2025-03-18T22:31:33","date_gmt":"2025-03-18T14:31:33","guid":{"rendered":"https:\/\/bqeye.com\/?post_type=product&#038;p=2518"},"modified":"2025-03-18T22:32:53","modified_gmt":"2025-03-18T14:32:53","slug":"nocturnal-spirit-gray-contact-lenses","status":"publish","type":"product","link":"https:\/\/bqeye.com\/it\/nocturnal-spirit-gray-contact-lenses\/","title":{"rendered":"Lenti a contatto grigie Nocturnal Spirit (confezione da 10)"},"content":{"rendered":"<p>OMG ragazzi, non riesco nemmeno a spiegare come queste lenti a contatto Nocturnal Spirit Gray abbiano completamente trasformato la mia atmosfera!!! Ho gi\u00e0 provato tonnellate di lenti a contatto colorate, ma queste sono di un ALTRO LIVELLO di magia misteriosa!!!<\/p>\n<p>Innanzitutto, possiamo parlare della confezione? \u00c8 arrivata in una scatola blu notte assolutamente stupefacente, con fasi lunari argentate e simboli mistici in rilievo, che mi ha fatto sentire come se stessi estraendo qualcosa da un antico regno magico invece che da semplici contatti! Ognuna delle 10 paia \u00e8 sigillata singolarmente nel suo piccolo scomparto protettivo, che non solo \u00e8 super igienico, ma fa sentire l'intera esperienza cos\u00ec premium e speciale!<\/p>\n<p>Ma il colore. Sono letteralmente OSSESSIONATA!!! \u00c8 un grigio intenso, da nube temporalesca, con sottili sfumature argentate e blu che catturano la luce nel modo pi\u00f9 ipnotico possibile. Non \u00e8 quel grigio piatto, ovviamente finto, che d\u00e0 l'impressione di sforzarsi troppo! Questi colori hanno una qualit\u00e0 multidimensionale che sembra sorprendentemente naturale, pur dando una grande energia da spirito invernale con poteri antichi. Sui miei occhi naturalmente castani, hanno creato questa profondit\u00e0 ultraterrena che ha fatto s\u00ec che gli estranei mi fermassero letteralmente per chiedermi dei miei occhi!!!<\/p>\n<p>Il primo giorno che li ho indossati alla mostra d'arte di una mia amica, TRE persone diverse si sono avvicinate per commentare specificamente i miei occhi! Un ragazzo ha letteralmente detto che sembravano \"nuvole temporalesche con fulmini intrappolati all'interno\", che \u00e8 ESATTAMENTE l'atmosfera che volevo ottenere!!! Al terzo giorno di utilizzo, i miei selfie su Instagram hanno ottenuto 50% di engagement in pi\u00f9. NON ESAGERO!!!<\/p>\n<p>Sono assolutamente perfetti per i servizi fotografici invernali - ho fatto una sessione mattutina spontanea nel parco pieno di nebbia e il mio amico fotografo \u00e8 rimasto scioccato da come il grigio ha catturato la luce nebbiosa. Ma onestamente? Li ho indossati anche per i normali appuntamenti al caff\u00e8 e per le riunioni di lavoro, perch\u00e9 mi fanno sentire come la versione potente e misteriosa di me stessa, una dea delle tempeste di cui sono un po' dipendente.<\/p>\n<p>La confezione da 10 pezzi \u00e8 perfetta perch\u00e9 potete conservarli per le occasioni speciali o semplicemente per una settimana e mezza di fila come ho fatto io. In entrambi i casi, preparatevi a far s\u00ec che le persone rimangano completamente MESMERIZZATE dal vostro sguardo. Non per essere drammatica, ma credo che queste lenti a contatto possano contenere un qualche tipo di incantesimo. La mia vita \u00e8 salita di livello da quando ho iniziato a indossarle!!!<\/p>","protected":false},"excerpt":{"rendered":"<p>OMG you guys, I can&#8217;t even begin to explain how these Nocturnal Spirit Gray Contact Lenses have COMPLETELY transformed my entire vibe!!! I&#8217;ve tried tons of colored contacts before but these are on a WHOLE OTHER LEVEL of mysterious magic!!! First, can we talk about the packaging?? It arrived in this absolutely stunning midnight blue [&#8230;]\n","protected":false},"featured_media":2520,"comment_status":"open","ping_status":"closed","template":"","meta":[],"product_brand":[382],"product_cat":[81,91,72,100,129,101],"product_tag":[],"class_list":{"0":"post-2518","1":"product","2":"type-product","3":"status-publish","4":"has-post-thumbnail","6":"product_brand-bqeye","7":"product_cat-grey-contact-lenses","8":"product_cat-14-2-mm","9":"product_cat-contact-lenses-by-color","10":"product_cat-daily-disposable","11":"product_cat-fresh-contacts","12":"product_cat-natural-contacts","14":"first","15":"instock","16":"sale","17":"shipping-taxable","18":"purchasable","19":"product-type-variable","20":"has-default-attributes"},"_links":{"self":[{"href":"https:\/\/bqeye.com\/it\/wp-json\/wp\/v2\/product\/2518","targetHints":{"allow":["GET"]}}],"collection":[{"href":"https:\/\/bqeye.com\/it\/wp-json\/wp\/v2\/product"}],"about":[{"href":"https:\/\/bqeye.com\/it\/wp-json\/wp\/v2\/types\/product"}],"replies":[{"embeddable":true,"href":"https:\/\/bqeye.com\/it\/wp-json\/wp\/v2\/comments?post=2518"}],"wp:featuredmedia":[{"embeddable":true,"href":"https:\/\/bqeye.com\/it\/wp-json\/wp\/v2\/media\/2520"}],"wp:attachment":[{"href":"https:\/\/bqeye.com\/it\/wp-json\/wp\/v2\/media?parent=2518"}],"wp:term":[{"taxonomy":"product_brand","embeddable":true,"href":"https:\/\/bqeye.com\/it\/wp-json\/wp\/v2\/product_brand?post=2518"},{"taxonomy":"product_cat","embeddable":true,"href":"https:\/\/bqeye.com\/it\/wp-json\/wp\/v2\/product_cat?post=2518"},{"taxonomy":"product_tag","embeddable":true,"href":"https:\/\/bqeye.com\/it\/wp-json\/wp\/v2\/product_tag?post=2518"}],"curies":[{"name":"wp","href":"https:\/\/api.w.org\/{rel}","templated":true}]}}