{"id":2539,"date":"2025-05-19T21:02:43","date_gmt":"2025-05-19T13:02:43","guid":{"rendered":"https:\/\/bqeye.com\/?post_type=product&#038;p=2539"},"modified":"2025-05-19T21:07:04","modified_gmt":"2025-05-19T13:07:04","slug":"solo-hazel-brown-contact-lenses","status":"publish","type":"product","link":"https:\/\/bqeye.com\/it\/solo-hazel-brown-contact-lenses\/","title":{"rendered":"Lenti a contatto Solo Hazel Brown (10 PCS)"},"content":{"rendered":"<h1>Incantevoli lenti a contatto Solo Hazel Brown: Rivela il tuo fascino naturale!<\/h1>\n<h2>Il fascino accattivante delle lenti a contatto Hazel Brown<\/h2>\n<p>Scoprite la sottile trasformazione con il nostro <strong>Lenti a contatto Solo Hazel Brown<\/strong>! Questi notevoli <strong>Lenti a contatto marrone nocciola<\/strong> esaltano lo sguardo con una miscela multidimensionale di marrone caldo e sottotono verde-oro che si adatta perfettamente a ogni colore di occhi. Il marrone nocciola dall'aspetto naturale crea un effetto sottilmente sorprendente e intrigantemente unico. Quando si indossano questi <strong>Contatti per occhi marrone nocciola<\/strong>I vostri occhi si animano di una ricca complessit\u00e0, catturando la luce con macchie dorate e una profondit\u00e0 terrosa che rende il vostro sguardo impossibile da dimenticare.<\/p>\n<p>La splendida tonalit\u00e0 di queste lenti evoca le foreste autunnali con la luce del sole che filtra attraverso le foglie. Sugli occhi scuri, creano una delicata trasformazione che aggiunge una dimensione affascinante e un calore dorato. Per gli occhi pi\u00f9 chiari, queste <strong>Lenti a contatto per occhi marrone nocciola<\/strong> esaltano il vostro colore naturale con una profondit\u00e0 sfaccettata che rende il vostro sguardo pi\u00f9 espressivo e accattivante! Il risultato \u00e8 perfettamente equilibrato: abbastanza naturale da apparire autentico, abbastanza unico da suscitare autentici complimenti.<\/p>\n<h2>I preferiti degli influencer<\/h2>\n<p><strong>NaturalGlow<\/strong> (1,3 milioni di follower): \"Queste lenti Solo Hazel Brown sono incredibili per creare contenuti che sembrino autentici ma elevati! La dimensione del colore fotografa magnificamente!\".<\/p>\n<p><strong>TerraEleganza<\/strong> (760.000 follower): \"Il mio pubblico mi chiede sempre dei miei occhi quando indosso queste lenti a contatto color nocciola. Sembrano completamente naturali pur aggiungendo quel qualcosa di speciale!\".<\/p>\n<p><strong>Bellezza sottile<\/strong> (1,8 milioni di follower): \"Dopo aver provato innumerevoli lenti colorate, queste Hazel Brown sono diventate il mio must quotidiano. Il comfort e il colore multidimensionale sono impareggiabili!\".<\/p>\n<h2>Esperienze dei clienti<\/h2>\n<p>\"Queste lenti color nocciola hanno dato ai miei occhi marroni il perfetto e sottile miglioramento! Le macchie dorate catturano la luce in modo meraviglioso!\". - Sophia, 27 anni<\/p>\n<p>\"Cercavo qualcosa che valorizzasse i miei occhi verdi senza sembrare finto. Queste lenti marrone nocciola sono la perfezione assoluta!\". - Giacomo, 31 anni<\/p>\n<p>\"Come persona che apprezza la bellezza sobria, queste lenti sono il complemento ideale per il mio stile naturale\". - Emma, 29 anni<\/p>\n<p>\"Queste lenti sono state perfette per le mie foto di fidanzamento: hanno valorizzato i miei occhi con una bella dimensione senza sembrare artificiali\". - Michael, 32 anni<\/p>\n<h2>Come abbinare le lenti a contatto marrone nocciola<\/h2>\n<p>Il tuo <strong>Lenti a contatto Solo Hazel Brown<\/strong> sono un'esaltazione di stile versatile per innumerevoli look! Per la raffinatezza di tutti i giorni, abbinateli a un trucco minimalista: basta il mascara e un tocco di fard perch\u00e9 i toni nocciola multidimensionali diventino il vostro tratto distintivo.<\/p>\n<p>Per un'eleganza serale, questi <strong>Lenti a contatto per occhi marrone nocciola<\/strong> creano una magia se abbinati a ombretti dai toni caldi, rame, bronzo o oliva, che ne completano la complessa colorazione. L'armonia tra il trucco e il marrone nocciola crea un look coeso, perfetto per le cene romantiche, gli incontri autunnali o ogni volta che si desidera un aspetto naturalmente migliorato!<\/p>\n<p>Queste lenti sono particolarmente belle per la fotografia all'aperto, la moda autunnale e l'estetica naturale. Immaginate come il ricco color nocciola completer\u00e0 gli abiti dai toni della terra o creer\u00e0 una bella dimensione contro gli abiti dai toni gioiello! I fotografi apprezzano il fatto che questi <strong>Lenti a contatto marrone nocciola<\/strong> creare ritratti con complessit\u00e0 e profondit\u00e0 autentiche, esaltando le caratteristiche naturali e aggiungendo una dimensione affascinante.<\/p>\n<h2>Provate oggi stesso la trasformazione di Hazel Brown!<\/h2>\n<p>Perch\u00e9 scegliere tra la delicatezza e l'impatto quando i vostri occhi possono incarnare entrambe le cose con <strong>Lenti a contatto marrone nocciola<\/strong>? La sensazione di comfort, il colore multidimensionale e le versatili possibilit\u00e0 di styling li rendono perfetti per chiunque voglia esaltare la propria bellezza naturale con un tocco di complessit\u00e0 nocciola.<\/p>\n<p>Sia che si tratti di perfezionare l'aspetto quotidiano, sia che si tratti di prepararsi per fotografie speciali o semplicemente di provare la sicurezza di un occhio marrone nocciola migliorato, questi <strong>Contatti per occhi marrone nocciola<\/strong> offrono il perfetto equilibrio tra valorizzazione e autenticit\u00e0. Sentite la differenza quando il vostro sguardo trasmette profondit\u00e0 e interesse in ogni interazione!<\/p>\n<p>Pronte a sperimentare la trasformazione del marrone nocciola? Elevate il vostro look oggi stesso e scoprite perch\u00e9 questi incantevoli <strong>Lenti a contatto Solo Hazel Brown<\/strong> sono diventati la scelta essenziale per creare impressioni davvero accattivanti e naturali. I vostri occhi meritano questo tocco di eleganza multidimensionale!<\/p>","protected":false},"excerpt":{"rendered":"<p>Enchanting Solo Hazel Brown Contact Lenses: Reveal Your Natural Mystique! The Captivating Charm of Hazel Brown Contact Lenses Discover subtle transformation with our Solo Hazel Brown Contact Lenses! These remarkable Hazel Brown Contact Lenses enhance your gaze with a multidimensional blend of warm brown and golden-green undertones that work beautifully with every eye color. The [&#8230;]\n","protected":false},"featured_media":2541,"comment_status":"open","ping_status":"closed","template":"","meta":[],"product_brand":[382],"product_cat":[158,92,80,72,100,101],"product_tag":[],"class_list":{"0":"post-2539","1":"product","2":"type-product","3":"status-publish","4":"has-post-thumbnail","6":"product_brand-bqeye","7":"product_cat-enlarge-contacts","8":"product_cat-14-5-mm","9":"product_cat-brown-contact-lenses","10":"product_cat-contact-lenses-by-color","11":"product_cat-daily-disposable","12":"product_cat-natural-contacts","14":"first","15":"instock","16":"sale","17":"shipping-taxable","18":"purchasable","19":"product-type-variable","20":"has-default-attributes"},"_links":{"self":[{"href":"https:\/\/bqeye.com\/it\/wp-json\/wp\/v2\/product\/2539","targetHints":{"allow":["GET"]}}],"collection":[{"href":"https:\/\/bqeye.com\/it\/wp-json\/wp\/v2\/product"}],"about":[{"href":"https:\/\/bqeye.com\/it\/wp-json\/wp\/v2\/types\/product"}],"replies":[{"embeddable":true,"href":"https:\/\/bqeye.com\/it\/wp-json\/wp\/v2\/comments?post=2539"}],"wp:featuredmedia":[{"embeddable":true,"href":"https:\/\/bqeye.com\/it\/wp-json\/wp\/v2\/media\/2541"}],"wp:attachment":[{"href":"https:\/\/bqeye.com\/it\/wp-json\/wp\/v2\/media?parent=2539"}],"wp:term":[{"taxonomy":"product_brand","embeddable":true,"href":"https:\/\/bqeye.com\/it\/wp-json\/wp\/v2\/product_brand?post=2539"},{"taxonomy":"product_cat","embeddable":true,"href":"https:\/\/bqeye.com\/it\/wp-json\/wp\/v2\/product_cat?post=2539"},{"taxonomy":"product_tag","embeddable":true,"href":"https:\/\/bqeye.com\/it\/wp-json\/wp\/v2\/product_tag?post=2539"}],"curies":[{"name":"wp","href":"https:\/\/api.w.org\/{rel}","templated":true}]}}