{"id":636,"date":"2023-09-10T09:04:32","date_gmt":"2023-09-10T09:04:32","guid":{"rendered":"https:\/\/bqeye.com\/?post_type=product&#038;p=636"},"modified":"2024-04-18T02:23:13","modified_gmt":"2024-04-18T02:23:13","slug":"bqeye-himalaya-brown-colored-contact-lenses","status":"publish","type":"product","link":"https:\/\/bqeye.com\/it\/bqeye-himalaya-brown-colored-contact-lenses\/","title":{"rendered":"Lenti a contatto colorate marroni BQeye Himalaya"},"content":{"rendered":"<div>Come professionista del trucco, il mio obiettivo \u00e8 aiutare le donne non solo a valorizzare la loro bellezza naturale, ma anche a sentirsi sicure di s\u00e9 dall'interno. Ecco perch\u00e9 sono entusiasta dell'ultimo prodotto di BQeye: le lenti a contatto colorate Himalaya Brown.<\/div>\n<div><\/div>\n<div>Questa ricca tonalit\u00e0 cioccolato \u00e8 stata creata per incanalare le energie ristoratrici delle maestose catene dell'Himalaya. Sia che si scelga di esaltare i toni caldi dell'iride, sia che si opti per una trasformazione accattivante, Himalaya Brown avvolge gli occhi in un'aura rilassante e termale.<\/div>\n<div><\/div>\n<div>Durante le prove, sono rimasta colpita dal modo in cui solleva e definisce gli occhi di qualsiasi forma e viso. Inoltre, le sue propriet\u00e0 ipoallergeniche prevengono gli inestetismi che altrimenti potrebbero smorzare l'umore.<\/div>\n<div><\/div>\n<div>Molte donne hanno notato una sensazione di calma centrata semplicemente indossando questa lente. La sottile cromoterapia che fornisce ha creato un reale impatto sul benessere, aumentando la fiducia in se stesse.<\/div>\n<div><\/div>\n<div>Come artista, vedere come una cosa semplice come il colore degli occhi possa cambiare il comportamento \u00e8 stato fonte di ispirazione. BQeye Himalaya Brown dimostra che la bellezza pu\u00f2 sia stilizzare l'aspetto che sollevare lo spirito. Sono entusiasta di offrire questa lente innovativa che permette alle donne di sentirsi e apparire al meglio\".<\/div>","protected":false},"excerpt":{"rendered":"<p>As a makeup professional, my goal is to help women not only enhance their natural beauty, but feel confident from the inside out. That&#8217;s why I&#8217;m so excited about BQeye&#8217;s latest product &#8211; the Himalaya Brown Colored Contact Lenses. This rich chocolate hue was crafted to channel the restorative energies of the majestic Himalayan ranges. [&#8230;]\n","protected":false},"featured_media":642,"comment_status":"open","ping_status":"closed","template":"","meta":[],"product_brand":[],"product_cat":[102,91,80,96,98],"product_tag":[],"class_list":{"0":"post-636","1":"product","2":"type-product","3":"status-publish","4":"has-post-thumbnail","6":"product_cat-himalaya","7":"product_cat-14-2-mm","8":"product_cat-brown-contact-lenses","9":"product_cat-non-prescription","10":"product_cat-yearly-disposable","12":"first","13":"instock","14":"sale","15":"shipping-taxable","16":"purchasable","17":"product-type-variable","18":"has-default-attributes"},"_links":{"self":[{"href":"https:\/\/bqeye.com\/it\/wp-json\/wp\/v2\/product\/636","targetHints":{"allow":["GET"]}}],"collection":[{"href":"https:\/\/bqeye.com\/it\/wp-json\/wp\/v2\/product"}],"about":[{"href":"https:\/\/bqeye.com\/it\/wp-json\/wp\/v2\/types\/product"}],"replies":[{"embeddable":true,"href":"https:\/\/bqeye.com\/it\/wp-json\/wp\/v2\/comments?post=636"}],"wp:featuredmedia":[{"embeddable":true,"href":"https:\/\/bqeye.com\/it\/wp-json\/wp\/v2\/media\/642"}],"wp:attachment":[{"href":"https:\/\/bqeye.com\/it\/wp-json\/wp\/v2\/media?parent=636"}],"wp:term":[{"taxonomy":"product_brand","embeddable":true,"href":"https:\/\/bqeye.com\/it\/wp-json\/wp\/v2\/product_brand?post=636"},{"taxonomy":"product_cat","embeddable":true,"href":"https:\/\/bqeye.com\/it\/wp-json\/wp\/v2\/product_cat?post=636"},{"taxonomy":"product_tag","embeddable":true,"href":"https:\/\/bqeye.com\/it\/wp-json\/wp\/v2\/product_tag?post=636"}],"curies":[{"name":"wp","href":"https:\/\/api.w.org\/{rel}","templated":true}]}}