{"id":719,"date":"2023-09-11T08:13:12","date_gmt":"2023-09-11T08:13:12","guid":{"rendered":"https:\/\/bqeye.com\/?post_type=product&#038;p=719"},"modified":"2024-04-18T02:23:02","modified_gmt":"2024-04-18T02:23:02","slug":"bqeye-polar-lights-yellow-green-colored-contact-lenses","status":"publish","type":"product","link":"https:\/\/bqeye.com\/it\/bqeye-polar-lights-yellow-green-colored-contact-lenses\/","title":{"rendered":"Lenti a contatto colorate BQeye Polar Lights Giallo Verde"},"content":{"rendered":"<p>Incanalate le affascinanti sfumature dell'aurora boreale con le lenti a contatto colorate Polar Lights Yellow Green di BQeye.<\/p>\n<p>Ispirata ai radiosi spettacoli dell'Aurora Boreale, questa vivace tonalit\u00e0 giallo-verde imita i vividi colori danzanti che illuminano i cieli artici. Sia che si tratti di una tonalit\u00e0 pi\u00f9 calda, sia che si opti per una trasformazione accattivante, le lenti a contatto colorate Polar Lights Yellow Green immergono gli occhi in una brillantezza luminosa.<\/p>\n<p>Realizzate con il nostro materiale specializzato Hydralens, queste lenti a contatto offrono un'illusione di vivacit\u00e0 per tutto il giorno, tanto sorprendente quanto confortevole. L'innovativa formula protegge inoltre gli occhi da secchezza o irritazione, in modo che chi le indossa possa concentrarsi sul suo nuovo sguardo ipnotico.<\/p>\n<p>Durante le prove, i complimenti si sono moltiplicati per la \"bellezza ultraterrena\" degli occhi accattivanti. Chi li indossava diceva di sentirsi misteriosamente incantevole, come l'aurora boreale stessa.<\/p>\n<p>Lasciate che le lenti a contatto colorate BQeye Polar Lights Yellow Green vi trasportino ogni giorno in nuove e vivaci dimensioni di colore. Aggiungete un tocco di fascino magico a ogni look con lenti mozzafiato e indimenticabili come il pi\u00f9 grande spettacolo della natura.<\/p>","protected":false},"excerpt":{"rendered":"<p>Channel the captivating hues of the Northern Lights with BQeye&#8217;s Polar Lights Yellow Green colored contact lenses. Drawing from the radiant Aurora Borealis displays, this lively yellow-green shade mimics the vivid dancing colors that illuminate Arctic skies. Whether playing up warmer undertones or opting for an eye-catching transformation, Polar Lights Yellow Green colored contact lenses [&#8230;]\n","protected":false},"featured_media":726,"comment_status":"open","ping_status":"closed","template":"","meta":[],"product_brand":[],"product_cat":[106,91,77,96,98],"product_tag":[],"class_list":{"0":"post-719","1":"product","2":"type-product","3":"status-publish","4":"has-post-thumbnail","6":"product_cat-polar-lights","7":"product_cat-14-2-mm","8":"product_cat-green-contact-lenses","9":"product_cat-non-prescription","10":"product_cat-yearly-disposable","12":"first","13":"instock","14":"sale","15":"shipping-taxable","16":"purchasable","17":"product-type-variable","18":"has-default-attributes"},"_links":{"self":[{"href":"https:\/\/bqeye.com\/it\/wp-json\/wp\/v2\/product\/719","targetHints":{"allow":["GET"]}}],"collection":[{"href":"https:\/\/bqeye.com\/it\/wp-json\/wp\/v2\/product"}],"about":[{"href":"https:\/\/bqeye.com\/it\/wp-json\/wp\/v2\/types\/product"}],"replies":[{"embeddable":true,"href":"https:\/\/bqeye.com\/it\/wp-json\/wp\/v2\/comments?post=719"}],"wp:featuredmedia":[{"embeddable":true,"href":"https:\/\/bqeye.com\/it\/wp-json\/wp\/v2\/media\/726"}],"wp:attachment":[{"href":"https:\/\/bqeye.com\/it\/wp-json\/wp\/v2\/media?parent=719"}],"wp:term":[{"taxonomy":"product_brand","embeddable":true,"href":"https:\/\/bqeye.com\/it\/wp-json\/wp\/v2\/product_brand?post=719"},{"taxonomy":"product_cat","embeddable":true,"href":"https:\/\/bqeye.com\/it\/wp-json\/wp\/v2\/product_cat?post=719"},{"taxonomy":"product_tag","embeddable":true,"href":"https:\/\/bqeye.com\/it\/wp-json\/wp\/v2\/product_tag?post=719"}],"curies":[{"name":"wp","href":"https:\/\/api.w.org\/{rel}","templated":true}]}}