{"id":943,"date":"2023-09-12T08:39:25","date_gmt":"2023-09-12T08:39:25","guid":{"rendered":"https:\/\/bqeye.com\/?post_type=product&#038;p=943"},"modified":"2024-04-18T02:21:52","modified_gmt":"2024-04-18T02:21:52","slug":"bqeye-elf-purple-colored-contact-lenses","status":"publish","type":"product","link":"https:\/\/bqeye.com\/it\/bqeye-elf-purple-colored-contact-lenses\/","title":{"rendered":"BQeye ELF Lenti a contatto colorate viola"},"content":{"rendered":"<p>Lanciate uno sguardo ammaliante con le incantevoli lenti a contatto colorate ELF Purple di BQeye. La nostra luminosa miscela di ametista e prugna risveglia gli occhi con un fascino ultraterreno.<\/p>\n<p>Pi\u00f9 che un semplice viola, ELF aggiunge riflessi color pesca e sottotoni rosati per un magico effetto multidimensionale. Come catturare le luci delle fate che danzano nel crepuscolo, queste lenti a contatto colorate esaltano la bellezza naturale dall'interno.<\/p>\n<p>Realizzate dai nostri maestri delle lenti colorate, le ELF Purple si muovono impercettibilmente sugli occhi. La tecnologia HydraMatrixTM le mantiene ultra-idratate per permettervi di lanciare il vostro incantesimo tutto il giorno in tutta comodit\u00e0. Ora i segreti della foresta sono tutti da scoprire.<\/p>\n<p>Lasciate che ELF elevi il vostro fascino con un nuovo look affascinante. Le montature specializzate di BQeye assicurano un adattamento perfetto per accentuare il vostro splendore mistico. Che siano audaci o sottili, queste lenti permettono una vera espressione di s\u00e9.<\/p>\n<p>Liberate la fata che \u00e8 in voi con le lenti a contatto colorate BQeye ELF Purple. Scoprite come la nostra rinomata collezione di lenti pu\u00f2 far emergere la vostra essenza carismatica. \u00c8 il momento di illuminare il prossimo incantesimo del destino visto con occhi di fata colorati di rosa. La magia \u00e8 appena iniziata.<\/p>","protected":false},"excerpt":{"rendered":"<p>Cast a spellbinding gaze with BQeye&#8217;s enchanting ELF Purple colored contact lenses. Ourluminous amethyst and plum blend awakens eyes with an otherworldly allure. More than a simple purple, ELF imbues peachy highlights and pinky undertones for a magical multi-dimensional effect. Like catching faerie lights dancing amidst the dusk, these colorful contact lenses enhance natural beauty [&#8230;]\n","protected":false},"featured_media":951,"comment_status":"open","ping_status":"closed","template":"","meta":[],"product_brand":[],"product_cat":[217,92,96,82,98],"product_tag":[],"class_list":{"0":"post-943","1":"product","2":"type-product","3":"status-publish","4":"has-post-thumbnail","6":"product_cat-elf","7":"product_cat-14-5-mm","8":"product_cat-non-prescription","9":"product_cat-purple-contact-lenses","10":"product_cat-yearly-disposable","12":"first","13":"instock","14":"sale","15":"shipping-taxable","16":"purchasable","17":"product-type-variable","18":"has-default-attributes"},"_links":{"self":[{"href":"https:\/\/bqeye.com\/it\/wp-json\/wp\/v2\/product\/943","targetHints":{"allow":["GET"]}}],"collection":[{"href":"https:\/\/bqeye.com\/it\/wp-json\/wp\/v2\/product"}],"about":[{"href":"https:\/\/bqeye.com\/it\/wp-json\/wp\/v2\/types\/product"}],"replies":[{"embeddable":true,"href":"https:\/\/bqeye.com\/it\/wp-json\/wp\/v2\/comments?post=943"}],"wp:featuredmedia":[{"embeddable":true,"href":"https:\/\/bqeye.com\/it\/wp-json\/wp\/v2\/media\/951"}],"wp:attachment":[{"href":"https:\/\/bqeye.com\/it\/wp-json\/wp\/v2\/media?parent=943"}],"wp:term":[{"taxonomy":"product_brand","embeddable":true,"href":"https:\/\/bqeye.com\/it\/wp-json\/wp\/v2\/product_brand?post=943"},{"taxonomy":"product_cat","embeddable":true,"href":"https:\/\/bqeye.com\/it\/wp-json\/wp\/v2\/product_cat?post=943"},{"taxonomy":"product_tag","embeddable":true,"href":"https:\/\/bqeye.com\/it\/wp-json\/wp\/v2\/product_tag?post=943"}],"curies":[{"name":"wp","href":"https:\/\/api.w.org\/{rel}","templated":true}]}}